{"id":10,"date":"2023-12-14T17:01:00","date_gmt":"2023-12-14T17:01:00","guid":{"rendered":"https:\/\/cimentaterra.es\/?page_id=10"},"modified":"2024-04-19T13:01:53","modified_gmt":"2024-04-19T11:01:53","slug":"politica-de-privacidad","status":"publish","type":"page","link":"https:\/\/cimentaterra.es\/ca\/politica-de-privacidad\/","title":{"rendered":"Pol\u00edtica de privadesa"},"content":{"rendered":"<style>.kb-row-layout-id10_dde126-80 > .kt-row-column-wrap{align-content:start;}:where(.kb-row-layout-id10_dde126-80 > .kt-row-column-wrap) > .wp-block-kadence-column{justify-content:start;}.kb-row-layout-id10_dde126-80 > .kt-row-column-wrap{column-gap:var(--global-kb-gap-lg, 4rem);row-gap:var(--global-kb-gap-md, 2rem);padding-top:0px;padding-bottom:var(--global-kb-spacing-lg, 3rem);grid-template-columns:minmax(0, calc(25% - ((var(--global-kb-gap-lg, 4rem) * 1 )\/2)))minmax(0, calc(75% - ((var(--global-kb-gap-lg, 4rem) * 1 )\/2)));}.kb-row-layout-id10_dde126-80 > .kt-row-layout-overlay{opacity:0.30;}@media all and (max-width: 1024px){.kb-row-layout-id10_dde126-80 > .kt-row-column-wrap{grid-template-columns:minmax(0, 1fr) minmax(0, 2fr);}}@media all and (max-width: 767px){.kb-row-layout-id10_dde126-80 > .kt-row-column-wrap{grid-template-columns:minmax(0, 1fr);}.kb-row-layout-id10_dde126-80 > .kt-row-column-wrap > .wp-block-kadence-column:nth-child(1 of *:not(style)){order:2;}.kb-row-layout-id10_dde126-80 > .kt-row-column-wrap > .wp-block-kadence-column:nth-child(2 of *:not(style)){order:1;}.kb-row-layout-id10_dde126-80 > .kt-row-column-wrap > .wp-block-kadence-column:nth-child(3 of *:not(style)){order:12;}.kb-row-layout-id10_dde126-80 > .kt-row-column-wrap > .wp-block-kadence-column:nth-child(4 of *:not(style)){order:11;}.kb-row-layout-id10_dde126-80 > .kt-row-column-wrap > .wp-block-kadence-column:nth-child(5 of *:not(style)){order:22;}.kb-row-layout-id10_dde126-80 > .kt-row-column-wrap > .wp-block-kadence-column:nth-child(6 of *:not(style)){order:21;}.kb-row-layout-id10_dde126-80 > .kt-row-column-wrap > .wp-block-kadence-column:nth-child(7 of *:not(style)){order:32;}.kb-row-layout-id10_dde126-80 > .kt-row-column-wrap > .wp-block-kadence-column:nth-child(8 of *:not(style)){order:31;}}<\/style><div class=\"kb-row-layout-wrap kb-row-layout-id10_dde126-80 alignnone wp-block-kadence-rowlayout\"><div class=\"kt-row-column-wrap kt-has-2-columns kt-row-layout-right-golden kt-tab-layout-inherit kt-mobile-layout-row kt-row-valign-top\">\n<style>#wrapper.site{overflow:clip;}.kadence-column10_e49501-7b{--kb-section-setting-offset:140px;}.kadence-column10_e49501-7b > .kt-inside-inner-col,.kadence-column10_e49501-7b > .kt-inside-inner-col:before{border-top-left-radius:0px;border-top-right-radius:0px;border-bottom-right-radius:0px;border-bottom-left-radius:0px;}.kadence-column10_e49501-7b > .kt-inside-inner-col{column-gap:var(--global-kb-gap-sm, 1rem);}.kadence-column10_e49501-7b > .kt-inside-inner-col{flex-direction:column;}.kadence-column10_e49501-7b > .kt-inside-inner-col > .aligncenter{width:100%;}.kadence-column10_e49501-7b > .kt-inside-inner-col:before{opacity:0.3;}.kadence-column10_e49501-7b{position:relative;}@media all and (max-width: 1024px){.kadence-column10_e49501-7b > .kt-inside-inner-col{flex-direction:column;justify-content:center;}}@media all and (max-width: 767px){.kadence-column10_e49501-7b > .kt-inside-inner-col{flex-direction:column;justify-content:center;}}<\/style>\n<div class=\"wp-block-kadence-column kadence-column10_e49501-7b kb-section-is-sticky\"><div class=\"kt-inside-inner-col\"><div class=\"wp-block-navigation\"><ul class=\"wp-block-navigation__container is-vertical wp-block-navigation\" style=\"gap: 0.5rem;\"><li class=\"wp-block-navigation-item wp-block-navigation-link\"><a class=\"wp-block-navigation-item__content\" href=\"https:\/\/cimentaterra.es\/ca\/aviso-legal\/\">Av\u00eds legal<\/a><\/li><li class=\"wp-block-navigation-item wp-block-navigation-link\"><a class=\"wp-block-navigation-item__content\" href=\"https:\/\/cimentaterra.es\/ca\/politica-de-privacidad\/\">Pol\u00edtica de privadesa<\/a><\/li><li class=\"wp-block-navigation-item wp-block-navigation-link\"><a class=\"wp-block-navigation-item__content\" href=\"https:\/\/cimentaterra.es\/ca\/politica-de-cookies\/\">Pol\u00edtica de cookies<\/a><\/li><li class=\"wp-block-navigation-item wp-block-navigation-link\"><a class=\"wp-block-navigation-item__content\" href=\"https:\/\/cimentaterra.es\/ca\/declaracion-de-accesibilidad\/\">Declaraci\u00f3 d&#039;accessibilitat<\/a><\/li><li class=\"wp-block-navigation-item wp-block-navigation-link\"><a class=\"wp-block-navigation-item__content\" href=\"https:\/\/cimentaterra.es\/ca\/mapa-web\/\">Mapa web<\/a><\/li><\/ul><\/div>\n<\/div><\/div>\n\n\n<style>.kadence-column10_ac5c01-1d > .kt-inside-inner-col,.kadence-column10_ac5c01-1d > .kt-inside-inner-col:before{border-top-left-radius:0px;border-top-right-radius:0px;border-bottom-right-radius:0px;border-bottom-left-radius:0px;}.kadence-column10_ac5c01-1d > .kt-inside-inner-col{column-gap:var(--global-kb-gap-sm, 1rem);}.kadence-column10_ac5c01-1d > .kt-inside-inner-col{flex-direction:column;}.kadence-column10_ac5c01-1d > .kt-inside-inner-col > .aligncenter{width:100%;}.kadence-column10_ac5c01-1d > .kt-inside-inner-col:before{opacity:0.3;}.kadence-column10_ac5c01-1d{position:relative;}@media all and (max-width: 1024px){.kadence-column10_ac5c01-1d > .kt-inside-inner-col{flex-direction:column;justify-content:center;}}@media all and (max-width: 767px){.kadence-column10_ac5c01-1d > .kt-inside-inner-col{flex-direction:column;justify-content:center;}}<\/style>\n<div class=\"wp-block-kadence-column kadence-column10_ac5c01-1d\"><div class=\"kt-inside-inner-col\">\n<h2 class=\"wp-block-heading\">1.- Informaci\u00f3 a l&#039;usuari<\/h2>\n\n\n\n<p>El lloc web informa els usuaris del lloc web sobre la seva pol\u00edtica respecte al tractament i la protecci\u00f3 de les dades de car\u00e0cter personal dels usuaris i clients que puguin ser sol\u00b7licitats per la navegaci\u00f3 a trav\u00e9s del seu lloc web.<\/p>\n\n\n\n<p>El lloc web \u00e9s el Responsable del tractament de les dades personals de l&#039;usuari, per la qual cosa se us facilita la seg\u00fcent informaci\u00f3 referent al tractament de les vostres dades:<\/p>\n\n\n\n<p><strong>Criteris de conservaci\u00f3 de les dades<\/strong>&nbsp;: Les dades personals proporcionades es conservaran fins que no se sol\u00b7liciti la suspensi\u00f3 per part de l&#039;interessat, exercint els seus drets sobre les dades, i en qualsevol cas en compliment de terminis legals de prescripci\u00f3 que li siguin aplicables.<\/p>\n\n\n\n<p><strong>Drets dels interessats<\/strong>&nbsp;:<\/p>\n\n\n\n<ul class=\"wp-block-list\">\n<li>Dret a retirar-ne el consentiment en qualsevol moment.<\/li>\n\n\n\n<li>Dret d&#039;acc\u00e9s, rectificaci\u00f3, supressi\u00f3, portabilitat de les vostres dades ia la limitaci\u00f3 o oposici\u00f3 del vostre tractament, aix\u00ed com no ser objecte de decisions individuals automatitzades.<\/li>\n<\/ul>\n\n\n\n<p><strong>Dades de contacte per exercir els vostres drets<\/strong>&nbsp;:<\/p>\n\n\n\n<p>Cal identificar degudament i sol\u00b7licitar clarament el dret dexercir.<\/p>\n\n\n\n<ul class=\"wp-block-list\">\n<li>Web: www.cimenterra.es<\/li>\n\n\n\n<li>Nom: CIMENTATERRA SL<\/li>\n\n\n\n<li>CIF: B-05560438<\/li>\n\n\n\n<li>Adre\u00e7a: Pza. de les Flors,de les Flors, 11, 2, 1\u00baC, 30820, Claveguera (M\u00farcia) <\/li>\n\n\n\n<li>Tel\u00e8fon: 622 818 707<\/li>\n\n\n\n<li>Mail: cimentaterra@gmail.com<\/li>\n<\/ul>\n\n\n\n<h2 class=\"wp-block-heading\">2.- Informaci\u00f3 facilitada per l&#039;usuari<\/h2>\n\n\n\n<p>Si \u00e9s menor de 18 anys no es permet l&#039;\u00fas de formularis a la nostra web.<\/p>\n\n\n\n<p>Els Usuaris, introduint les seves dades als formularis de contacte o presentats en formularis de desc\u00e0rrega, accepten expressament i de forma lliure i inequ\u00edvoca, que les seves dades s\u00f3n necess\u00e0ries per atendre la seva petici\u00f3, per part del Responsable, sent volunt\u00e0ria la inclusi\u00f3 de dades als camps restants.<\/p>\n\n\n\n<p>L&#039;Usuari garanteix que les dades personals facilitades s\u00f3n veraces i es fa responsable de comunicar qualsevol modificaci\u00f3.<\/p>\n\n\n\n<p>Totes les dades sol\u00b7licitades a trav\u00e9s del lloc web s\u00f3n necess\u00e0ries per prestar un servei \u00f2ptim a l&#039;Usuari. En cas que no siguin facilitades totes les dades, no es garanteix que la informaci\u00f3 i els serveis que El Responsable li faciliti, siguin completament ajustats a les seves necessitats.<\/p>\n\n\n\n<h2 class=\"wp-block-heading\">3.- Mesures de seguretat<\/h2>\n\n\n\n<p>Que de conformitat amb el que disposen les normatives vigents en mat\u00e8ria de protecci\u00f3 de dades personals, El Responsable est\u00e0 complint totes les disposicions de les normatives RGPD i LOPD per al tractament de les dades personals de la seva responsabilitat, les quals s\u00f3n tractades de forma l\u00edcita , lleial i transparent en relaci\u00f3 amb linteressat i adequats, pertinents i limitats al necessari en relaci\u00f3 amb els fins per als quals s\u00f3n tractats.<\/p>\n\n\n\n<p>El Responsable garanteix que ha implementat pol\u00edtiques t\u00e8cniques i organitzatives apropiades per aplicar les mesures de seguretat que estableixen el RGPD i la LOPD per protegir els drets i les llibertats dels Usuaris i els ha comunicat la informaci\u00f3 adequada perqu\u00e8 puguin exercir-los.<\/p>\n\n\n\n<h2 class=\"wp-block-heading\">4.- Bretxes de seguretat<\/h2>\n\n\n\n<p>El Responsable informar\u00e0 sobre qualsevol bretxa de seguretat que afecti la base de dades que utilitza aquest lloc web, o que afecti qualsevol dels nostres serveis de tercers, totes i cadascuna de les persones, dades de qu\u00e8 puguin haver estat afectats, i autoritats, dins de les 72 hores seg\u00fcents a la detecci\u00f3 de la bretxa.<\/p>\n\n\n\n<h2 class=\"wp-block-heading\">Legislaci\u00f3 aplicable i jurisdicci\u00f3<\/h2>\n\n\n\n<p>Per a la resoluci\u00f3 de totes les controv\u00e8rsies o q\u00fcestions relacionades amb aquest lloc web o de les activitats que es desenvolupin, ser\u00e0 aplicable la legislaci\u00f3 espanyola, a la qual se sotmeten expressament les parts, sent competents per a la resoluci\u00f3 de tots els conflictes derivats o relacionats amb l&#039;\u00fas dels jutjats i els tribunals de Barcelona.<\/p>\n<\/div><\/div>\n\n<\/div><\/div>","protected":false},"excerpt":{"rendered":"<p>1.- Informaci\u00f3 a l&#039;usuari El lloc web informa els usuaris del lloc web sobre la seva pol\u00edtica respecte al tractament i la protecci\u00f3 de les dades de car\u00e0cter personal dels usuaris i clients que puguin ser sol\u00b7licitats per la navegaci\u00f3 a trav\u00e9s del seu lloc web. El lloc web \u00e9s el Responsable del tractament de\u2026<\/p>","protected":false},"author":1,"featured_media":0,"parent":0,"menu_order":37,"comment_status":"closed","ping_status":"closed","template":"","meta":{"_kad_blocks_custom_css":"","_kad_blocks_head_custom_js":"","_kad_blocks_body_custom_js":"","_kad_blocks_footer_custom_js":"","_kadence_starter_templates_imported_post":false,"_kad_post_transparent":"","_kad_post_title":"","_kad_post_layout":"normal","_kad_post_sidebar_id":"","_kad_post_content_style":"unboxed","_kad_post_vertical_padding":"","_kad_post_feature":"","_kad_post_feature_position":"","_kad_post_header":false,"_kad_post_footer":false,"footnotes":""},"class_list":["post-10","page","type-page","status-publish","hentry"],"taxonomy_info":[],"featured_image_src_large":false,"author_info":{"display_name":"eloi","author_link":"https:\/\/cimentaterra.es\/ca\/author\/eloi\/"},"comment_info":0,"_links":{"self":[{"href":"https:\/\/cimentaterra.es\/ca\/wp-json\/wp\/v2\/pages\/10","targetHints":{"allow":["GET"]}}],"collection":[{"href":"https:\/\/cimentaterra.es\/ca\/wp-json\/wp\/v2\/pages"}],"about":[{"href":"https:\/\/cimentaterra.es\/ca\/wp-json\/wp\/v2\/types\/page"}],"author":[{"embeddable":true,"href":"https:\/\/cimentaterra.es\/ca\/wp-json\/wp\/v2\/users\/1"}],"replies":[{"embeddable":true,"href":"https:\/\/cimentaterra.es\/ca\/wp-json\/wp\/v2\/comments?post=10"}],"version-history":[{"count":3,"href":"https:\/\/cimentaterra.es\/ca\/wp-json\/wp\/v2\/pages\/10\/revisions"}],"predecessor-version":[{"id":2168,"href":"https:\/\/cimentaterra.es\/ca\/wp-json\/wp\/v2\/pages\/10\/revisions\/2168"}],"wp:attachment":[{"href":"https:\/\/cimentaterra.es\/ca\/wp-json\/wp\/v2\/media?parent=10"}],"curies":[{"name":"wp","href":"https:\/\/api.w.org\/{rel}","templated":true}]}}