{"id":1765,"date":"2024-04-16T11:46:41","date_gmt":"2024-04-16T09:46:41","guid":{"rendered":"https:\/\/cimentaterra.es\/?page_id=1765"},"modified":"2024-06-06T10:50:40","modified_gmt":"2024-06-06T08:50:40","slug":"inyecciones","status":"publish","type":"page","link":"https:\/\/cimentaterra.es\/ca\/inyecciones\/","title":{"rendered":"Injeccions"},"content":{"rendered":"<style>.kb-row-layout-id1765_10e0d7-70 > .kt-row-column-wrap{align-content:center;}:where(.kb-row-layout-id1765_10e0d7-70 > .kt-row-column-wrap) > .wp-block-kadence-column{justify-content:center;}.kb-row-layout-id1765_10e0d7-70 > .kt-row-column-wrap{column-gap:var(--global-kb-gap-md, 2rem);row-gap:var(--global-kb-gap-none, 0rem );max-width:var( --global-content-width, 1290px );padding-left:var(--global-content-edge-padding);padding-right:var(--global-content-edge-padding);padding-top:80px;padding-right:24px;padding-bottom:80px;padding-left:24px;min-height:400px;grid-template-columns:minmax(0, 1fr);}.kb-row-layout-id1765_10e0d7-70 > .kt-row-layout-overlay{opacity:0.30;}.kb-row-layout-id1765_10e0d7-70{z-index:1475;position:relative;}.kb-row-layout-id1765_10e0d7-70 .kt-row-layout-bottom-sep{height:100px;}.kb-row-layout-id1765_10e0d7-70 .kt-row-layout-bottom-sep svg{width:100%;}.kb-row-layout-id1765_10e0d7-70 .kt-row-layout-bottom-sep svg{fill:#ffffff!important;}@media all and (max-width: 1024px){.kb-row-layout-id1765_10e0d7-70 > .kt-row-column-wrap{grid-template-columns:minmax(0, 1fr);}}@media all and (max-width: 1024px){.kb-row-layout-id1765_10e0d7-70 .kt-row-layout-bottom-sep{height:px;}}@media all and (max-width: 1024px){.kb-row-layout-id1765_10e0d7-70 .kt-row-layout-bottom-sep svg{width:%;}}@media all and (max-width: 767px){.kb-row-layout-id1765_10e0d7-70 > .kt-row-column-wrap{grid-template-columns:minmax(0, 1fr);}.kb-row-layout-id1765_10e0d7-70 .kt-row-layout-bottom-sep{height:px;}.kb-row-layout-id1765_10e0d7-70 .kt-row-layout-bottom-sep svg{width:%;}}.kb-row-layout-id1765_10e0d7-70 {z-index: 10;}<\/style><div class=\"kb-row-layout-wrap kb-row-layout-id1765_10e0d7-70 alignfull has-theme-palette8-background-color kt-row-has-bg wp-block-kadence-rowlayout\"><div class=\"kt-row-column-wrap kt-has-1-columns kt-row-layout-equal kt-tab-layout-inherit kt-mobile-layout-row kt-row-valign-middle kb-theme-content-width\">\n<style>.kadence-column1765_508339-2f > .kt-inside-inner-col,.kadence-column1765_508339-2f > .kt-inside-inner-col:before{border-top-left-radius:0px;border-top-right-radius:0px;border-bottom-right-radius:0px;border-bottom-left-radius:0px;}.kadence-column1765_508339-2f > .kt-inside-inner-col{column-gap:var(--global-kb-gap-sm, 1rem);}.kadence-column1765_508339-2f > .kt-inside-inner-col{flex-direction:column;}.kadence-column1765_508339-2f > .kt-inside-inner-col > .aligncenter{width:100%;}.kadence-column1765_508339-2f > .kt-inside-inner-col:before{opacity:0.3;}.kadence-column1765_508339-2f{position:relative;}@media all and (max-width: 1024px){.kadence-column1765_508339-2f > .kt-inside-inner-col{flex-direction:column;justify-content:center;}}@media all and (max-width: 767px){.kadence-column1765_508339-2f > .kt-inside-inner-col{flex-direction:column;justify-content:center;}}<\/style>\n<div class=\"wp-block-kadence-column kadence-column1765_508339-2f inner-column-1\"><div class=\"kt-inside-inner-col\"><style>.wp-block-kadence-advancedheading.kt-adv-heading1765_17908f-3b, .wp-block-kadence-advancedheading.kt-adv-heading1765_17908f-3b[data-kb-block=\"kb-adv-heading1765_17908f-3b\"]{margin-top:0px;margin-bottom:0px;text-align:center;font-size:var(--global-kb-font-size-md, 1.25rem);line-height:1.3;font-style:normal;text-transform:uppercase;}.wp-block-kadence-advancedheading.kt-adv-heading1765_17908f-3b mark.kt-highlight, .wp-block-kadence-advancedheading.kt-adv-heading1765_17908f-3b[data-kb-block=\"kb-adv-heading1765_17908f-3b\"] mark.kt-highlight{font-style:normal;color:#f76a0c;-webkit-box-decoration-break:clone;box-decoration-break:clone;padding-top:0px;padding-right:0px;padding-bottom:0px;padding-left:0px;}@media all and (max-width: 1024px){.wp-block-kadence-advancedheading.kt-adv-heading1765_17908f-3b, .wp-block-kadence-advancedheading.kt-adv-heading1765_17908f-3b[data-kb-block=\"kb-adv-heading1765_17908f-3b\"]{font-size:var(--global-kb-font-size-md, 1.25rem);line-height:1.3;}}@media all and (max-width: 767px){.wp-block-kadence-advancedheading.kt-adv-heading1765_17908f-3b, .wp-block-kadence-advancedheading.kt-adv-heading1765_17908f-3b[data-kb-block=\"kb-adv-heading1765_17908f-3b\"]{font-size:var(--global-kb-font-size-md, 1.25rem);line-height:1.3;}}<\/style>\n<p class=\"kt-adv-heading1765_17908f-3b wp-block-kadence-advancedheading has-theme-palette-1-color has-text-color\" data-kb-block=\"kb-adv-heading1765_17908f-3b\">Injeccions<\/p>\n\n\n<style>.wp-block-kadence-advancedheading.kt-adv-heading1765_ebe6e1-e3, .wp-block-kadence-advancedheading.kt-adv-heading1765_ebe6e1-e3[data-kb-block=\"kb-adv-heading1765_ebe6e1-e3\"]{margin-top:var(--global-kb-spacing-xxs, 0.5rem);text-align:center;font-size:var(--global-kb-font-size-xl, 3rem);font-style:normal;}.wp-block-kadence-advancedheading.kt-adv-heading1765_ebe6e1-e3 mark.kt-highlight, .wp-block-kadence-advancedheading.kt-adv-heading1765_ebe6e1-e3[data-kb-block=\"kb-adv-heading1765_ebe6e1-e3\"] mark.kt-highlight{font-style:normal;color:#f76a0c;-webkit-box-decoration-break:clone;box-decoration-break:clone;padding-top:0px;padding-right:0px;padding-bottom:0px;padding-left:0px;}<\/style>\n<h1 class=\"kt-adv-heading1765_ebe6e1-e3 wp-block-kadence-advancedheading\" data-kb-block=\"kb-adv-heading1765_ebe6e1-e3\">Injecci\u00f3 d&#039;estabilitat, <br>solucions vers\u00e0tils per Cimentaterra<\/h1>\n<\/div><\/div>\n\n<\/div><\/div>\n\n<style>.kb-row-layout-id1765_4180bb-17 > .kt-row-column-wrap{align-content:center;}:where(.kb-row-layout-id1765_4180bb-17 > .kt-row-column-wrap) > .wp-block-kadence-column{justify-content:center;}.kb-row-layout-id1765_4180bb-17 > .kt-row-column-wrap{column-gap:var(--global-kb-gap-lg, 4rem);row-gap:var(--global-kb-gap-md, 2rem);max-width:var( --global-content-width, 1290px );padding-left:var(--global-content-edge-padding);padding-right:var(--global-content-edge-padding);padding-top:var(--global-kb-spacing-3xl, 6.5rem);padding-bottom:var(--global-kb-spacing-3xl, 6.5rem);grid-template-columns:repeat(2, minmax(0, 1fr));}.kb-row-layout-id1765_4180bb-17 > .kt-row-layout-overlay{opacity:0.30;}@media all and (max-width: 1024px){.kb-row-layout-id1765_4180bb-17 > .kt-row-column-wrap{grid-template-columns:repeat(2, minmax(0, 1fr));}}@media all and (max-width: 767px){.kb-row-layout-id1765_4180bb-17 > .kt-row-column-wrap{grid-template-columns:minmax(0, 1fr);}}<\/style><div class=\"kb-row-layout-wrap kb-row-layout-id1765_4180bb-17 alignnone wp-block-kadence-rowlayout\"><div class=\"kt-row-column-wrap kt-has-2-columns kt-row-layout-equal kt-tab-layout-inherit kt-mobile-layout-row kt-row-valign-middle kb-theme-content-width\">\n<style>.kadence-column1765_868218-5b > .kt-inside-inner-col,.kadence-column1765_868218-5b > .kt-inside-inner-col:before{border-top-left-radius:0px;border-top-right-radius:0px;border-bottom-right-radius:0px;border-bottom-left-radius:0px;}.kadence-column1765_868218-5b > .kt-inside-inner-col{column-gap:var(--global-kb-gap-sm, 1rem);}.kadence-column1765_868218-5b > .kt-inside-inner-col{flex-direction:column;}.kadence-column1765_868218-5b > .kt-inside-inner-col > .aligncenter{width:100%;}.kadence-column1765_868218-5b > .kt-inside-inner-col:before{opacity:0.3;}.kadence-column1765_868218-5b{position:relative;}@media all and (max-width: 1024px){.kadence-column1765_868218-5b > .kt-inside-inner-col{flex-direction:column;justify-content:center;}}@media all and (max-width: 767px){.kadence-column1765_868218-5b > .kt-inside-inner-col{flex-direction:column;justify-content:center;}}<\/style>\n<div class=\"wp-block-kadence-column kadence-column1765_868218-5b\"><div class=\"kt-inside-inner-col\">\n<p>Som especialistes en la instal\u00b7laci\u00f3 de sistemes d&#039;injecci\u00f3, oferint diferents solucions per a una varietat d&#039;aplicacions en l&#039;\u00e0mbit de les fonamentacions especials. Les injeccions \u00e9s un procediment que consisteix a introduir al terreny un material que \u00e9s bombable on el control de proc\u00e9s s&#039;aconsegueix ajustant les condicions geol\u00f2giques del fluid i de la posada en obra com ara pressi\u00f3, cabal i volum.<\/p>\n\n\n\n<p>Com a empresa l\u00edder al sector, brindem serveis d&#039;alta qualitat que garanteixen l&#039;estabilitat i la seguretat de les estructures en qu\u00e8 intervenim.<\/p>\n\n\n\n<p>El nostre equip d&#039;experts altament capacitats s&#039;encarrega de cada aspecte del proc\u00e9s, des del disseny inicial fins a l&#039;execuci\u00f3 i el seguiment posterior.&nbsp;<\/p>\n\n\n\n<p>Utilitzem materials de primera qualitat i t\u00e8cniques avan\u00e7ades en els sistemes d&#039;injecci\u00f3, garantint l&#039;efici\u00e8ncia i l&#039;efectivitat de cada intervenci\u00f3 que realitzem.<\/p>\n<\/div><\/div>\n\n\n<style>.kadence-column1765_318df0-2d > .kt-inside-inner-col,.kadence-column1765_318df0-2d > .kt-inside-inner-col:before{border-top-left-radius:0px;border-top-right-radius:0px;border-bottom-right-radius:0px;border-bottom-left-radius:0px;}.kadence-column1765_318df0-2d > .kt-inside-inner-col{column-gap:var(--global-kb-gap-sm, 1rem);}.kadence-column1765_318df0-2d > .kt-inside-inner-col{flex-direction:column;}.kadence-column1765_318df0-2d > .kt-inside-inner-col > .aligncenter{width:100%;}.kadence-column1765_318df0-2d > .kt-inside-inner-col:before{opacity:0.3;}.kadence-column1765_318df0-2d{position:relative;}@media all and (max-width: 1024px){.kadence-column1765_318df0-2d > .kt-inside-inner-col{flex-direction:column;justify-content:center;}}@media all and (max-width: 767px){.kadence-column1765_318df0-2d > .kt-inside-inner-col{flex-direction:column;justify-content:center;}}<\/style>\n<div class=\"wp-block-kadence-column kadence-column1765_318df0-2d\"><div class=\"kt-inside-inner-col\"><style>.kb-image1765_0c742c-2e .kb-image-has-overlay:after{opacity:0.3;}<\/style>\n<figure class=\"wp-block-kadence-image kb-image1765_0c742c-2e size-large kb-image-is-ratio-size\" data-aos=\"fade-left\"><div class=\"kb-is-ratio-image kb-image-ratio-land43\"><img loading=\"lazy\" decoding=\"async\" width=\"1024\" height=\"576\" src=\"https:\/\/cimentaterra.es\/wp-content\/uploads\/2024\/06\/Diseno-sin-titulo-1024x576.jpg\" alt=\"\" class=\"kb-img wp-image-2409\" srcset=\"https:\/\/cimentaterra.es\/wp-content\/uploads\/2024\/06\/Diseno-sin-titulo-1024x576.jpg 1024w, https:\/\/cimentaterra.es\/wp-content\/uploads\/2024\/06\/Diseno-sin-titulo-300x169.jpg 300w, https:\/\/cimentaterra.es\/wp-content\/uploads\/2024\/06\/Diseno-sin-titulo-768x432.jpg 768w, https:\/\/cimentaterra.es\/wp-content\/uploads\/2024\/06\/Diseno-sin-titulo-1536x864.jpg 1536w, https:\/\/cimentaterra.es\/wp-content\/uploads\/2024\/06\/Diseno-sin-titulo.jpg 1920w\" sizes=\"auto, (max-width: 1024px) 100vw, 1024px\" \/><\/div><\/figure>\n<\/div><\/div>\n\n<\/div><\/div>\n\n<style>.kb-row-layout-id1765_3f2f92-d1 > .kt-row-column-wrap{align-content:start;}:where(.kb-row-layout-id1765_3f2f92-d1 > .kt-row-column-wrap) > .wp-block-kadence-column{justify-content:start;}.kb-row-layout-id1765_3f2f92-d1 > .kt-row-column-wrap{column-gap:var(--global-kb-gap-lg, 4rem);row-gap:var(--global-kb-gap-md, 2rem);max-width:var( --global-content-width, 1290px );padding-left:var(--global-content-edge-padding);padding-right:var(--global-content-edge-padding);padding-top:var(--global-kb-spacing-3xl, 6.5rem);padding-bottom:var(--global-kb-spacing-3xl, 6.5rem);grid-template-columns:repeat(2, minmax(0, 1fr));}.kb-row-layout-id1765_3f2f92-d1 > .kt-row-layout-overlay{opacity:0.30;}@media all and (max-width: 1024px){.kb-row-layout-id1765_3f2f92-d1 > .kt-row-column-wrap{grid-template-columns:repeat(2, minmax(0, 1fr));}}@media all and (max-width: 767px){.kb-row-layout-id1765_3f2f92-d1 > .kt-row-column-wrap{grid-template-columns:minmax(0, 1fr);}}<\/style><div class=\"kb-row-layout-wrap kb-row-layout-id1765_3f2f92-d1 alignnone has-theme-palette8-background-color kt-row-has-bg wp-block-kadence-rowlayout\"><div class=\"kt-row-column-wrap kt-has-2-columns kt-row-layout-equal kt-tab-layout-inherit kt-mobile-layout-row kt-row-valign-top kb-theme-content-width\">\n<style>.kadence-column1765_b28a2b-a7 > .kt-inside-inner-col,.kadence-column1765_b28a2b-a7 > .kt-inside-inner-col:before{border-top-left-radius:0px;border-top-right-radius:0px;border-bottom-right-radius:0px;border-bottom-left-radius:0px;}.kadence-column1765_b28a2b-a7 > .kt-inside-inner-col{column-gap:var(--global-kb-gap-sm, 1rem);}.kadence-column1765_b28a2b-a7 > .kt-inside-inner-col{flex-direction:column;}.kadence-column1765_b28a2b-a7 > .kt-inside-inner-col > .aligncenter{width:100%;}.kadence-column1765_b28a2b-a7 > .kt-inside-inner-col:before{opacity:0.3;}.kadence-column1765_b28a2b-a7{position:relative;}@media all and (max-width: 1024px){.kadence-column1765_b28a2b-a7 > .kt-inside-inner-col{flex-direction:column;justify-content:center;}}@media all and (max-width: 767px){.kadence-column1765_b28a2b-a7 > .kt-inside-inner-col{flex-direction:column;justify-content:center;}}<\/style>\n<div class=\"wp-block-kadence-column kadence-column1765_b28a2b-a7\"><div class=\"kt-inside-inner-col\"><style>.kb-image1765_9cb02c-b9 .kb-image-has-overlay:after{opacity:0.3;}<\/style>\n<figure class=\"wp-block-kadence-image kb-image1765_9cb02c-b9 size-full kb-image-is-ratio-size\" data-aos=\"fade-right\"><div class=\"kb-is-ratio-image kb-image-ratio-land43\"><img loading=\"lazy\" decoding=\"async\" width=\"1024\" height=\"768\" src=\"https:\/\/cimentaterra.es\/wp-content\/uploads\/2024\/06\/Imagen-de-WhatsApp-2024-06-06-a-las-10.48.49_08ec153f.jpg\" alt=\"\" class=\"kb-img wp-image-2411\" srcset=\"https:\/\/cimentaterra.es\/wp-content\/uploads\/2024\/06\/Imagen-de-WhatsApp-2024-06-06-a-las-10.48.49_08ec153f.jpg 1024w, https:\/\/cimentaterra.es\/wp-content\/uploads\/2024\/06\/Imagen-de-WhatsApp-2024-06-06-a-las-10.48.49_08ec153f-300x225.jpg 300w, https:\/\/cimentaterra.es\/wp-content\/uploads\/2024\/06\/Imagen-de-WhatsApp-2024-06-06-a-las-10.48.49_08ec153f-768x576.jpg 768w\" sizes=\"auto, (max-width: 1024px) 100vw, 1024px\" \/><\/div><\/figure>\n<\/div><\/div>\n\n\n<style>.kadence-column1765_9e5e0f-f4 > .kt-inside-inner-col,.kadence-column1765_9e5e0f-f4 > .kt-inside-inner-col:before{border-top-left-radius:0px;border-top-right-radius:0px;border-bottom-right-radius:0px;border-bottom-left-radius:0px;}.kadence-column1765_9e5e0f-f4 > .kt-inside-inner-col{column-gap:var(--global-kb-gap-sm, 1rem);}.kadence-column1765_9e5e0f-f4 > .kt-inside-inner-col{flex-direction:column;}.kadence-column1765_9e5e0f-f4 > .kt-inside-inner-col > .aligncenter{width:100%;}.kadence-column1765_9e5e0f-f4 > .kt-inside-inner-col:before{opacity:0.3;}.kadence-column1765_9e5e0f-f4{position:relative;}@media all and (max-width: 1024px){.kadence-column1765_9e5e0f-f4 > .kt-inside-inner-col{flex-direction:column;justify-content:center;}}@media all and (max-width: 767px){.kadence-column1765_9e5e0f-f4 > .kt-inside-inner-col{flex-direction:column;justify-content:center;}}<\/style>\n<div class=\"wp-block-kadence-column kadence-column1765_9e5e0f-f4\"><div class=\"kt-inside-inner-col\"><style>.wp-block-kadence-advancedheading.kt-adv-heading1765_0d1bda-3a, .wp-block-kadence-advancedheading.kt-adv-heading1765_0d1bda-3a[data-kb-block=\"kb-adv-heading1765_0d1bda-3a\"]{font-style:normal;}.wp-block-kadence-advancedheading.kt-adv-heading1765_0d1bda-3a mark.kt-highlight, .wp-block-kadence-advancedheading.kt-adv-heading1765_0d1bda-3a[data-kb-block=\"kb-adv-heading1765_0d1bda-3a\"] mark.kt-highlight{font-style:normal;color:#f76a0c;-webkit-box-decoration-break:clone;box-decoration-break:clone;padding-top:0px;padding-right:0px;padding-bottom:0px;padding-left:0px;}<\/style>\n<h3 class=\"kt-adv-heading1765_0d1bda-3a wp-block-kadence-advancedheading\" data-kb-block=\"kb-adv-heading1765_0d1bda-3a\">Optimitzant la capacitat de c\u00e0rrega del terreny<\/h3>\n\n\n\n<p>Amb aquesta t\u00e8cnica s&#039;aconsegueix la densificaci\u00f3 del terreny al voltant de la perforaci\u00f3 realitzada a diferents nivells, consumint-se m\u00e9s beurada en aquells estrats m\u00e9s deformables o que presentin un major \u00edndex de buits, aconseguint una transmissi\u00f3 gradual del pes de l&#039;estructura a estrats de terreny m\u00e9s profunds i resistents.<\/p>\n\n\n\n<p>D&#039;aquesta manera aconseguim una millor consolidaci\u00f3 del terreny i, per tant, un augment de la capacitat de c\u00e0rrega del terreny sota els fonaments. Aix\u00ed, el pes es va transmetent de forma gradual a estrats del terreny m\u00e9s profunds i resistents.<\/p>\n\n\n\n<p>Gr\u00e0cies a la combinaci\u00f3 de l&#039;execuci\u00f3 d&#039;injeccions al terreny amb altres t\u00e8cniques de fonaments especials Cimentaterra ha resolt obres de gran complexitat t\u00e8cnica d&#039;una forma econ\u00f2mica i eficient.<\/p>\n<\/div><\/div>\n\n<\/div><\/div>","protected":false},"excerpt":{"rendered":"<p>Injeccions Injecci\u00f3 d&#039;estabilitat, solucions vers\u00e0tils per Cimentaterra Som especialistes en la instal\u00b7laci\u00f3 de sistemes d&#039;injecci\u00f3, oferint diferents solucions per a una varietat d&#039;aplicacions a l&#039;\u00e0mbit de les fonamentacions especials. Les injeccions \u00e9s un procediment que consisteix a introduir al terreny un material que \u00e9s bombeable on el control de proc\u00e9s es\u2026<\/p>","protected":false},"author":1,"featured_media":0,"parent":0,"menu_order":19,"comment_status":"closed","ping_status":"closed","template":"","meta":{"_kad_blocks_custom_css":"","_kad_blocks_head_custom_js":"","_kad_blocks_body_custom_js":"","_kad_blocks_footer_custom_js":"","_kadence_starter_templates_imported_post":false,"_kad_post_transparent":"","_kad_post_title":"hide","_kad_post_layout":"fullwidth","_kad_post_sidebar_id":"","_kad_post_content_style":"unboxed","_kad_post_vertical_padding":"","_kad_post_feature":"","_kad_post_feature_position":"","_kad_post_header":false,"_kad_post_footer":false,"footnotes":""},"class_list":["post-1765","page","type-page","status-publish","hentry"],"taxonomy_info":[],"featured_image_src_large":false,"author_info":{"display_name":"eloi","author_link":"https:\/\/cimentaterra.es\/ca\/author\/eloi\/"},"comment_info":0,"_links":{"self":[{"href":"https:\/\/cimentaterra.es\/ca\/wp-json\/wp\/v2\/pages\/1765","targetHints":{"allow":["GET"]}}],"collection":[{"href":"https:\/\/cimentaterra.es\/ca\/wp-json\/wp\/v2\/pages"}],"about":[{"href":"https:\/\/cimentaterra.es\/ca\/wp-json\/wp\/v2\/types\/page"}],"author":[{"embeddable":true,"href":"https:\/\/cimentaterra.es\/ca\/wp-json\/wp\/v2\/users\/1"}],"replies":[{"embeddable":true,"href":"https:\/\/cimentaterra.es\/ca\/wp-json\/wp\/v2\/comments?post=1765"}],"version-history":[{"count":10,"href":"https:\/\/cimentaterra.es\/ca\/wp-json\/wp\/v2\/pages\/1765\/revisions"}],"predecessor-version":[{"id":2412,"href":"https:\/\/cimentaterra.es\/ca\/wp-json\/wp\/v2\/pages\/1765\/revisions\/2412"}],"wp:attachment":[{"href":"https:\/\/cimentaterra.es\/ca\/wp-json\/wp\/v2\/media?parent=1765"}],"curies":[{"name":"wp","href":"https:\/\/api.w.org\/{rel}","templated":true}]}}