{"id":2523,"date":"2024-07-11T11:54:07","date_gmt":"2024-07-11T09:54:07","guid":{"rendered":"https:\/\/cimentaterra.es\/?page_id=2523"},"modified":"2024-07-11T11:54:07","modified_gmt":"2024-07-11T09:54:07","slug":"pantalla-de-micropilotes-barcelona","status":"publish","type":"page","link":"https:\/\/cimentaterra.es\/ca\/pantalla-de-micropilotes-barcelona\/","title":{"rendered":"Pantalla de micropilots Barcelona"},"content":{"rendered":"<style>.kb-row-layout-id2523_fc84f6-50 > .kt-row-column-wrap{align-content:center;}:where(.kb-row-layout-id2523_fc84f6-50 > .kt-row-column-wrap) > .wp-block-kadence-column{justify-content:center;}.kb-row-layout-id2523_fc84f6-50 > .kt-row-column-wrap{column-gap:var(--global-kb-gap-md, 2rem);row-gap:var(--global-kb-gap-none, 0rem );max-width:var( --global-content-width, 1290px );padding-left:var(--global-content-edge-padding);padding-right:var(--global-content-edge-padding);padding-top:80px;padding-right:24px;padding-bottom:80px;padding-left:24px;min-height:400px;grid-template-columns:minmax(0, 1fr);}.kb-row-layout-id2523_fc84f6-50 > .kt-row-layout-overlay{opacity:0.30;}.kb-row-layout-id2523_fc84f6-50{z-index:1475;position:relative;}.kb-row-layout-id2523_fc84f6-50 .kt-row-layout-bottom-sep{height:100px;}.kb-row-layout-id2523_fc84f6-50 .kt-row-layout-bottom-sep svg{width:100%;}.kb-row-layout-id2523_fc84f6-50 .kt-row-layout-bottom-sep svg{fill:#ffffff!important;}@media all and (max-width: 1024px){.kb-row-layout-id2523_fc84f6-50 > .kt-row-column-wrap{grid-template-columns:minmax(0, 1fr);}}@media all and (max-width: 1024px){.kb-row-layout-id2523_fc84f6-50 .kt-row-layout-bottom-sep{height:px;}}@media all and (max-width: 1024px){.kb-row-layout-id2523_fc84f6-50 .kt-row-layout-bottom-sep svg{width:%;}}@media all and (max-width: 767px){.kb-row-layout-id2523_fc84f6-50 > .kt-row-column-wrap{grid-template-columns:minmax(0, 1fr);}.kb-row-layout-id2523_fc84f6-50 .kt-row-layout-bottom-sep{height:px;}.kb-row-layout-id2523_fc84f6-50 .kt-row-layout-bottom-sep svg{width:%;}}.kb-row-layout-id2523_fc84f6-50 {z-index: 10;}<\/style><div class=\"kb-row-layout-wrap kb-row-layout-id2523_fc84f6-50 alignfull has-theme-palette8-background-color kt-row-has-bg wp-block-kadence-rowlayout\"><div class=\"kt-row-column-wrap kt-has-1-columns kt-row-layout-equal kt-tab-layout-inherit kt-mobile-layout-row kt-row-valign-middle kb-theme-content-width\">\n<style>.kadence-column2523_9e9645-55 > .kt-inside-inner-col,.kadence-column2523_9e9645-55 > .kt-inside-inner-col:before{border-top-left-radius:0px;border-top-right-radius:0px;border-bottom-right-radius:0px;border-bottom-left-radius:0px;}.kadence-column2523_9e9645-55 > .kt-inside-inner-col{column-gap:var(--global-kb-gap-sm, 1rem);}.kadence-column2523_9e9645-55 > .kt-inside-inner-col{flex-direction:column;}.kadence-column2523_9e9645-55 > .kt-inside-inner-col > .aligncenter{width:100%;}.kadence-column2523_9e9645-55 > .kt-inside-inner-col:before{opacity:0.3;}.kadence-column2523_9e9645-55{position:relative;}@media all and (max-width: 1024px){.kadence-column2523_9e9645-55 > .kt-inside-inner-col{flex-direction:column;justify-content:center;}}@media all and (max-width: 767px){.kadence-column2523_9e9645-55 > .kt-inside-inner-col{flex-direction:column;justify-content:center;}}<\/style>\n<div class=\"wp-block-kadence-column kadence-column2523_9e9645-55 inner-column-1\"><div class=\"kt-inside-inner-col\"><style>.wp-block-kadence-advancedheading.kt-adv-heading2523_8245d1-3d, .wp-block-kadence-advancedheading.kt-adv-heading2523_8245d1-3d[data-kb-block=\"kb-adv-heading2523_8245d1-3d\"]{margin-top:var(--global-kb-spacing-xxs, 0.5rem);text-align:center;font-size:var(--global-kb-font-size-xl, 3rem);font-style:normal;}.wp-block-kadence-advancedheading.kt-adv-heading2523_8245d1-3d mark.kt-highlight, .wp-block-kadence-advancedheading.kt-adv-heading2523_8245d1-3d[data-kb-block=\"kb-adv-heading2523_8245d1-3d\"] mark.kt-highlight{font-style:normal;color:#f76a0c;-webkit-box-decoration-break:clone;box-decoration-break:clone;padding-top:0px;padding-right:0px;padding-bottom:0px;padding-left:0px;}<\/style>\n<h1 class=\"kt-adv-heading2523_8245d1-3d wp-block-kadence-advancedheading\" data-kb-block=\"kb-adv-heading2523_8245d1-3d\">Pantalla de micropilots Barcelona<\/h1>\n<\/div><\/div>\n\n<\/div><\/div>\n\n<style>.kb-row-layout-id2523_43269c-37 > .kt-row-column-wrap{align-content:center;}:where(.kb-row-layout-id2523_43269c-37 > .kt-row-column-wrap) > .wp-block-kadence-column{justify-content:center;}.kb-row-layout-id2523_43269c-37 > .kt-row-column-wrap{column-gap:var(--global-kb-gap-lg, 4rem);row-gap:var(--global-kb-gap-md, 2rem);max-width:var( --global-content-width, 1290px );padding-left:var(--global-content-edge-padding);padding-right:var(--global-content-edge-padding);padding-top:var(--global-kb-spacing-3xl, 6.5rem);padding-bottom:var(--global-kb-spacing-3xl, 6.5rem);grid-template-columns:repeat(2, minmax(0, 1fr));}.kb-row-layout-id2523_43269c-37 > .kt-row-layout-overlay{opacity:0.30;}@media all and (max-width: 1024px){.kb-row-layout-id2523_43269c-37 > .kt-row-column-wrap{grid-template-columns:repeat(2, minmax(0, 1fr));}}@media all and (max-width: 767px){.kb-row-layout-id2523_43269c-37 > .kt-row-column-wrap{grid-template-columns:minmax(0, 1fr);}}<\/style><div class=\"kb-row-layout-wrap kb-row-layout-id2523_43269c-37 alignnone wp-block-kadence-rowlayout\"><div class=\"kt-row-column-wrap kt-has-2-columns kt-row-layout-equal kt-tab-layout-inherit kt-mobile-layout-row kt-row-valign-middle kb-theme-content-width\">\n<style>.kadence-column2523_60f0b9-50 > .kt-inside-inner-col,.kadence-column2523_60f0b9-50 > .kt-inside-inner-col:before{border-top-left-radius:0px;border-top-right-radius:0px;border-bottom-right-radius:0px;border-bottom-left-radius:0px;}.kadence-column2523_60f0b9-50 > .kt-inside-inner-col{column-gap:var(--global-kb-gap-sm, 1rem);}.kadence-column2523_60f0b9-50 > .kt-inside-inner-col{flex-direction:column;}.kadence-column2523_60f0b9-50 > .kt-inside-inner-col > .aligncenter{width:100%;}.kadence-column2523_60f0b9-50 > .kt-inside-inner-col:before{opacity:0.3;}.kadence-column2523_60f0b9-50{position:relative;}@media all and (max-width: 1024px){.kadence-column2523_60f0b9-50 > .kt-inside-inner-col{flex-direction:column;justify-content:center;}}@media all and (max-width: 767px){.kadence-column2523_60f0b9-50 > .kt-inside-inner-col{flex-direction:column;justify-content:center;}}<\/style>\n<div class=\"wp-block-kadence-column kadence-column2523_60f0b9-50\"><div class=\"kt-inside-inner-col\">\n<h2 class=\"wp-block-heading\">Solucions d&#039;alta qualitat per a la teva llar<\/h2>\n\n\n\n<p>A Cimentaterra, ens sentim orgullosos d&#039;oferir solucions de fonamentaci\u00f3 d&#039;alta qualitat per a la teva llar. Som especialistes en la instal\u00b7laci\u00f3 de <strong>pantalla de micropilots a Barcelona<\/strong>, garantint l&#039;estabilitat i la durabilitat dels teus projectes de construcci\u00f3.<\/p>\n\n\n\n<h2 class=\"wp-block-heading\">Qu\u00e8 s\u00f3n els Micropilots?<\/h2>\n\n\n\n<p>Els micropilots s\u00f3n elements de fonamentaci\u00f3 de dimensions redu\u00efdes, t\u00edpicament entre 150 i 220 mm de di\u00e0metre. Aquests petits pilons han evolucionat per convertir-se en una opci\u00f3 vers\u00e0til i efectiva en una \u00e0mplia varietat d&#039;aplicacions.<\/p>\n\n\n\n<h3 class=\"wp-block-heading\">Avantatges dels Micropilots<\/h3>\n\n\n\n<ul class=\"wp-block-list\">\n<li><strong>Versatilitat:<\/strong> Adequats per a una \u00e0mplia gamma de projectes, des de refor\u00e7os en edificacions existents fins a noves construccions a terrenys complicats.<\/li>\n\n\n\n<li><strong>Efici\u00e8ncia:<\/strong> Permeten una instal\u00b7laci\u00f3 r\u00e0pida i precisa, reduint el temps i cost dels projectes.<\/li>\n\n\n\n<li><strong>Durabilitat:<\/strong> Ofereixen una soluci\u00f3 robusta i duradora, capa\u00e7 de suportar c\u00e0rregues significatives.<\/li>\n<\/ul>\n\n\n\n<h2 class=\"wp-block-heading\">Aplicacions dels Micropilots<\/h2>\n\n\n\n<p>Originalment, els micropilots suportaven c\u00e0rregues menors, cosa que requeria un major nombre de pilons per columna. Aquesta configuraci\u00f3 simulava les arrels d&#039;un arbre, cosa que va portar a la seva denominaci\u00f3 inicial de pilots arrel. Avui dia, gr\u00e0cies a aven\u00e7os en t\u00e8cniques i materials, els micropilots poden suportar c\u00e0rregues m\u00e9s altes, cosa que els fa ideals per:<\/p>\n\n\n\n<ul class=\"wp-block-list\">\n<li><strong>Refor\u00e7os de fonaments en edificacions existents<\/strong><\/li>\n\n\n\n<li><strong>Estabilitzaci\u00f3 de terrenys en noves construccions<\/strong><\/li>\n\n\n\n<li><strong>Obres en \u00e0rees amb acc\u00e9s limitat<\/strong><\/li>\n\n\n\n<li><strong>Projectes en terrenys amb condicions geot\u00e8cniques complexes<\/strong><\/li>\n<\/ul>\n<\/div><\/div>\n\n\n<style>.kadence-column2523_68fbb7-cf > .kt-inside-inner-col,.kadence-column2523_68fbb7-cf > .kt-inside-inner-col:before{border-top-left-radius:0px;border-top-right-radius:0px;border-bottom-right-radius:0px;border-bottom-left-radius:0px;}.kadence-column2523_68fbb7-cf > .kt-inside-inner-col{column-gap:var(--global-kb-gap-sm, 1rem);}.kadence-column2523_68fbb7-cf > .kt-inside-inner-col{flex-direction:column;}.kadence-column2523_68fbb7-cf > .kt-inside-inner-col > .aligncenter{width:100%;}.kadence-column2523_68fbb7-cf > .kt-inside-inner-col:before{opacity:0.3;}.kadence-column2523_68fbb7-cf{position:relative;}@media all and (max-width: 1024px){.kadence-column2523_68fbb7-cf > .kt-inside-inner-col{flex-direction:column;justify-content:center;}}@media all and (max-width: 767px){.kadence-column2523_68fbb7-cf > .kt-inside-inner-col{flex-direction:column;justify-content:center;}}<\/style>\n<div class=\"wp-block-kadence-column kadence-column2523_68fbb7-cf\"><div class=\"kt-inside-inner-col\">\n<figure class=\"wp-block-image size-full\"><img loading=\"lazy\" decoding=\"async\" width=\"1024\" height=\"768\" src=\"https:\/\/cimentaterra.es\/wp-content\/uploads\/2024\/07\/image.jpg\" alt=\"\" class=\"wp-image-2524\" srcset=\"https:\/\/cimentaterra.es\/wp-content\/uploads\/2024\/07\/image.jpg 1024w, https:\/\/cimentaterra.es\/wp-content\/uploads\/2024\/07\/image-300x225.jpg 300w, https:\/\/cimentaterra.es\/wp-content\/uploads\/2024\/07\/image-768x576.jpg 768w, https:\/\/cimentaterra.es\/wp-content\/uploads\/2024\/07\/image-16x12.jpg 16w\" sizes=\"auto, (max-width: 1024px) 100vw, 1024px\" \/><\/figure>\n<\/div><\/div>\n\n<\/div><\/div>\n\n<style>.kb-row-layout-id2523_14e628-6d > .kt-row-column-wrap{align-content:center;}:where(.kb-row-layout-id2523_14e628-6d > .kt-row-column-wrap) > .wp-block-kadence-column{justify-content:center;}.kb-row-layout-id2523_14e628-6d > .kt-row-column-wrap{column-gap:var(--global-kb-gap-lg, 4rem);row-gap:var(--global-kb-gap-md, 2rem);max-width:var( --global-content-width, 1290px );padding-left:var(--global-content-edge-padding);padding-right:var(--global-content-edge-padding);padding-top:var(--global-kb-spacing-3xl, 6.5rem);padding-bottom:var(--global-kb-spacing-3xl, 6.5rem);grid-template-columns:repeat(2, minmax(0, 1fr));}.kb-row-layout-id2523_14e628-6d > .kt-row-layout-overlay{opacity:0.30;}@media all and (max-width: 1024px){.kb-row-layout-id2523_14e628-6d > .kt-row-column-wrap{grid-template-columns:repeat(2, minmax(0, 1fr));}}@media all and (max-width: 767px){.kb-row-layout-id2523_14e628-6d > .kt-row-column-wrap{grid-template-columns:minmax(0, 1fr);}}<\/style><div class=\"kb-row-layout-wrap kb-row-layout-id2523_14e628-6d alignnone has-theme-palette8-background-color kt-row-has-bg wp-block-kadence-rowlayout\"><div class=\"kt-row-column-wrap kt-has-2-columns kt-row-layout-equal kt-tab-layout-inherit kt-mobile-layout-row kt-row-valign-middle kb-theme-content-width\">\n<style>.kadence-column2523_58ae03-ea > .kt-inside-inner-col,.kadence-column2523_58ae03-ea > .kt-inside-inner-col:before{border-top-left-radius:0px;border-top-right-radius:0px;border-bottom-right-radius:0px;border-bottom-left-radius:0px;}.kadence-column2523_58ae03-ea > .kt-inside-inner-col{column-gap:var(--global-kb-gap-sm, 1rem);}.kadence-column2523_58ae03-ea > .kt-inside-inner-col{flex-direction:column;}.kadence-column2523_58ae03-ea > .kt-inside-inner-col > .aligncenter{width:100%;}.kadence-column2523_58ae03-ea > .kt-inside-inner-col:before{opacity:0.3;}.kadence-column2523_58ae03-ea{position:relative;}@media all and (max-width: 1024px){.kadence-column2523_58ae03-ea > .kt-inside-inner-col{flex-direction:column;justify-content:center;}}@media all and (max-width: 767px){.kadence-column2523_58ae03-ea > .kt-inside-inner-col{flex-direction:column;justify-content:center;}}<\/style>\n<div class=\"wp-block-kadence-column kadence-column2523_58ae03-ea\"><div class=\"kt-inside-inner-col\"><style>.kb-image2523_403f62-2f .kb-image-has-overlay:after{opacity:0.3;}<\/style>\n<figure class=\"wp-block-kadence-image kb-image2523_403f62-2f kb-image-is-ratio-size\" data-aos=\"fade-right\"><div class=\"kb-is-ratio-image kb-image-ratio-port23\"><img loading=\"lazy\" decoding=\"async\" width=\"1200\" height=\"1600\" src=\"https:\/\/cimentaterra.es\/wp-content\/uploads\/2024\/05\/Fabricacion-con-su-CE-de-plantas-de-inyeccion-1.jpg\" alt=\"\" class=\"kb-img wp-image-2316\" srcset=\"https:\/\/cimentaterra.es\/wp-content\/uploads\/2024\/05\/Fabricacion-con-su-CE-de-plantas-de-inyeccion-1.jpg 1200w, https:\/\/cimentaterra.es\/wp-content\/uploads\/2024\/05\/Fabricacion-con-su-CE-de-plantas-de-inyeccion-1-225x300.jpg 225w, https:\/\/cimentaterra.es\/wp-content\/uploads\/2024\/05\/Fabricacion-con-su-CE-de-plantas-de-inyeccion-1-768x1024.jpg 768w, https:\/\/cimentaterra.es\/wp-content\/uploads\/2024\/05\/Fabricacion-con-su-CE-de-plantas-de-inyeccion-1-1152x1536.jpg 1152w\" sizes=\"auto, (max-width: 1200px) 100vw, 1200px\" \/><\/div><\/figure>\n<\/div><\/div>\n\n\n<style>.kadence-column2523_8db9e4-66 > .kt-inside-inner-col,.kadence-column2523_8db9e4-66 > .kt-inside-inner-col:before{border-top-left-radius:0px;border-top-right-radius:0px;border-bottom-right-radius:0px;border-bottom-left-radius:0px;}.kadence-column2523_8db9e4-66 > .kt-inside-inner-col{column-gap:var(--global-kb-gap-sm, 1rem);}.kadence-column2523_8db9e4-66 > .kt-inside-inner-col{flex-direction:column;}.kadence-column2523_8db9e4-66 > .kt-inside-inner-col > .aligncenter{width:100%;}.kadence-column2523_8db9e4-66 > .kt-inside-inner-col:before{opacity:0.3;}.kadence-column2523_8db9e4-66{position:relative;}@media all and (max-width: 1024px){.kadence-column2523_8db9e4-66 > .kt-inside-inner-col{flex-direction:column;justify-content:center;}}@media all and (max-width: 767px){.kadence-column2523_8db9e4-66 > .kt-inside-inner-col{flex-direction:column;justify-content:center;}}<\/style>\n<div class=\"wp-block-kadence-column kadence-column2523_8db9e4-66\"><div class=\"kt-inside-inner-col\">\n<h2 class=\"wp-block-heading\">Per qu\u00e8 Triar Cimentaterra?<\/h2>\n\n\n\n<h3 class=\"wp-block-heading\">Experi\u00e8ncia i Professionalisme<\/h3>\n\n\n\n<p>Amb anys d&#039;experi\u00e8ncia a la ind\u00fastria, l&#039;equip de <strong>Cimentaterra <\/strong>est\u00e0 altament capacitat per dur a terme la instal\u00b7laci\u00f3 de <strong>pantalla de micropilots a Barcelona<\/strong>. La nostra dedicaci\u00f3 a l&#039;excel\u00b7l\u00e8ncia i \u00fas de les millors pr\u00e0ctiques garanteix resultats que compleixen i superen les expectatives dels nostres clients.<\/p>\n\n\n\n<h3 class=\"wp-block-heading\">Comprom\u00eds amb la Qualitat<\/h3>\n\n\n\n<p>Utilitzem materials de la m\u00e9s alta qualitat i tecnologia avan\u00e7ada per assegurar que cada projecte de <strong>pantalla de micropilots a Barcelona<\/strong> es realitzi amb la m\u00e0xima precisi\u00f3 i durabilitat. El nostre comprom\u00eds \u00e9s oferir solucions que no nom\u00e9s compleixen els est\u00e0ndards de la ind\u00fastria, sin\u00f3 que tamb\u00e9 proporcionen la millor relaci\u00f3 qualitat-preu.<\/p>\n\n\n\n<h3 class=\"wp-block-heading\">Atenci\u00f3 Personalitzada<\/h3>\n\n\n\n<p>A Cimentaterra, entenem que cada projecte \u00e9s \u00fanic. Oferim atenci\u00f3 personalitzada per adaptar-nos a les necessitats espec\u00edfiques de cada client, proporcionant solucions a mesura que s&#039;ajustin als requisits i condicions particulars de cada obra.<\/p>\n\n\n\n<h2 class=\"wp-block-heading\">Contacta amb Nosaltres<\/h2>\n\n\n\n<p>Si cerques una soluci\u00f3 de fonamentaci\u00f3 fiable i duradora, no busquis m\u00e9s. Cimentaterra \u00e9s la teva millor opci\u00f3 per a la instal\u00b7laci\u00f3 de <strong>pantalla de micropilots a Barcelona<\/strong>. Contacta&#039;ns avui mateix per obtenir m\u00e9s informaci\u00f3 i una cotitzaci\u00f3 personalitzada.<\/p>\n<\/div><\/div>\n\n<\/div><\/div>","protected":false},"excerpt":{"rendered":"<p>Pantalla de micropilots Barcelona Solucions d&#039;Alta Qualitat per a la teva Llar A Cimentaterra, ens sentim orgullosos d&#039;oferir solucions de fonamentaci\u00f3 d&#039;alta qualitat per a la teva llar. Som especialistes en la instal\u00b7laci\u00f3 de pantalla de micropilots a Barcelona, garantint l&#039;estabilitat i durabilitat dels teus projectes de construcci\u00f3. Qu\u00e8 s\u00f3n els Micropilots? Els micropilots s\u00f3n elements\u2026<\/p>","protected":false},"author":1,"featured_media":0,"parent":0,"menu_order":25,"comment_status":"closed","ping_status":"closed","template":"","meta":{"_kad_blocks_custom_css":"","_kad_blocks_head_custom_js":"","_kad_blocks_body_custom_js":"","_kad_blocks_footer_custom_js":"","_kadence_starter_templates_imported_post":false,"_kad_post_transparent":"","_kad_post_title":"hide","_kad_post_layout":"fullwidth","_kad_post_sidebar_id":"","_kad_post_content_style":"unboxed","_kad_post_vertical_padding":"","_kad_post_feature":"","_kad_post_feature_position":"","_kad_post_header":false,"_kad_post_footer":false,"footnotes":""},"class_list":["post-2523","page","type-page","status-publish","hentry"],"taxonomy_info":[],"featured_image_src_large":false,"author_info":{"display_name":"eloi","author_link":"https:\/\/cimentaterra.es\/ca\/author\/eloi\/"},"comment_info":0,"_links":{"self":[{"href":"https:\/\/cimentaterra.es\/ca\/wp-json\/wp\/v2\/pages\/2523","targetHints":{"allow":["GET"]}}],"collection":[{"href":"https:\/\/cimentaterra.es\/ca\/wp-json\/wp\/v2\/pages"}],"about":[{"href":"https:\/\/cimentaterra.es\/ca\/wp-json\/wp\/v2\/types\/page"}],"author":[{"embeddable":true,"href":"https:\/\/cimentaterra.es\/ca\/wp-json\/wp\/v2\/users\/1"}],"replies":[{"embeddable":true,"href":"https:\/\/cimentaterra.es\/ca\/wp-json\/wp\/v2\/comments?post=2523"}],"version-history":[{"count":1,"href":"https:\/\/cimentaterra.es\/ca\/wp-json\/wp\/v2\/pages\/2523\/revisions"}],"predecessor-version":[{"id":2525,"href":"https:\/\/cimentaterra.es\/ca\/wp-json\/wp\/v2\/pages\/2523\/revisions\/2525"}],"wp:attachment":[{"href":"https:\/\/cimentaterra.es\/ca\/wp-json\/wp\/v2\/media?parent=2523"}],"curies":[{"name":"wp","href":"https:\/\/api.w.org\/{rel}","templated":true}]}}