{"id":2561,"date":"2024-09-24T11:35:30","date_gmt":"2024-09-24T09:35:30","guid":{"rendered":"https:\/\/cimentaterra.es\/?page_id=2561"},"modified":"2024-09-24T11:35:31","modified_gmt":"2024-09-24T09:35:31","slug":"muro-pantalla-santomera","status":"publish","type":"page","link":"https:\/\/cimentaterra.es\/ca\/muro-pantalla-santomera\/","title":{"rendered":"Mur pantalla Santomera"},"content":{"rendered":"<style>.kb-row-layout-id2561_febb6a-b5 > .kt-row-column-wrap{align-content:center;}:where(.kb-row-layout-id2561_febb6a-b5 > .kt-row-column-wrap) > .wp-block-kadence-column{justify-content:center;}.kb-row-layout-id2561_febb6a-b5 > .kt-row-column-wrap{column-gap:var(--global-kb-gap-md, 2rem);row-gap:var(--global-kb-gap-none, 0rem );max-width:var( --global-content-width, 1290px );padding-left:var(--global-content-edge-padding);padding-right:var(--global-content-edge-padding);padding-top:80px;padding-right:24px;padding-bottom:80px;padding-left:24px;min-height:400px;grid-template-columns:minmax(0, 1fr);}.kb-row-layout-id2561_febb6a-b5 > .kt-row-layout-overlay{opacity:0.30;}.kb-row-layout-id2561_febb6a-b5{z-index:1475;position:relative;}.kb-row-layout-id2561_febb6a-b5 .kt-row-layout-bottom-sep{height:100px;}.kb-row-layout-id2561_febb6a-b5 .kt-row-layout-bottom-sep svg{width:100%;}.kb-row-layout-id2561_febb6a-b5 .kt-row-layout-bottom-sep svg{fill:#ffffff!important;}@media all and (max-width: 1024px){.kb-row-layout-id2561_febb6a-b5 > .kt-row-column-wrap{grid-template-columns:minmax(0, 1fr);}}@media all and (max-width: 1024px){.kb-row-layout-id2561_febb6a-b5 .kt-row-layout-bottom-sep{height:px;}}@media all and (max-width: 1024px){.kb-row-layout-id2561_febb6a-b5 .kt-row-layout-bottom-sep svg{width:%;}}@media all and (max-width: 767px){.kb-row-layout-id2561_febb6a-b5 > .kt-row-column-wrap{grid-template-columns:minmax(0, 1fr);}.kb-row-layout-id2561_febb6a-b5 .kt-row-layout-bottom-sep{height:px;}.kb-row-layout-id2561_febb6a-b5 .kt-row-layout-bottom-sep svg{width:%;}}.kb-row-layout-id2561_febb6a-b5 {z-index: 10;}<\/style><div class=\"kb-row-layout-wrap kb-row-layout-id2561_febb6a-b5 alignfull has-theme-palette8-background-color kt-row-has-bg wp-block-kadence-rowlayout\"><div class=\"kt-row-column-wrap kt-has-1-columns kt-row-layout-equal kt-tab-layout-inherit kt-mobile-layout-row kt-row-valign-middle kb-theme-content-width\">\n<style>.kadence-column2561_d70b02-29 > .kt-inside-inner-col,.kadence-column2561_d70b02-29 > .kt-inside-inner-col:before{border-top-left-radius:0px;border-top-right-radius:0px;border-bottom-right-radius:0px;border-bottom-left-radius:0px;}.kadence-column2561_d70b02-29 > .kt-inside-inner-col{column-gap:var(--global-kb-gap-sm, 1rem);}.kadence-column2561_d70b02-29 > .kt-inside-inner-col{flex-direction:column;}.kadence-column2561_d70b02-29 > .kt-inside-inner-col > .aligncenter{width:100%;}.kadence-column2561_d70b02-29 > .kt-inside-inner-col:before{opacity:0.3;}.kadence-column2561_d70b02-29{position:relative;}@media all and (max-width: 1024px){.kadence-column2561_d70b02-29 > .kt-inside-inner-col{flex-direction:column;justify-content:center;}}@media all and (max-width: 767px){.kadence-column2561_d70b02-29 > .kt-inside-inner-col{flex-direction:column;justify-content:center;}}<\/style>\n<div class=\"wp-block-kadence-column kadence-column2561_d70b02-29 inner-column-1\"><div class=\"kt-inside-inner-col\"><style>.wp-block-kadence-advancedheading.kt-adv-heading2561_6a2fdb-a8, .wp-block-kadence-advancedheading.kt-adv-heading2561_6a2fdb-a8[data-kb-block=\"kb-adv-heading2561_6a2fdb-a8\"]{margin-top:var(--global-kb-spacing-xxs, 0.5rem);text-align:center;font-size:var(--global-kb-font-size-xl, 3rem);font-style:normal;}.wp-block-kadence-advancedheading.kt-adv-heading2561_6a2fdb-a8 mark.kt-highlight, .wp-block-kadence-advancedheading.kt-adv-heading2561_6a2fdb-a8[data-kb-block=\"kb-adv-heading2561_6a2fdb-a8\"] mark.kt-highlight{font-style:normal;color:#f76a0c;-webkit-box-decoration-break:clone;box-decoration-break:clone;padding-top:0px;padding-right:0px;padding-bottom:0px;padding-left:0px;}<\/style>\n<h1 class=\"kt-adv-heading2561_6a2fdb-a8 wp-block-kadence-advancedheading\" data-kb-block=\"kb-adv-heading2561_6a2fdb-a8\">Mur pantalla Santomera<\/h1>\n<\/div><\/div>\n\n<\/div><\/div>\n\n<style>.kb-row-layout-id2561_d5bf30-bf > .kt-row-column-wrap{align-content:center;}:where(.kb-row-layout-id2561_d5bf30-bf > .kt-row-column-wrap) > .wp-block-kadence-column{justify-content:center;}.kb-row-layout-id2561_d5bf30-bf > .kt-row-column-wrap{column-gap:var(--global-kb-gap-lg, 4rem);row-gap:var(--global-kb-gap-md, 2rem);max-width:var( --global-content-width, 1290px );padding-left:var(--global-content-edge-padding);padding-right:var(--global-content-edge-padding);padding-top:var(--global-kb-spacing-3xl, 6.5rem);padding-bottom:var(--global-kb-spacing-3xl, 6.5rem);grid-template-columns:repeat(2, minmax(0, 1fr));}.kb-row-layout-id2561_d5bf30-bf > .kt-row-layout-overlay{opacity:0.30;}@media all and (max-width: 1024px){.kb-row-layout-id2561_d5bf30-bf > .kt-row-column-wrap{grid-template-columns:repeat(2, minmax(0, 1fr));}}@media all and (max-width: 767px){.kb-row-layout-id2561_d5bf30-bf > .kt-row-column-wrap{grid-template-columns:minmax(0, 1fr);}}<\/style><div class=\"kb-row-layout-wrap kb-row-layout-id2561_d5bf30-bf alignnone wp-block-kadence-rowlayout\"><div class=\"kt-row-column-wrap kt-has-2-columns kt-row-layout-equal kt-tab-layout-inherit kt-mobile-layout-row kt-row-valign-middle kb-theme-content-width\">\n<style>.kadence-column2561_b65c42-74 > .kt-inside-inner-col,.kadence-column2561_b65c42-74 > .kt-inside-inner-col:before{border-top-left-radius:0px;border-top-right-radius:0px;border-bottom-right-radius:0px;border-bottom-left-radius:0px;}.kadence-column2561_b65c42-74 > .kt-inside-inner-col{column-gap:var(--global-kb-gap-sm, 1rem);}.kadence-column2561_b65c42-74 > .kt-inside-inner-col{flex-direction:column;}.kadence-column2561_b65c42-74 > .kt-inside-inner-col > .aligncenter{width:100%;}.kadence-column2561_b65c42-74 > .kt-inside-inner-col:before{opacity:0.3;}.kadence-column2561_b65c42-74{position:relative;}@media all and (max-width: 1024px){.kadence-column2561_b65c42-74 > .kt-inside-inner-col{flex-direction:column;justify-content:center;}}@media all and (max-width: 767px){.kadence-column2561_b65c42-74 > .kt-inside-inner-col{flex-direction:column;justify-content:center;}}<\/style>\n<div class=\"wp-block-kadence-column kadence-column2561_b65c42-74\"><div class=\"kt-inside-inner-col\">\n<h2 class=\"wp-block-heading\">Cimentaterra: Especialistes en mur pantalla a prop de Santomera<\/h2>\n\n\n\n<p>A Cimentaterra, ens hem consolidat com a referents en la construcci\u00f3 de fonamentacions profundes, amb especialitzaci\u00f3 en la t\u00e8cnica de <strong>mur pantalla <\/strong>prop de<strong> Santomera<\/strong>. <br>Aquest m\u00e8tode ens permet oferir solucions d\u00b4alta qualitat per garantir l\u00b4estabilitat de tot tipus de construccions. <br>Des de projectes residencials fins a grans estructures industrials, la nostra experi\u00e8ncia en murs de pantalla assegura que cada projecte estigui dissenyat per resistir les exig\u00e8ncies del terreny.<\/p>\n\n\n\n<p>Si est\u00e0s buscant experts en <strong>mur pantalla<\/strong> prop de<strong> Santomera<\/strong>, a Cimentaterra us oferim un servei personalitzat que s&#039;adapta a les condicions espec\u00edfiques de la vostra obra. <br>Amb anys d&#039;experi\u00e8ncia i una reputaci\u00f3 s\u00f2lida, ens comprometem a realitzar cada treball amb el m\u00e0xim est\u00e0ndard de qualitat.<\/p>\n\n\n\n<h2 class=\"wp-block-heading\">\u00bf qu\u00e8 triar Cimentaterra per als murs pantalla prop de Santomera?<\/h2>\n\n\n\n<p>El <strong>mur pantalla <\/strong>prop de <strong>Santomera<\/strong> \u00e9s una t\u00e8cnica essencial en la construcci\u00f3 de soterranis, contencions de terreny i excavacions profundes, sobretot en \u00e0rees on el terreny presenta reptes geot\u00e8cnics. <br>A Cimentaterra, utilitzem aquest m\u00e8tode per crear un suport segur i durador per a les estructures. <br>A m\u00e9s, com que \u00e9s una t\u00e8cnica que s&#039;executa in situ, permet adaptar-nos a les condicions de l&#039;entorn i millorar l&#039;efici\u00e8ncia a l&#039;obra.<\/p>\n\n\n\n<p><\/p>\n\n\n\n<p><\/p>\n<\/div><\/div>\n\n\n<style>.kadence-column2561_20c7b0-ab > .kt-inside-inner-col,.kadence-column2561_20c7b0-ab > .kt-inside-inner-col:before{border-top-left-radius:0px;border-top-right-radius:0px;border-bottom-right-radius:0px;border-bottom-left-radius:0px;}.kadence-column2561_20c7b0-ab > .kt-inside-inner-col{column-gap:var(--global-kb-gap-sm, 1rem);}.kadence-column2561_20c7b0-ab > .kt-inside-inner-col{flex-direction:column;}.kadence-column2561_20c7b0-ab > .kt-inside-inner-col > .aligncenter{width:100%;}.kadence-column2561_20c7b0-ab > .kt-inside-inner-col:before{opacity:0.3;}.kadence-column2561_20c7b0-ab{position:relative;}@media all and (max-width: 1024px){.kadence-column2561_20c7b0-ab > .kt-inside-inner-col{flex-direction:column;justify-content:center;}}@media all and (max-width: 767px){.kadence-column2561_20c7b0-ab > .kt-inside-inner-col{flex-direction:column;justify-content:center;}}<\/style>\n<div class=\"wp-block-kadence-column kadence-column2561_20c7b0-ab\"><div class=\"kt-inside-inner-col\"><style>.kb-image2561_a26aa7-ba .kb-image-has-overlay:after{opacity:0.3;}.kb-image2561_a26aa7-ba img.kb-img, .kb-image2561_a26aa7-ba .kb-img img{object-position:0% 51%;}<\/style>\n<figure class=\"wp-block-kadence-image kb-image2561_a26aa7-ba kb-image-is-ratio-size\" data-aos=\"fade-left\"><div class=\"kb-is-ratio-image kb-image-ratio-port23\"><img loading=\"lazy\" decoding=\"async\" width=\"1200\" height=\"1600\" src=\"https:\/\/cimentaterra.es\/wp-content\/uploads\/2024\/06\/plantas-de-inyeccion-3.jpg\" alt=\"\" class=\"kb-img wp-image-2450\" srcset=\"https:\/\/cimentaterra.es\/wp-content\/uploads\/2024\/06\/plantas-de-inyeccion-3.jpg 1200w, https:\/\/cimentaterra.es\/wp-content\/uploads\/2024\/06\/plantas-de-inyeccion-3-225x300.jpg 225w, https:\/\/cimentaterra.es\/wp-content\/uploads\/2024\/06\/plantas-de-inyeccion-3-768x1024.jpg 768w, https:\/\/cimentaterra.es\/wp-content\/uploads\/2024\/06\/plantas-de-inyeccion-3-1152x1536.jpg 1152w\" sizes=\"auto, (max-width: 1200px) 100vw, 1200px\" \/><\/div><\/figure>\n<\/div><\/div>\n\n<\/div><\/div>\n\n<style>.kb-row-layout-id2561_530925-9d > .kt-row-column-wrap{align-content:center;}:where(.kb-row-layout-id2561_530925-9d > .kt-row-column-wrap) > .wp-block-kadence-column{justify-content:center;}.kb-row-layout-id2561_530925-9d > .kt-row-column-wrap{column-gap:var(--global-kb-gap-lg, 4rem);row-gap:var(--global-kb-gap-md, 2rem);max-width:var( --global-content-width, 1290px );padding-left:var(--global-content-edge-padding);padding-right:var(--global-content-edge-padding);padding-top:var(--global-kb-spacing-3xl, 6.5rem);padding-bottom:var(--global-kb-spacing-3xl, 6.5rem);grid-template-columns:repeat(2, minmax(0, 1fr));}.kb-row-layout-id2561_530925-9d > .kt-row-layout-overlay{opacity:0.30;}@media all and (max-width: 1024px){.kb-row-layout-id2561_530925-9d > .kt-row-column-wrap{grid-template-columns:repeat(2, minmax(0, 1fr));}}@media all and (max-width: 767px){.kb-row-layout-id2561_530925-9d > .kt-row-column-wrap{grid-template-columns:minmax(0, 1fr);}}<\/style><div class=\"kb-row-layout-wrap kb-row-layout-id2561_530925-9d alignnone has-theme-palette8-background-color kt-row-has-bg wp-block-kadence-rowlayout\"><div class=\"kt-row-column-wrap kt-has-2-columns kt-row-layout-equal kt-tab-layout-inherit kt-mobile-layout-row kt-row-valign-middle kb-theme-content-width\">\n<style>.kadence-column2561_fe6f84-e8 > .kt-inside-inner-col,.kadence-column2561_fe6f84-e8 > .kt-inside-inner-col:before{border-top-left-radius:0px;border-top-right-radius:0px;border-bottom-right-radius:0px;border-bottom-left-radius:0px;}.kadence-column2561_fe6f84-e8 > .kt-inside-inner-col{column-gap:var(--global-kb-gap-sm, 1rem);}.kadence-column2561_fe6f84-e8 > .kt-inside-inner-col{flex-direction:column;}.kadence-column2561_fe6f84-e8 > .kt-inside-inner-col > .aligncenter{width:100%;}.kadence-column2561_fe6f84-e8 > .kt-inside-inner-col:before{opacity:0.3;}.kadence-column2561_fe6f84-e8{position:relative;}@media all and (max-width: 1024px){.kadence-column2561_fe6f84-e8 > .kt-inside-inner-col{flex-direction:column;justify-content:center;}}@media all and (max-width: 767px){.kadence-column2561_fe6f84-e8 > .kt-inside-inner-col{flex-direction:column;justify-content:center;}}<\/style>\n<div class=\"wp-block-kadence-column kadence-column2561_fe6f84-e8\"><div class=\"kt-inside-inner-col\"><style>.kb-image2561_1c1f73-09 .kb-image-has-overlay:after{opacity:0.3;}<\/style>\n<figure class=\"wp-block-kadence-image kb-image2561_1c1f73-09 kb-image-is-ratio-size\" data-aos=\"fade-right\"><div class=\"kb-is-ratio-image kb-image-ratio-port23\"><img loading=\"lazy\" decoding=\"async\" width=\"1200\" height=\"1600\" src=\"https:\/\/cimentaterra.es\/wp-content\/uploads\/2024\/05\/Fabricacion-con-su-CE-de-plantas-de-inyeccion-1.jpg\" alt=\"\" class=\"kb-img wp-image-2316\" srcset=\"https:\/\/cimentaterra.es\/wp-content\/uploads\/2024\/05\/Fabricacion-con-su-CE-de-plantas-de-inyeccion-1.jpg 1200w, https:\/\/cimentaterra.es\/wp-content\/uploads\/2024\/05\/Fabricacion-con-su-CE-de-plantas-de-inyeccion-1-225x300.jpg 225w, https:\/\/cimentaterra.es\/wp-content\/uploads\/2024\/05\/Fabricacion-con-su-CE-de-plantas-de-inyeccion-1-768x1024.jpg 768w, https:\/\/cimentaterra.es\/wp-content\/uploads\/2024\/05\/Fabricacion-con-su-CE-de-plantas-de-inyeccion-1-1152x1536.jpg 1152w\" sizes=\"auto, (max-width: 1200px) 100vw, 1200px\" \/><\/div><\/figure>\n<\/div><\/div>\n\n\n<style>.kadence-column2561_e5fadc-a0 > .kt-inside-inner-col,.kadence-column2561_e5fadc-a0 > .kt-inside-inner-col:before{border-top-left-radius:0px;border-top-right-radius:0px;border-bottom-right-radius:0px;border-bottom-left-radius:0px;}.kadence-column2561_e5fadc-a0 > .kt-inside-inner-col{column-gap:var(--global-kb-gap-sm, 1rem);}.kadence-column2561_e5fadc-a0 > .kt-inside-inner-col{flex-direction:column;}.kadence-column2561_e5fadc-a0 > .kt-inside-inner-col > .aligncenter{width:100%;}.kadence-column2561_e5fadc-a0 > .kt-inside-inner-col:before{opacity:0.3;}.kadence-column2561_e5fadc-a0{position:relative;}@media all and (max-width: 1024px){.kadence-column2561_e5fadc-a0 > .kt-inside-inner-col{flex-direction:column;justify-content:center;}}@media all and (max-width: 767px){.kadence-column2561_e5fadc-a0 > .kt-inside-inner-col{flex-direction:column;justify-content:center;}}<\/style>\n<div class=\"wp-block-kadence-column kadence-column2561_e5fadc-a0\"><div class=\"kt-inside-inner-col\">\n<p>Treballar amb nosaltres per a la instal\u00b7laci\u00f3 d&#039;un <strong>mur pantalla <\/strong>prop de <strong>Santomera<\/strong> garanteix que comptar\u00e0s amb un equip especialitzat que utilitza eines i tecnologies d&#039;avantguarda. El nostre objectiu \u00e9s sempre oferir solucions que no nom\u00e9s compleixin les normatives, sin\u00f3 que tamb\u00e9 optimitzin el temps i el pressupost del client.<\/p>\n\n\n\n<h2 class=\"wp-block-heading\">Beneficis dels murs pantalla a prop de Santomera<\/h2>\n\n\n\n<p>Els projectes que requereixen fonamentacions profundes es beneficien enormement de la t\u00e8cnica de <strong>mur pantalla <\/strong>prop de <strong>Santomera<\/strong>. <br>A Cimentaterra, oferim solucions que maximitzen la seguretat de la construcci\u00f3, ja que els murs pantalla actuen com a barreres que suporten les embranzides de la terra i l&#039;aigua. <br>Aquesta t\u00e8cnica permet una millor utilitzaci\u00f3 de l&#039;espai en soterranis i excavacions, i \u00e9s especialment \u00fatil per a \u00e0rees amb alta densitat d&#039;edificacions, com ara Santomera.<\/p>\n\n\n\n<p>Treballem estretament amb els nostres clients per assegurar-nos que cada projecte sigui un \u00e8xit des del comen\u00e7ament fins a la conclusi\u00f3. <br>Si necessites un <strong>mur pantalla <\/strong>prop de<strong> Santomera<\/strong>, a Cimentaterra estem a punt per oferir-te una soluci\u00f3 s\u00f2lida, segura i eficient per a qualsevol tipus de construcci\u00f3.<\/p>\n<\/div><\/div>\n\n<\/div><\/div>","protected":false},"excerpt":{"rendered":"<p>Muro pantalla Santomera Cimentaterra: Especialistas en muro pantalla cerca de Santomera En Cimentaterra, nos hemos consolidado como referentes en la construcci\u00f3n de cimentaciones profundas, con especializaci\u00f3n en la t\u00e9cnica de muro pantalla cerca de Santomera. Este m\u00e9todo nos permite ofrecer soluciones de alta calidad para garantizar la estabilidad de todo tipo de construcciones. Desde proyectos&#8230;<\/p>","protected":false},"author":1,"featured_media":0,"parent":0,"menu_order":23,"comment_status":"closed","ping_status":"closed","template":"","meta":{"_kad_blocks_custom_css":"","_kad_blocks_head_custom_js":"","_kad_blocks_body_custom_js":"","_kad_blocks_footer_custom_js":"","_kadence_starter_templates_imported_post":false,"_kad_post_transparent":"","_kad_post_title":"hide","_kad_post_layout":"fullwidth","_kad_post_sidebar_id":"","_kad_post_content_style":"unboxed","_kad_post_vertical_padding":"","_kad_post_feature":"","_kad_post_feature_position":"","_kad_post_header":false,"_kad_post_footer":false,"footnotes":""},"class_list":["post-2561","page","type-page","status-publish","hentry"],"taxonomy_info":[],"featured_image_src_large":false,"author_info":{"display_name":"eloi","author_link":"https:\/\/cimentaterra.es\/ca\/author\/eloi\/"},"comment_info":0,"_links":{"self":[{"href":"https:\/\/cimentaterra.es\/ca\/wp-json\/wp\/v2\/pages\/2561","targetHints":{"allow":["GET"]}}],"collection":[{"href":"https:\/\/cimentaterra.es\/ca\/wp-json\/wp\/v2\/pages"}],"about":[{"href":"https:\/\/cimentaterra.es\/ca\/wp-json\/wp\/v2\/types\/page"}],"author":[{"embeddable":true,"href":"https:\/\/cimentaterra.es\/ca\/wp-json\/wp\/v2\/users\/1"}],"replies":[{"embeddable":true,"href":"https:\/\/cimentaterra.es\/ca\/wp-json\/wp\/v2\/comments?post=2561"}],"version-history":[{"count":1,"href":"https:\/\/cimentaterra.es\/ca\/wp-json\/wp\/v2\/pages\/2561\/revisions"}],"predecessor-version":[{"id":2562,"href":"https:\/\/cimentaterra.es\/ca\/wp-json\/wp\/v2\/pages\/2561\/revisions\/2562"}],"wp:attachment":[{"href":"https:\/\/cimentaterra.es\/ca\/wp-json\/wp\/v2\/media?parent=2561"}],"curies":[{"name":"wp","href":"https:\/\/api.w.org\/{rel}","templated":true}]}}