{"id":2577,"date":"2024-10-16T09:16:12","date_gmt":"2024-10-16T07:16:12","guid":{"rendered":"https:\/\/cimentaterra.es\/?page_id=2577"},"modified":"2024-10-16T09:16:13","modified_gmt":"2024-10-16T07:16:13","slug":"muro-pantalla-barcelona","status":"publish","type":"page","link":"https:\/\/cimentaterra.es\/ca\/muro-pantalla-barcelona\/","title":{"rendered":"Mur pantalla Barcelona"},"content":{"rendered":"<style>.kb-row-layout-id2577_25c310-84 > .kt-row-column-wrap{align-content:center;}:where(.kb-row-layout-id2577_25c310-84 > .kt-row-column-wrap) > .wp-block-kadence-column{justify-content:center;}.kb-row-layout-id2577_25c310-84 > .kt-row-column-wrap{column-gap:var(--global-kb-gap-md, 2rem);row-gap:var(--global-kb-gap-none, 0rem );max-width:var( --global-content-width, 1290px );padding-left:var(--global-content-edge-padding);padding-right:var(--global-content-edge-padding);padding-top:80px;padding-right:24px;padding-bottom:80px;padding-left:24px;min-height:400px;grid-template-columns:minmax(0, 1fr);}.kb-row-layout-id2577_25c310-84 > .kt-row-layout-overlay{opacity:0.30;}.kb-row-layout-id2577_25c310-84{z-index:1475;position:relative;}.kb-row-layout-id2577_25c310-84 .kt-row-layout-bottom-sep{height:100px;}.kb-row-layout-id2577_25c310-84 .kt-row-layout-bottom-sep svg{width:100%;}.kb-row-layout-id2577_25c310-84 .kt-row-layout-bottom-sep svg{fill:#ffffff!important;}@media all and (max-width: 1024px){.kb-row-layout-id2577_25c310-84 > .kt-row-column-wrap{grid-template-columns:minmax(0, 1fr);}}@media all and (max-width: 1024px){.kb-row-layout-id2577_25c310-84 .kt-row-layout-bottom-sep{height:px;}}@media all and (max-width: 1024px){.kb-row-layout-id2577_25c310-84 .kt-row-layout-bottom-sep svg{width:%;}}@media all and (max-width: 767px){.kb-row-layout-id2577_25c310-84 > .kt-row-column-wrap{grid-template-columns:minmax(0, 1fr);}.kb-row-layout-id2577_25c310-84 .kt-row-layout-bottom-sep{height:px;}.kb-row-layout-id2577_25c310-84 .kt-row-layout-bottom-sep svg{width:%;}}.kb-row-layout-id2577_25c310-84 {z-index: 10;}<\/style><div class=\"kb-row-layout-wrap kb-row-layout-id2577_25c310-84 alignfull has-theme-palette8-background-color kt-row-has-bg wp-block-kadence-rowlayout\"><div class=\"kt-row-column-wrap kt-has-1-columns kt-row-layout-equal kt-tab-layout-inherit kt-mobile-layout-row kt-row-valign-middle kb-theme-content-width\">\n<style>.kadence-column2577_3df522-eb > .kt-inside-inner-col,.kadence-column2577_3df522-eb > .kt-inside-inner-col:before{border-top-left-radius:0px;border-top-right-radius:0px;border-bottom-right-radius:0px;border-bottom-left-radius:0px;}.kadence-column2577_3df522-eb > .kt-inside-inner-col{column-gap:var(--global-kb-gap-sm, 1rem);}.kadence-column2577_3df522-eb > .kt-inside-inner-col{flex-direction:column;}.kadence-column2577_3df522-eb > .kt-inside-inner-col > .aligncenter{width:100%;}.kadence-column2577_3df522-eb > .kt-inside-inner-col:before{opacity:0.3;}.kadence-column2577_3df522-eb{position:relative;}@media all and (max-width: 1024px){.kadence-column2577_3df522-eb > .kt-inside-inner-col{flex-direction:column;justify-content:center;}}@media all and (max-width: 767px){.kadence-column2577_3df522-eb > .kt-inside-inner-col{flex-direction:column;justify-content:center;}}<\/style>\n<div class=\"wp-block-kadence-column kadence-column2577_3df522-eb inner-column-1\"><div class=\"kt-inside-inner-col\"><style>.wp-block-kadence-advancedheading.kt-adv-heading2577_3d4cdb-8b, .wp-block-kadence-advancedheading.kt-adv-heading2577_3d4cdb-8b[data-kb-block=\"kb-adv-heading2577_3d4cdb-8b\"]{margin-top:var(--global-kb-spacing-xxs, 0.5rem);text-align:center;font-size:var(--global-kb-font-size-xl, 3rem);font-style:normal;}.wp-block-kadence-advancedheading.kt-adv-heading2577_3d4cdb-8b mark.kt-highlight, .wp-block-kadence-advancedheading.kt-adv-heading2577_3d4cdb-8b[data-kb-block=\"kb-adv-heading2577_3d4cdb-8b\"] mark.kt-highlight{font-style:normal;color:#f76a0c;-webkit-box-decoration-break:clone;box-decoration-break:clone;padding-top:0px;padding-right:0px;padding-bottom:0px;padding-left:0px;}<\/style>\n<h1 class=\"kt-adv-heading2577_3d4cdb-8b wp-block-kadence-advancedheading\" data-kb-block=\"kb-adv-heading2577_3d4cdb-8b\">Mur pantalla a Barcelona<\/h1>\n<\/div><\/div>\n\n<\/div><\/div>\n\n<style>.kb-row-layout-id2577_b28b8b-18 > .kt-row-column-wrap{align-content:center;}:where(.kb-row-layout-id2577_b28b8b-18 > .kt-row-column-wrap) > .wp-block-kadence-column{justify-content:center;}.kb-row-layout-id2577_b28b8b-18 > .kt-row-column-wrap{column-gap:var(--global-kb-gap-lg, 4rem);row-gap:var(--global-kb-gap-md, 2rem);max-width:var( --global-content-width, 1290px );padding-left:var(--global-content-edge-padding);padding-right:var(--global-content-edge-padding);padding-top:var(--global-kb-spacing-3xl, 6.5rem);padding-bottom:var(--global-kb-spacing-3xl, 6.5rem);grid-template-columns:repeat(2, minmax(0, 1fr));}.kb-row-layout-id2577_b28b8b-18 > .kt-row-layout-overlay{opacity:0.30;}@media all and (max-width: 1024px){.kb-row-layout-id2577_b28b8b-18 > .kt-row-column-wrap{grid-template-columns:repeat(2, minmax(0, 1fr));}}@media all and (max-width: 767px){.kb-row-layout-id2577_b28b8b-18 > .kt-row-column-wrap{grid-template-columns:minmax(0, 1fr);}}<\/style><div class=\"kb-row-layout-wrap kb-row-layout-id2577_b28b8b-18 alignnone wp-block-kadence-rowlayout\"><div class=\"kt-row-column-wrap kt-has-2-columns kt-row-layout-equal kt-tab-layout-inherit kt-mobile-layout-row kt-row-valign-middle kb-theme-content-width\">\n<style>.kadence-column2577_99929b-a7 > .kt-inside-inner-col,.kadence-column2577_99929b-a7 > .kt-inside-inner-col:before{border-top-left-radius:0px;border-top-right-radius:0px;border-bottom-right-radius:0px;border-bottom-left-radius:0px;}.kadence-column2577_99929b-a7 > .kt-inside-inner-col{column-gap:var(--global-kb-gap-sm, 1rem);}.kadence-column2577_99929b-a7 > .kt-inside-inner-col{flex-direction:column;}.kadence-column2577_99929b-a7 > .kt-inside-inner-col > .aligncenter{width:100%;}.kadence-column2577_99929b-a7 > .kt-inside-inner-col:before{opacity:0.3;}.kadence-column2577_99929b-a7{position:relative;}@media all and (max-width: 1024px){.kadence-column2577_99929b-a7 > .kt-inside-inner-col{flex-direction:column;justify-content:center;}}@media all and (max-width: 767px){.kadence-column2577_99929b-a7 > .kt-inside-inner-col{flex-direction:column;justify-content:center;}}<\/style>\n<div class=\"wp-block-kadence-column kadence-column2577_99929b-a7\"><div class=\"kt-inside-inner-col\">\n<h3 class=\"wp-block-heading\"><strong>Mur pantalla a Barcelona<\/strong><\/h3>\n\n\n\n<p>A Cimentaterra, ens especialitzem en oferir solucions innovadores de contenci\u00f3 i fonamentaci\u00f3 en projectes de construcci\u00f3 de gran envergadura. El nostre equip compta amb una \u00e0mplia experi\u00e8ncia en la instal\u00b7laci\u00f3 de <strong>mur pantalla a Barcelona<\/strong>, una t\u00e8cnica essencial per garantir la seguretat i l&#039;estabilitat en obres d&#039;excavaci\u00f3 profunda. Ja sigui en projectes residencials, comercials o industrials, ens comprometem a oferir serveis personalitzats que s&#039;adaptin a les caracter\u00edstiques del terreny i les necessitats del client.<\/p>\n\n\n\n<p>Amb l\u00fas de tecnologia avan\u00e7ada i un enfocament centrat en la qualitat, el nostre objectiu \u00e9s garantir que cada <strong>mur pantalla a Barcelona<\/strong> compleixi amb els est\u00e0ndards m\u00e9s alts de durabilitat i seguretat. Els nostres enginyers i t\u00e8cnics especialitzats s&#039;encarreguen de supervisar cada etapa del proc\u00e9s per assegurar-ne resultats impecables.<\/p>\n\n\n\n<h3 class=\"wp-block-heading\"><strong>Serveis de mur pantalla a Barcelona<\/strong><\/h3>\n\n\n\n<p>A Cimentaterra, oferim un servei complet d&#039;instal\u00b7laci\u00f3 de <strong>mur pantalla a Barcelona<\/strong>, adaptant-nos a les condicions del terreny i als requisits espec\u00edfics de cada projecte. El mur pantalla \u00e9s una t\u00e8cnica clau per a la contenci\u00f3 de terrenys i l&#039;estabilitzaci\u00f3 d&#039;excavacions profundes, com ara les requerides en la construcci\u00f3 de soterranis o infraestructures subterr\u00e0nies.<\/p>\n\n\n\n<p>El nostre proc\u00e9s de construcci\u00f3 de murs pantalla inclou l&#039;\u00fas de panells de concret armat que s&#039;instal\u00b7len al per\u00edmetre de l&#039;excavaci\u00f3. Aquests murs proporcionen una barrera de contenci\u00f3 resistent, capa\u00e7 de suportar la pressi\u00f3 del terreny i de l&#039;aigua subterr\u00e0nia, cosa que garanteix l&#039;estabilitat a llarg termini de l&#039;estructura. Cada <strong>mur pantalla a Barcelona<\/strong> que instal\u00b7lem \u00e9s dissenyat a mida, tenint en compte tant les condicions geot\u00e8cniques com les caracter\u00edstiques arquitect\u00f2niques del projecte.<\/p>\n<\/div><\/div>\n\n\n<style>.kadence-column2577_b66b52-cd > .kt-inside-inner-col,.kadence-column2577_b66b52-cd > .kt-inside-inner-col:before{border-top-left-radius:0px;border-top-right-radius:0px;border-bottom-right-radius:0px;border-bottom-left-radius:0px;}.kadence-column2577_b66b52-cd > .kt-inside-inner-col{column-gap:var(--global-kb-gap-sm, 1rem);}.kadence-column2577_b66b52-cd > .kt-inside-inner-col{flex-direction:column;}.kadence-column2577_b66b52-cd > .kt-inside-inner-col > .aligncenter{width:100%;}.kadence-column2577_b66b52-cd > .kt-inside-inner-col:before{opacity:0.3;}.kadence-column2577_b66b52-cd{position:relative;}@media all and (max-width: 1024px){.kadence-column2577_b66b52-cd > .kt-inside-inner-col{flex-direction:column;justify-content:center;}}@media all and (max-width: 767px){.kadence-column2577_b66b52-cd > .kt-inside-inner-col{flex-direction:column;justify-content:center;}}<\/style>\n<div class=\"wp-block-kadence-column kadence-column2577_b66b52-cd\"><div class=\"kt-inside-inner-col\"><style>.kb-image2577_3e6feb-cb .kb-image-has-overlay:after{opacity:0.3;}.kb-image2577_3e6feb-cb img.kb-img, .kb-image2577_3e6feb-cb .kb-img img{object-position:0% 51%;}<\/style>\n<figure class=\"wp-block-kadence-image kb-image2577_3e6feb-cb kb-image-is-ratio-size\" data-aos=\"fade-left\"><div class=\"kb-is-ratio-image kb-image-ratio-port23\"><img loading=\"lazy\" decoding=\"async\" width=\"1200\" height=\"1600\" src=\"https:\/\/cimentaterra.es\/wp-content\/uploads\/2024\/06\/plantas-de-inyeccion-3.jpg\" alt=\"\" class=\"kb-img wp-image-2450\" srcset=\"https:\/\/cimentaterra.es\/wp-content\/uploads\/2024\/06\/plantas-de-inyeccion-3.jpg 1200w, https:\/\/cimentaterra.es\/wp-content\/uploads\/2024\/06\/plantas-de-inyeccion-3-225x300.jpg 225w, https:\/\/cimentaterra.es\/wp-content\/uploads\/2024\/06\/plantas-de-inyeccion-3-768x1024.jpg 768w, https:\/\/cimentaterra.es\/wp-content\/uploads\/2024\/06\/plantas-de-inyeccion-3-1152x1536.jpg 1152w\" sizes=\"auto, (max-width: 1200px) 100vw, 1200px\" \/><\/div><\/figure>\n<\/div><\/div>\n\n<\/div><\/div>\n\n<style>.kb-row-layout-id2577_3c2965-d0 > .kt-row-column-wrap{align-content:center;}:where(.kb-row-layout-id2577_3c2965-d0 > .kt-row-column-wrap) > .wp-block-kadence-column{justify-content:center;}.kb-row-layout-id2577_3c2965-d0 > .kt-row-column-wrap{column-gap:var(--global-kb-gap-lg, 4rem);row-gap:var(--global-kb-gap-md, 2rem);max-width:var( --global-content-width, 1290px );padding-left:var(--global-content-edge-padding);padding-right:var(--global-content-edge-padding);padding-top:var(--global-kb-spacing-3xl, 6.5rem);padding-bottom:var(--global-kb-spacing-3xl, 6.5rem);grid-template-columns:repeat(2, minmax(0, 1fr));}.kb-row-layout-id2577_3c2965-d0 > .kt-row-layout-overlay{opacity:0.30;}@media all and (max-width: 1024px){.kb-row-layout-id2577_3c2965-d0 > .kt-row-column-wrap{grid-template-columns:repeat(2, minmax(0, 1fr));}}@media all and (max-width: 767px){.kb-row-layout-id2577_3c2965-d0 > .kt-row-column-wrap{grid-template-columns:minmax(0, 1fr);}}<\/style><div class=\"kb-row-layout-wrap kb-row-layout-id2577_3c2965-d0 alignnone has-theme-palette8-background-color kt-row-has-bg wp-block-kadence-rowlayout\"><div class=\"kt-row-column-wrap kt-has-2-columns kt-row-layout-equal kt-tab-layout-inherit kt-mobile-layout-row kt-row-valign-middle kb-theme-content-width\">\n<style>.kadence-column2577_53134d-1f > .kt-inside-inner-col,.kadence-column2577_53134d-1f > .kt-inside-inner-col:before{border-top-left-radius:0px;border-top-right-radius:0px;border-bottom-right-radius:0px;border-bottom-left-radius:0px;}.kadence-column2577_53134d-1f > .kt-inside-inner-col{column-gap:var(--global-kb-gap-sm, 1rem);}.kadence-column2577_53134d-1f > .kt-inside-inner-col{flex-direction:column;}.kadence-column2577_53134d-1f > .kt-inside-inner-col > .aligncenter{width:100%;}.kadence-column2577_53134d-1f > .kt-inside-inner-col:before{opacity:0.3;}.kadence-column2577_53134d-1f{position:relative;}@media all and (max-width: 1024px){.kadence-column2577_53134d-1f > .kt-inside-inner-col{flex-direction:column;justify-content:center;}}@media all and (max-width: 767px){.kadence-column2577_53134d-1f > .kt-inside-inner-col{flex-direction:column;justify-content:center;}}<\/style>\n<div class=\"wp-block-kadence-column kadence-column2577_53134d-1f\"><div class=\"kt-inside-inner-col\"><style>.kb-image2577_d30fd8-fe .kb-image-has-overlay:after{opacity:0.3;}<\/style>\n<figure class=\"wp-block-kadence-image kb-image2577_d30fd8-fe kb-image-is-ratio-size\" data-aos=\"fade-right\"><div class=\"kb-is-ratio-image kb-image-ratio-port23\"><img loading=\"lazy\" decoding=\"async\" width=\"1200\" height=\"1600\" src=\"https:\/\/cimentaterra.es\/wp-content\/uploads\/2024\/05\/Fabricacion-con-su-CE-de-plantas-de-inyeccion-1.jpg\" alt=\"\" class=\"kb-img wp-image-2316\" srcset=\"https:\/\/cimentaterra.es\/wp-content\/uploads\/2024\/05\/Fabricacion-con-su-CE-de-plantas-de-inyeccion-1.jpg 1200w, https:\/\/cimentaterra.es\/wp-content\/uploads\/2024\/05\/Fabricacion-con-su-CE-de-plantas-de-inyeccion-1-225x300.jpg 225w, https:\/\/cimentaterra.es\/wp-content\/uploads\/2024\/05\/Fabricacion-con-su-CE-de-plantas-de-inyeccion-1-768x1024.jpg 768w, https:\/\/cimentaterra.es\/wp-content\/uploads\/2024\/05\/Fabricacion-con-su-CE-de-plantas-de-inyeccion-1-1152x1536.jpg 1152w\" sizes=\"auto, (max-width: 1200px) 100vw, 1200px\" \/><\/div><\/figure>\n<\/div><\/div>\n\n\n<style>.kadence-column2577_ed3754-bf > .kt-inside-inner-col,.kadence-column2577_ed3754-bf > .kt-inside-inner-col:before{border-top-left-radius:0px;border-top-right-radius:0px;border-bottom-right-radius:0px;border-bottom-left-radius:0px;}.kadence-column2577_ed3754-bf > .kt-inside-inner-col{column-gap:var(--global-kb-gap-sm, 1rem);}.kadence-column2577_ed3754-bf > .kt-inside-inner-col{flex-direction:column;}.kadence-column2577_ed3754-bf > .kt-inside-inner-col > .aligncenter{width:100%;}.kadence-column2577_ed3754-bf > .kt-inside-inner-col:before{opacity:0.3;}.kadence-column2577_ed3754-bf{position:relative;}@media all and (max-width: 1024px){.kadence-column2577_ed3754-bf > .kt-inside-inner-col{flex-direction:column;justify-content:center;}}@media all and (max-width: 767px){.kadence-column2577_ed3754-bf > .kt-inside-inner-col{flex-direction:column;justify-content:center;}}<\/style>\n<div class=\"wp-block-kadence-column kadence-column2577_ed3754-bf\"><div class=\"kt-inside-inner-col\">\n<h3 class=\"wp-block-heading\"><strong>Beneficis d&#039;optar per un mur de pantalla a Barcelona<\/strong> amb Cimentaterra<\/h3>\n\n\n\n<p>Triar un <strong>mur pantalla a Barcelona<\/strong> per al teu projecte de construcci\u00f3 ofereix una s\u00e8rie de beneficis importants. No nom\u00e9s garanteix m\u00e9s seguretat estructural, sin\u00f3 que tamb\u00e9 permet una optimitzaci\u00f3 de l&#039;espai disponible en projectes urbans, on les excavacions profundes s\u00f3n necess\u00e0ries per\u00f2 l&#039;espai \u00e9s limitat. A m\u00e9s, en utilitzar aquesta t\u00e8cnica, es minimitzen els riscos associats amb el col\u00b7lapse del terreny, cosa que protegeix tant les estructures ve\u00efnes com la integritat del projecte.<\/p>\n\n\n\n<p>A Cimentaterra, treballem sota estrictes par\u00e0metres de sostenibilitat i efici\u00e8ncia. Integrem pr\u00e0ctiques ecoamigables en cada etapa del proc\u00e9s de construcci\u00f3, assegurant que els nostres <strong>murs pantalla a Barcelona<\/strong> no nom\u00e9s compleixin les normatives vigents, sin\u00f3 que tamb\u00e9 aportin valor a llarg termini en reduir els costos de manteniment i reparaci\u00f3.<\/p>\n\n\n\n<p>Confia a Cimentaterra per al teu proper projecte i assegura l&#039;estabilitat de la teva construcci\u00f3 amb els nostres experts en <strong>mur pantalla a Barcelona<\/strong>. Som aqu\u00ed per garantir que la teva obra estigui fonamentada sobre bases s\u00f2lides i segures!<\/p>\n<\/div><\/div>\n\n<\/div><\/div>","protected":false},"excerpt":{"rendered":"<p>Muro pantalla en Barcelona Muro pantalla en Barcelona En Cimentaterra, nos especializamos en ofrecer soluciones innovadoras de contenci\u00f3n y cimentaci\u00f3n en proyectos de construcci\u00f3n de gran envergadura. Nuestro equipo cuenta con una amplia experiencia en la instalaci\u00f3n de muro pantalla en Barcelona, una t\u00e9cnica esencial para garantizar la seguridad y estabilidad en obras de excavaci\u00f3n&#8230;<\/p>","protected":false},"author":1,"featured_media":0,"parent":0,"menu_order":21,"comment_status":"closed","ping_status":"closed","template":"","meta":{"_kad_blocks_custom_css":"","_kad_blocks_head_custom_js":"","_kad_blocks_body_custom_js":"","_kad_blocks_footer_custom_js":"","_kadence_starter_templates_imported_post":false,"_kad_post_transparent":"","_kad_post_title":"hide","_kad_post_layout":"fullwidth","_kad_post_sidebar_id":"","_kad_post_content_style":"unboxed","_kad_post_vertical_padding":"","_kad_post_feature":"","_kad_post_feature_position":"","_kad_post_header":false,"_kad_post_footer":false,"footnotes":""},"class_list":["post-2577","page","type-page","status-publish","hentry"],"taxonomy_info":[],"featured_image_src_large":false,"author_info":{"display_name":"eloi","author_link":"https:\/\/cimentaterra.es\/ca\/author\/eloi\/"},"comment_info":0,"_links":{"self":[{"href":"https:\/\/cimentaterra.es\/ca\/wp-json\/wp\/v2\/pages\/2577","targetHints":{"allow":["GET"]}}],"collection":[{"href":"https:\/\/cimentaterra.es\/ca\/wp-json\/wp\/v2\/pages"}],"about":[{"href":"https:\/\/cimentaterra.es\/ca\/wp-json\/wp\/v2\/types\/page"}],"author":[{"embeddable":true,"href":"https:\/\/cimentaterra.es\/ca\/wp-json\/wp\/v2\/users\/1"}],"replies":[{"embeddable":true,"href":"https:\/\/cimentaterra.es\/ca\/wp-json\/wp\/v2\/comments?post=2577"}],"version-history":[{"count":1,"href":"https:\/\/cimentaterra.es\/ca\/wp-json\/wp\/v2\/pages\/2577\/revisions"}],"predecessor-version":[{"id":2578,"href":"https:\/\/cimentaterra.es\/ca\/wp-json\/wp\/v2\/pages\/2577\/revisions\/2578"}],"wp:attachment":[{"href":"https:\/\/cimentaterra.es\/ca\/wp-json\/wp\/v2\/media?parent=2577"}],"curies":[{"name":"wp","href":"https:\/\/api.w.org\/{rel}","templated":true}]}}