{"id":2596,"date":"2024-11-28T15:43:08","date_gmt":"2024-11-28T14:43:08","guid":{"rendered":"https:\/\/cimentaterra.es\/?page_id=2596"},"modified":"2024-11-28T15:43:08","modified_gmt":"2024-11-28T14:43:08","slug":"micropilotes-en-cartagena","status":"publish","type":"page","link":"https:\/\/cimentaterra.es\/ca\/micropilotes\/micropilotes-en-cartagena\/","title":{"rendered":"Micropilots a Cartagena"},"content":{"rendered":"<style>.kb-row-layout-id2596_0d5429-36 > .kt-row-column-wrap{align-content:center;}:where(.kb-row-layout-id2596_0d5429-36 > .kt-row-column-wrap) > .wp-block-kadence-column{justify-content:center;}.kb-row-layout-id2596_0d5429-36 > .kt-row-column-wrap{column-gap:var(--global-kb-gap-md, 2rem);row-gap:var(--global-kb-gap-none, 0rem );max-width:var( --global-content-width, 1290px );padding-left:var(--global-content-edge-padding);padding-right:var(--global-content-edge-padding);padding-top:80px;padding-right:24px;padding-bottom:80px;padding-left:24px;min-height:400px;grid-template-columns:minmax(0, 1fr);}.kb-row-layout-id2596_0d5429-36 > .kt-row-layout-overlay{opacity:0.30;}.kb-row-layout-id2596_0d5429-36{z-index:1475;position:relative;}.kb-row-layout-id2596_0d5429-36 .kt-row-layout-bottom-sep{height:100px;}.kb-row-layout-id2596_0d5429-36 .kt-row-layout-bottom-sep svg{width:100%;}.kb-row-layout-id2596_0d5429-36 .kt-row-layout-bottom-sep svg{fill:#ffffff!important;}@media all and (max-width: 1024px){.kb-row-layout-id2596_0d5429-36 > .kt-row-column-wrap{grid-template-columns:minmax(0, 1fr);}}@media all and (max-width: 1024px){.kb-row-layout-id2596_0d5429-36 .kt-row-layout-bottom-sep{height:px;}}@media all and (max-width: 1024px){.kb-row-layout-id2596_0d5429-36 .kt-row-layout-bottom-sep svg{width:%;}}@media all and (max-width: 767px){.kb-row-layout-id2596_0d5429-36 > .kt-row-column-wrap{grid-template-columns:minmax(0, 1fr);}.kb-row-layout-id2596_0d5429-36 .kt-row-layout-bottom-sep{height:px;}.kb-row-layout-id2596_0d5429-36 .kt-row-layout-bottom-sep svg{width:%;}}.kb-row-layout-id2596_0d5429-36 {z-index: 10;}<\/style><div class=\"kb-row-layout-wrap kb-row-layout-id2596_0d5429-36 alignfull has-theme-palette8-background-color kt-row-has-bg wp-block-kadence-rowlayout\"><div class=\"kt-row-column-wrap kt-has-1-columns kt-row-layout-equal kt-tab-layout-inherit kt-mobile-layout-row kt-row-valign-middle kb-theme-content-width\">\n<style>.kadence-column2596_3b3e23-18 > .kt-inside-inner-col,.kadence-column2596_3b3e23-18 > .kt-inside-inner-col:before{border-top-left-radius:0px;border-top-right-radius:0px;border-bottom-right-radius:0px;border-bottom-left-radius:0px;}.kadence-column2596_3b3e23-18 > .kt-inside-inner-col{column-gap:var(--global-kb-gap-sm, 1rem);}.kadence-column2596_3b3e23-18 > .kt-inside-inner-col{flex-direction:column;}.kadence-column2596_3b3e23-18 > .kt-inside-inner-col > .aligncenter{width:100%;}.kadence-column2596_3b3e23-18 > .kt-inside-inner-col:before{opacity:0.3;}.kadence-column2596_3b3e23-18{position:relative;}@media all and (max-width: 1024px){.kadence-column2596_3b3e23-18 > .kt-inside-inner-col{flex-direction:column;justify-content:center;}}@media all and (max-width: 767px){.kadence-column2596_3b3e23-18 > .kt-inside-inner-col{flex-direction:column;justify-content:center;}}<\/style>\n<div class=\"wp-block-kadence-column kadence-column2596_3b3e23-18 inner-column-1\"><div class=\"kt-inside-inner-col\"><style>.wp-block-kadence-advancedheading.kt-adv-heading2596_effafa-f7, .wp-block-kadence-advancedheading.kt-adv-heading2596_effafa-f7[data-kb-block=\"kb-adv-heading2596_effafa-f7\"]{margin-top:0px;margin-bottom:0px;text-align:center;font-size:var(--global-kb-font-size-md, 1.25rem);line-height:1.3;font-style:normal;text-transform:uppercase;}.wp-block-kadence-advancedheading.kt-adv-heading2596_effafa-f7 mark.kt-highlight, .wp-block-kadence-advancedheading.kt-adv-heading2596_effafa-f7[data-kb-block=\"kb-adv-heading2596_effafa-f7\"] mark.kt-highlight{font-style:normal;color:#f76a0c;-webkit-box-decoration-break:clone;box-decoration-break:clone;padding-top:0px;padding-right:0px;padding-bottom:0px;padding-left:0px;}@media all and (max-width: 1024px){.wp-block-kadence-advancedheading.kt-adv-heading2596_effafa-f7, .wp-block-kadence-advancedheading.kt-adv-heading2596_effafa-f7[data-kb-block=\"kb-adv-heading2596_effafa-f7\"]{font-size:var(--global-kb-font-size-md, 1.25rem);line-height:1.3;}}@media all and (max-width: 767px){.wp-block-kadence-advancedheading.kt-adv-heading2596_effafa-f7, .wp-block-kadence-advancedheading.kt-adv-heading2596_effafa-f7[data-kb-block=\"kb-adv-heading2596_effafa-f7\"]{font-size:var(--global-kb-font-size-md, 1.25rem);line-height:1.3;}}<\/style>\n<p class=\"kt-adv-heading2596_effafa-f7 wp-block-kadence-advancedheading has-theme-palette-1-color has-text-color\" data-kb-block=\"kb-adv-heading2596_effafa-f7\">Micropilots a Cartagena<\/p>\n\n\n<style>.wp-block-kadence-advancedheading.kt-adv-heading2596_fa14cd-eb, .wp-block-kadence-advancedheading.kt-adv-heading2596_fa14cd-eb[data-kb-block=\"kb-adv-heading2596_fa14cd-eb\"]{margin-top:var(--global-kb-spacing-xxs, 0.5rem);text-align:center;font-size:var(--global-kb-font-size-xl, 3rem);font-style:normal;}.wp-block-kadence-advancedheading.kt-adv-heading2596_fa14cd-eb mark.kt-highlight, .wp-block-kadence-advancedheading.kt-adv-heading2596_fa14cd-eb[data-kb-block=\"kb-adv-heading2596_fa14cd-eb\"] mark.kt-highlight{font-style:normal;color:#f76a0c;-webkit-box-decoration-break:clone;box-decoration-break:clone;padding-top:0px;padding-right:0px;padding-bottom:0px;padding-left:0px;}<\/style>\n<h1 class=\"kt-adv-heading2596_fa14cd-eb wp-block-kadence-advancedheading\" data-kb-block=\"kb-adv-heading2596_fa14cd-eb\"><strong>Micropilots A prop de Cartagena: Solucions Innovadores per a Terrenys Complexos<\/strong><\/h1>\n<\/div><\/div>\n\n<\/div><\/div>\n\n<style>.kb-row-layout-id2596_8b1494-b2 > .kt-row-column-wrap{align-content:center;}:where(.kb-row-layout-id2596_8b1494-b2 > .kt-row-column-wrap) > .wp-block-kadence-column{justify-content:center;}.kb-row-layout-id2596_8b1494-b2 > .kt-row-column-wrap{column-gap:var(--global-kb-gap-lg, 4rem);row-gap:var(--global-kb-gap-md, 2rem);max-width:var( --global-content-width, 1290px );padding-left:var(--global-content-edge-padding);padding-right:var(--global-content-edge-padding);padding-top:var(--global-kb-spacing-3xl, 6.5rem);padding-bottom:var(--global-kb-spacing-3xl, 6.5rem);grid-template-columns:repeat(2, minmax(0, 1fr));}.kb-row-layout-id2596_8b1494-b2 > .kt-row-layout-overlay{opacity:0.30;}@media all and (max-width: 1024px){.kb-row-layout-id2596_8b1494-b2 > .kt-row-column-wrap{grid-template-columns:repeat(2, minmax(0, 1fr));}}@media all and (max-width: 767px){.kb-row-layout-id2596_8b1494-b2 > .kt-row-column-wrap{grid-template-columns:minmax(0, 1fr);}}<\/style><div class=\"kb-row-layout-wrap kb-row-layout-id2596_8b1494-b2 alignnone wp-block-kadence-rowlayout\"><div class=\"kt-row-column-wrap kt-has-2-columns kt-row-layout-equal kt-tab-layout-inherit kt-mobile-layout-row kt-row-valign-middle kb-theme-content-width\">\n<style>.kadence-column2596_a6aa31-79 > .kt-inside-inner-col,.kadence-column2596_a6aa31-79 > .kt-inside-inner-col:before{border-top-left-radius:0px;border-top-right-radius:0px;border-bottom-right-radius:0px;border-bottom-left-radius:0px;}.kadence-column2596_a6aa31-79 > .kt-inside-inner-col{column-gap:var(--global-kb-gap-sm, 1rem);}.kadence-column2596_a6aa31-79 > .kt-inside-inner-col{flex-direction:column;}.kadence-column2596_a6aa31-79 > .kt-inside-inner-col > .aligncenter{width:100%;}.kadence-column2596_a6aa31-79 > .kt-inside-inner-col:before{opacity:0.3;}.kadence-column2596_a6aa31-79{position:relative;}@media all and (max-width: 1024px){.kadence-column2596_a6aa31-79 > .kt-inside-inner-col{flex-direction:column;justify-content:center;}}@media all and (max-width: 767px){.kadence-column2596_a6aa31-79 > .kt-inside-inner-col{flex-direction:column;justify-content:center;}}<\/style>\n<div class=\"wp-block-kadence-column kadence-column2596_a6aa31-79\"><div class=\"kt-inside-inner-col\">\n<p>Els <strong>micropilots a prop Cartagena <\/strong>s\u00f3n essencials per a fonamentacions en terrenys desafiadors, com aquells amb alta humitat o poca resist\u00e8ncia. Aquestes estructures permeten refor\u00e7ar edificacions existents i garantir l&#039;estabilitat en projectes nous o de rehabilitaci\u00f3 sense generar grans vibracions ni afectar l&#039;entorn urb\u00e0. i creixement urb\u00e0, requereix solucions com els micropilots per assegurar construccions duradores i eficients.<\/p>\n\n\n\n<h3 class=\"wp-block-heading\">Per qu\u00e8 Triar Cimentaterra<\/h3>\n\n\n\n<p>Cimentaterra \u00e9s l&#039;opci\u00f3 l\u00edder per a la instal\u00b7laci\u00f3 de <strong>micropilots a prop Cartagena. <\/strong>Amb una experi\u00e8ncia comprovada i un equip t\u00e8cnic especialitzat, l&#039;empresa ofereix solucions personalitzades que responen a les caracter\u00edstiques geot\u00e8cniques locals. El seu enfocament en tecnologia avan\u00e7ada assegura feines precises, r\u00e0pides i m\u00ednimament invasives, ideals per a projectes en \u00e0rees urbanes denses. A m\u00e9s, destaquen pel comprom\u00eds amb la sostenibilitat, utilitzant materials d&#039;alta qualitat i t\u00e8cniques que minimitzen l&#039;impacte ambiental.<\/p>\n<\/div><\/div>\n\n\n<style>.kadence-column2596_b56a06-2d > .kt-inside-inner-col,.kadence-column2596_b56a06-2d > .kt-inside-inner-col:before{border-top-left-radius:0px;border-top-right-radius:0px;border-bottom-right-radius:0px;border-bottom-left-radius:0px;}.kadence-column2596_b56a06-2d > .kt-inside-inner-col{column-gap:var(--global-kb-gap-sm, 1rem);}.kadence-column2596_b56a06-2d > .kt-inside-inner-col{flex-direction:column;}.kadence-column2596_b56a06-2d > .kt-inside-inner-col > .aligncenter{width:100%;}.kadence-column2596_b56a06-2d > .kt-inside-inner-col:before{opacity:0.3;}.kadence-column2596_b56a06-2d{position:relative;}@media all and (max-width: 1024px){.kadence-column2596_b56a06-2d > .kt-inside-inner-col{flex-direction:column;justify-content:center;}}@media all and (max-width: 767px){.kadence-column2596_b56a06-2d > .kt-inside-inner-col{flex-direction:column;justify-content:center;}}<\/style>\n<div class=\"wp-block-kadence-column kadence-column2596_b56a06-2d\"><div class=\"kt-inside-inner-col\"><style>.kb-image2596_3931a6-f5 .kb-image-has-overlay:after{opacity:0.3;}<\/style>\n<figure class=\"wp-block-kadence-image kb-image2596_3931a6-f5 size-large kb-image-is-ratio-size\" data-aos=\"fade-left\"><div class=\"kb-is-ratio-image kb-image-ratio-land32\"><img loading=\"lazy\" decoding=\"async\" width=\"766\" height=\"1024\" src=\"https:\/\/cimentaterra.es\/wp-content\/uploads\/2024\/06\/Imagen-de-WhatsApp-2024-06-06-a-las-10.18.43_b29b247d-766x1024.jpg\" alt=\"\" class=\"kb-img wp-image-2382\" srcset=\"https:\/\/cimentaterra.es\/wp-content\/uploads\/2024\/06\/Imagen-de-WhatsApp-2024-06-06-a-las-10.18.43_b29b247d-766x1024.jpg 766w, https:\/\/cimentaterra.es\/wp-content\/uploads\/2024\/06\/Imagen-de-WhatsApp-2024-06-06-a-las-10.18.43_b29b247d-224x300.jpg 224w, https:\/\/cimentaterra.es\/wp-content\/uploads\/2024\/06\/Imagen-de-WhatsApp-2024-06-06-a-las-10.18.43_b29b247d-768x1027.jpg 768w, https:\/\/cimentaterra.es\/wp-content\/uploads\/2024\/06\/Imagen-de-WhatsApp-2024-06-06-a-las-10.18.43_b29b247d-1149x1536.jpg 1149w, https:\/\/cimentaterra.es\/wp-content\/uploads\/2024\/06\/Imagen-de-WhatsApp-2024-06-06-a-las-10.18.43_b29b247d.jpg 1496w\" sizes=\"auto, (max-width: 766px) 100vw, 766px\" \/><\/div><\/figure>\n<\/div><\/div>\n\n<\/div><\/div>\n\n<style>.kb-row-layout-id2596_6fc7e1-14 > .kt-row-column-wrap{align-content:center;}:where(.kb-row-layout-id2596_6fc7e1-14 > .kt-row-column-wrap) > .wp-block-kadence-column{justify-content:center;}.kb-row-layout-id2596_6fc7e1-14 > .kt-row-column-wrap{column-gap:var(--global-kb-gap-lg, 4rem);row-gap:var(--global-kb-gap-md, 2rem);max-width:var( --global-content-width, 1290px );padding-left:var(--global-content-edge-padding);padding-right:var(--global-content-edge-padding);padding-top:var(--global-kb-spacing-3xl, 6.5rem);padding-bottom:var(--global-kb-spacing-3xl, 6.5rem);grid-template-columns:repeat(2, minmax(0, 1fr));}.kb-row-layout-id2596_6fc7e1-14 > .kt-row-layout-overlay{opacity:0.30;}@media all and (max-width: 1024px){.kb-row-layout-id2596_6fc7e1-14 > .kt-row-column-wrap{grid-template-columns:repeat(2, minmax(0, 1fr));}}@media all and (max-width: 767px){.kb-row-layout-id2596_6fc7e1-14 > .kt-row-column-wrap{grid-template-columns:minmax(0, 1fr);}}<\/style><div class=\"kb-row-layout-wrap kb-row-layout-id2596_6fc7e1-14 alignnone has-theme-palette8-background-color kt-row-has-bg wp-block-kadence-rowlayout\"><div class=\"kt-row-column-wrap kt-has-2-columns kt-row-layout-equal kt-tab-layout-inherit kt-mobile-layout-row kt-row-valign-middle kb-theme-content-width\">\n<style>.kadence-column2596_2b3364-9b > .kt-inside-inner-col,.kadence-column2596_2b3364-9b > .kt-inside-inner-col:before{border-top-left-radius:0px;border-top-right-radius:0px;border-bottom-right-radius:0px;border-bottom-left-radius:0px;}.kadence-column2596_2b3364-9b > .kt-inside-inner-col{column-gap:var(--global-kb-gap-sm, 1rem);}.kadence-column2596_2b3364-9b > .kt-inside-inner-col{flex-direction:column;}.kadence-column2596_2b3364-9b > .kt-inside-inner-col > .aligncenter{width:100%;}.kadence-column2596_2b3364-9b > .kt-inside-inner-col:before{opacity:0.3;}.kadence-column2596_2b3364-9b{position:relative;}@media all and (max-width: 1024px){.kadence-column2596_2b3364-9b > .kt-inside-inner-col{flex-direction:column;justify-content:center;}}@media all and (max-width: 767px){.kadence-column2596_2b3364-9b > .kt-inside-inner-col{flex-direction:column;justify-content:center;}}<\/style>\n<div class=\"wp-block-kadence-column kadence-column2596_2b3364-9b\"><div class=\"kt-inside-inner-col\"><style>.kb-image2596_681799-42 .kb-image-has-overlay:after{opacity:0.3;}<\/style>\n<figure class=\"wp-block-kadence-image kb-image2596_681799-42 kb-image-is-ratio-size\" data-aos=\"fade-right\"><div class=\"kb-is-ratio-image kb-image-ratio-land32\"><img loading=\"lazy\" decoding=\"async\" width=\"1496\" height=\"2000\" src=\"https:\/\/cimentaterra.es\/wp-content\/uploads\/2024\/06\/Imagen-de-WhatsApp-2024-05-16-a-las-12.21.03_e6297816-1.jpg\" alt=\"\" class=\"kb-img wp-image-2383\" srcset=\"https:\/\/cimentaterra.es\/wp-content\/uploads\/2024\/06\/Imagen-de-WhatsApp-2024-05-16-a-las-12.21.03_e6297816-1.jpg 1496w, https:\/\/cimentaterra.es\/wp-content\/uploads\/2024\/06\/Imagen-de-WhatsApp-2024-05-16-a-las-12.21.03_e6297816-1-224x300.jpg 224w, https:\/\/cimentaterra.es\/wp-content\/uploads\/2024\/06\/Imagen-de-WhatsApp-2024-05-16-a-las-12.21.03_e6297816-1-766x1024.jpg 766w, https:\/\/cimentaterra.es\/wp-content\/uploads\/2024\/06\/Imagen-de-WhatsApp-2024-05-16-a-las-12.21.03_e6297816-1-768x1027.jpg 768w, https:\/\/cimentaterra.es\/wp-content\/uploads\/2024\/06\/Imagen-de-WhatsApp-2024-05-16-a-las-12.21.03_e6297816-1-1149x1536.jpg 1149w\" sizes=\"auto, (max-width: 1496px) 100vw, 1496px\" \/><\/div><\/figure>\n<\/div><\/div>\n\n\n<style>.kadence-column2596_c85ccd-b0 > .kt-inside-inner-col,.kadence-column2596_c85ccd-b0 > .kt-inside-inner-col:before{border-top-left-radius:0px;border-top-right-radius:0px;border-bottom-right-radius:0px;border-bottom-left-radius:0px;}.kadence-column2596_c85ccd-b0 > .kt-inside-inner-col{column-gap:var(--global-kb-gap-sm, 1rem);}.kadence-column2596_c85ccd-b0 > .kt-inside-inner-col{flex-direction:column;}.kadence-column2596_c85ccd-b0 > .kt-inside-inner-col > .aligncenter{width:100%;}.kadence-column2596_c85ccd-b0 > .kt-inside-inner-col:before{opacity:0.3;}.kadence-column2596_c85ccd-b0{position:relative;}@media all and (max-width: 1024px){.kadence-column2596_c85ccd-b0 > .kt-inside-inner-col{flex-direction:column;justify-content:center;}}@media all and (max-width: 767px){.kadence-column2596_c85ccd-b0 > .kt-inside-inner-col{flex-direction:column;justify-content:center;}}<\/style>\n<div class=\"wp-block-kadence-column kadence-column2596_c85ccd-b0\"><div class=\"kt-inside-inner-col\">\n<h2 class=\"wp-block-heading\">Avantatges dels Micropilots a Cartagena<\/h2>\n\n\n\n<p>Els micropilots s\u00f3n una soluci\u00f3 adaptable per a tot tipus de construccions. La seva instal\u00b7laci\u00f3 r\u00e0pida i eficient els fa perfectes per a projectes que requereixen fonaments segurs en espais redu\u00efts. pesades garanteix la durabilitat de les estructures fins i tot en terrenys complicats.<\/p>\n\n\n\n<h3 class=\"wp-block-heading\">Confia a Cimentaterra<\/h3>\n\n\n\n<p>Si necessites <strong>micropilots a prop Cartagena,<\/strong> Cimentaterra \u00e9s la teva millor opci\u00f3. La seva experi\u00e8ncia i comprom\u00eds asseguren solucions de qualitat que compleixen amb les exig\u00e8ncies t\u00e8cniques i ambientals de la regi\u00f3.<\/p>\n<\/div><\/div>\n\n<\/div><\/div>\n\n<style>.kb-row-layout-id2596_3ad9fb-1e > .kt-row-column-wrap{align-content:start;}:where(.kb-row-layout-id2596_3ad9fb-1e > .kt-row-column-wrap) > .wp-block-kadence-column{justify-content:start;}.kb-row-layout-id2596_3ad9fb-1e > .kt-row-column-wrap{column-gap:var(--global-kb-gap-lg, 4rem);row-gap:var(--global-kb-gap-md, 2rem);max-width:var( --global-content-width, 1290px );padding-left:var(--global-content-edge-padding);padding-right:var(--global-content-edge-padding);padding-top:var(--global-kb-spacing-3xl, 6.5rem);padding-bottom:var(--global-kb-spacing-3xl, 6.5rem);grid-template-columns:minmax(0, calc(40% - ((var(--global-kb-gap-lg, 4rem) * 1 )\/2)))minmax(0, calc(60% - ((var(--global-kb-gap-lg, 4rem) * 1 )\/2)));}.kb-row-layout-id2596_3ad9fb-1e > .kt-row-layout-overlay{opacity:0.30;}@media all and (max-width: 1024px){.kb-row-layout-id2596_3ad9fb-1e > .kt-row-column-wrap{grid-template-columns:repeat(2, minmax(0, 1fr));}}@media all and (max-width: 767px){.kb-row-layout-id2596_3ad9fb-1e > .kt-row-column-wrap{grid-template-columns:minmax(0, 1fr);}}<\/style><div class=\"kb-row-layout-wrap kb-row-layout-id2596_3ad9fb-1e alignnone wp-block-kadence-rowlayout\"><div class=\"kt-row-column-wrap kt-has-2-columns kt-row-layout-equal kt-tab-layout-inherit kt-mobile-layout-row kt-row-valign-top kb-theme-content-width\">\n<style>.kadence-column2596_dfbfdd-33 > .kt-inside-inner-col,.kadence-column2596_dfbfdd-33 > .kt-inside-inner-col:before{border-top-left-radius:0px;border-top-right-radius:0px;border-bottom-right-radius:0px;border-bottom-left-radius:0px;}.kadence-column2596_dfbfdd-33 > .kt-inside-inner-col{column-gap:var(--global-kb-gap-sm, 1rem);}.kadence-column2596_dfbfdd-33 > .kt-inside-inner-col{flex-direction:column;}.kadence-column2596_dfbfdd-33 > .kt-inside-inner-col > .aligncenter{width:100%;}.kadence-column2596_dfbfdd-33 > .kt-inside-inner-col:before{opacity:0.3;}.kadence-column2596_dfbfdd-33{position:relative;}@media all and (max-width: 1024px){.kadence-column2596_dfbfdd-33 > .kt-inside-inner-col{flex-direction:column;justify-content:center;}}@media all and (max-width: 767px){.kadence-column2596_dfbfdd-33 > .kt-inside-inner-col{flex-direction:column;justify-content:center;}}<\/style>\n<div class=\"wp-block-kadence-column kadence-column2596_dfbfdd-33\"><div class=\"kt-inside-inner-col\"><\/div><\/div>\n\n\n<style>.kadence-column2596_07d113-4f > .kt-inside-inner-col,.kadence-column2596_07d113-4f > .kt-inside-inner-col:before{border-top-left-radius:0px;border-top-right-radius:0px;border-bottom-right-radius:0px;border-bottom-left-radius:0px;}.kadence-column2596_07d113-4f > .kt-inside-inner-col{column-gap:var(--global-kb-gap-sm, 1rem);}.kadence-column2596_07d113-4f > .kt-inside-inner-col{flex-direction:column;}.kadence-column2596_07d113-4f > .kt-inside-inner-col > .aligncenter{width:100%;}.kadence-column2596_07d113-4f > .kt-inside-inner-col:before{opacity:0.3;}.kadence-column2596_07d113-4f{position:relative;}@media all and (max-width: 1024px){.kadence-column2596_07d113-4f > .kt-inside-inner-col{flex-direction:column;justify-content:center;}}@media all and (max-width: 767px){.kadence-column2596_07d113-4f > .kt-inside-inner-col{flex-direction:column;justify-content:center;}}<\/style>\n<div class=\"wp-block-kadence-column kadence-column2596_07d113-4f\"><div class=\"kt-inside-inner-col\"><\/div><\/div>\n\n<\/div><\/div>","protected":false},"excerpt":{"rendered":"<p>Micropilotes en Cartagena Micropilotes Cerca de Cartagena: Soluciones Innovadoras para Terrenos Complejos Los micropilotes cerca de Cartagena son esenciales para cimentaciones en terrenos desafiantes, como aquellos con alta humedad o poca resistencia. Estas estructuras permiten reforzar edificaciones existentes y garantizar la estabilidad en proyectos nuevos o de rehabilitaci\u00f3n, sin generar grandes vibraciones ni afectar el&#8230;<\/p>","protected":false},"author":1,"featured_media":0,"parent":1761,"menu_order":10,"comment_status":"closed","ping_status":"closed","template":"","meta":{"_kad_blocks_custom_css":"","_kad_blocks_head_custom_js":"","_kad_blocks_body_custom_js":"","_kad_blocks_footer_custom_js":"","_kadence_starter_templates_imported_post":false,"_kad_post_transparent":"","_kad_post_title":"hide","_kad_post_layout":"fullwidth","_kad_post_sidebar_id":"","_kad_post_content_style":"unboxed","_kad_post_vertical_padding":"","_kad_post_feature":"","_kad_post_feature_position":"","_kad_post_header":false,"_kad_post_footer":false,"footnotes":""},"class_list":["post-2596","page","type-page","status-publish","hentry"],"taxonomy_info":[],"featured_image_src_large":false,"author_info":{"display_name":"eloi","author_link":"https:\/\/cimentaterra.es\/ca\/author\/eloi\/"},"comment_info":0,"_links":{"self":[{"href":"https:\/\/cimentaterra.es\/ca\/wp-json\/wp\/v2\/pages\/2596","targetHints":{"allow":["GET"]}}],"collection":[{"href":"https:\/\/cimentaterra.es\/ca\/wp-json\/wp\/v2\/pages"}],"about":[{"href":"https:\/\/cimentaterra.es\/ca\/wp-json\/wp\/v2\/types\/page"}],"author":[{"embeddable":true,"href":"https:\/\/cimentaterra.es\/ca\/wp-json\/wp\/v2\/users\/1"}],"replies":[{"embeddable":true,"href":"https:\/\/cimentaterra.es\/ca\/wp-json\/wp\/v2\/comments?post=2596"}],"version-history":[{"count":1,"href":"https:\/\/cimentaterra.es\/ca\/wp-json\/wp\/v2\/pages\/2596\/revisions"}],"predecessor-version":[{"id":2597,"href":"https:\/\/cimentaterra.es\/ca\/wp-json\/wp\/v2\/pages\/2596\/revisions\/2597"}],"up":[{"embeddable":true,"href":"https:\/\/cimentaterra.es\/ca\/wp-json\/wp\/v2\/pages\/1761"}],"wp:attachment":[{"href":"https:\/\/cimentaterra.es\/ca\/wp-json\/wp\/v2\/media?parent=2596"}],"curies":[{"name":"wp","href":"https:\/\/api.w.org\/{rel}","templated":true}]}}