{"id":2635,"date":"2025-01-30T09:23:40","date_gmt":"2025-01-30T08:23:40","guid":{"rendered":"https:\/\/cimentaterra.es\/?page_id=2635"},"modified":"2025-01-30T09:23:40","modified_gmt":"2025-01-30T08:23:40","slug":"micropilotes-en-murcia","status":"publish","type":"page","link":"https:\/\/cimentaterra.es\/ca\/micropilotes\/micropilotes-en-murcia\/","title":{"rendered":"Micropilots a M\u00farcia"},"content":{"rendered":"<style>.kb-row-layout-id2635_8d8efe-91 > .kt-row-column-wrap{align-content:center;}:where(.kb-row-layout-id2635_8d8efe-91 > .kt-row-column-wrap) > .wp-block-kadence-column{justify-content:center;}.kb-row-layout-id2635_8d8efe-91 > .kt-row-column-wrap{column-gap:var(--global-kb-gap-md, 2rem);row-gap:var(--global-kb-gap-none, 0rem );max-width:var( --global-content-width, 1290px );padding-left:var(--global-content-edge-padding);padding-right:var(--global-content-edge-padding);padding-top:80px;padding-right:24px;padding-bottom:80px;padding-left:24px;min-height:400px;grid-template-columns:minmax(0, 1fr);}.kb-row-layout-id2635_8d8efe-91 > .kt-row-layout-overlay{opacity:0.30;}.kb-row-layout-id2635_8d8efe-91{z-index:1475;position:relative;}.kb-row-layout-id2635_8d8efe-91 .kt-row-layout-bottom-sep{height:100px;}.kb-row-layout-id2635_8d8efe-91 .kt-row-layout-bottom-sep svg{width:100%;}.kb-row-layout-id2635_8d8efe-91 .kt-row-layout-bottom-sep svg{fill:#ffffff!important;}@media all and (max-width: 1024px){.kb-row-layout-id2635_8d8efe-91 > .kt-row-column-wrap{grid-template-columns:minmax(0, 1fr);}}@media all and (max-width: 1024px){.kb-row-layout-id2635_8d8efe-91 .kt-row-layout-bottom-sep{height:px;}}@media all and (max-width: 1024px){.kb-row-layout-id2635_8d8efe-91 .kt-row-layout-bottom-sep svg{width:%;}}@media all and (max-width: 767px){.kb-row-layout-id2635_8d8efe-91 > .kt-row-column-wrap{grid-template-columns:minmax(0, 1fr);}.kb-row-layout-id2635_8d8efe-91 .kt-row-layout-bottom-sep{height:px;}.kb-row-layout-id2635_8d8efe-91 .kt-row-layout-bottom-sep svg{width:%;}}.kb-row-layout-id2635_8d8efe-91 {z-index: 10;}<\/style><div class=\"kb-row-layout-wrap kb-row-layout-id2635_8d8efe-91 alignfull has-theme-palette8-background-color kt-row-has-bg wp-block-kadence-rowlayout\"><div class=\"kt-row-column-wrap kt-has-1-columns kt-row-layout-equal kt-tab-layout-inherit kt-mobile-layout-row kt-row-valign-middle kb-theme-content-width\">\n<style>.kadence-column2635_c6b5e9-f9 > .kt-inside-inner-col,.kadence-column2635_c6b5e9-f9 > .kt-inside-inner-col:before{border-top-left-radius:0px;border-top-right-radius:0px;border-bottom-right-radius:0px;border-bottom-left-radius:0px;}.kadence-column2635_c6b5e9-f9 > .kt-inside-inner-col{column-gap:var(--global-kb-gap-sm, 1rem);}.kadence-column2635_c6b5e9-f9 > .kt-inside-inner-col{flex-direction:column;}.kadence-column2635_c6b5e9-f9 > .kt-inside-inner-col > .aligncenter{width:100%;}.kadence-column2635_c6b5e9-f9 > .kt-inside-inner-col:before{opacity:0.3;}.kadence-column2635_c6b5e9-f9{position:relative;}@media all and (max-width: 1024px){.kadence-column2635_c6b5e9-f9 > .kt-inside-inner-col{flex-direction:column;justify-content:center;}}@media all and (max-width: 767px){.kadence-column2635_c6b5e9-f9 > .kt-inside-inner-col{flex-direction:column;justify-content:center;}}<\/style>\n<div class=\"wp-block-kadence-column kadence-column2635_c6b5e9-f9 inner-column-1\"><div class=\"kt-inside-inner-col\"><style>.wp-block-kadence-advancedheading.kt-adv-heading2635_585e01-7c, .wp-block-kadence-advancedheading.kt-adv-heading2635_585e01-7c[data-kb-block=\"kb-adv-heading2635_585e01-7c\"]{margin-top:0px;margin-bottom:0px;text-align:center;font-size:var(--global-kb-font-size-md, 1.25rem);line-height:1.3;font-style:normal;text-transform:uppercase;}.wp-block-kadence-advancedheading.kt-adv-heading2635_585e01-7c mark.kt-highlight, .wp-block-kadence-advancedheading.kt-adv-heading2635_585e01-7c[data-kb-block=\"kb-adv-heading2635_585e01-7c\"] mark.kt-highlight{font-style:normal;color:#f76a0c;-webkit-box-decoration-break:clone;box-decoration-break:clone;padding-top:0px;padding-right:0px;padding-bottom:0px;padding-left:0px;}@media all and (max-width: 1024px){.wp-block-kadence-advancedheading.kt-adv-heading2635_585e01-7c, .wp-block-kadence-advancedheading.kt-adv-heading2635_585e01-7c[data-kb-block=\"kb-adv-heading2635_585e01-7c\"]{font-size:var(--global-kb-font-size-md, 1.25rem);line-height:1.3;}}@media all and (max-width: 767px){.wp-block-kadence-advancedheading.kt-adv-heading2635_585e01-7c, .wp-block-kadence-advancedheading.kt-adv-heading2635_585e01-7c[data-kb-block=\"kb-adv-heading2635_585e01-7c\"]{font-size:var(--global-kb-font-size-md, 1.25rem);line-height:1.3;}}<\/style>\n<p class=\"kt-adv-heading2635_585e01-7c wp-block-kadence-advancedheading has-theme-palette-1-color has-text-color\" data-kb-block=\"kb-adv-heading2635_585e01-7c\">Micropilots a Cartagena<\/p>\n\n\n<style>.wp-block-kadence-advancedheading.kt-adv-heading2635_622198-63, .wp-block-kadence-advancedheading.kt-adv-heading2635_622198-63[data-kb-block=\"kb-adv-heading2635_622198-63\"]{margin-top:var(--global-kb-spacing-xxs, 0.5rem);text-align:center;font-size:var(--global-kb-font-size-xl, 3rem);font-style:normal;}.wp-block-kadence-advancedheading.kt-adv-heading2635_622198-63 mark.kt-highlight, .wp-block-kadence-advancedheading.kt-adv-heading2635_622198-63[data-kb-block=\"kb-adv-heading2635_622198-63\"] mark.kt-highlight{font-style:normal;color:#f76a0c;-webkit-box-decoration-break:clone;box-decoration-break:clone;padding-top:0px;padding-right:0px;padding-bottom:0px;padding-left:0px;}<\/style>\n<h1 class=\"kt-adv-heading2635_622198-63 wp-block-kadence-advancedheading\" data-kb-block=\"kb-adv-heading2635_622198-63\"><strong><strong>Micropilots a M\u00farcia: La Soluci\u00f3 Ideal per a Fonamentacions Segurs i Resistents<\/strong><\/strong><\/h1>\n<\/div><\/div>\n\n<\/div><\/div>\n\n<style>.kb-row-layout-id2635_70f315-27 > .kt-row-column-wrap{align-content:center;}:where(.kb-row-layout-id2635_70f315-27 > .kt-row-column-wrap) > .wp-block-kadence-column{justify-content:center;}.kb-row-layout-id2635_70f315-27 > .kt-row-column-wrap{column-gap:var(--global-kb-gap-lg, 4rem);row-gap:var(--global-kb-gap-md, 2rem);max-width:var( --global-content-width, 1290px );padding-left:var(--global-content-edge-padding);padding-right:var(--global-content-edge-padding);padding-top:var(--global-kb-spacing-3xl, 6.5rem);padding-bottom:var(--global-kb-spacing-3xl, 6.5rem);grid-template-columns:repeat(2, minmax(0, 1fr));}.kb-row-layout-id2635_70f315-27 > .kt-row-layout-overlay{opacity:0.30;}@media all and (max-width: 1024px){.kb-row-layout-id2635_70f315-27 > .kt-row-column-wrap{grid-template-columns:repeat(2, minmax(0, 1fr));}}@media all and (max-width: 767px){.kb-row-layout-id2635_70f315-27 > .kt-row-column-wrap{grid-template-columns:minmax(0, 1fr);}}<\/style><div class=\"kb-row-layout-wrap kb-row-layout-id2635_70f315-27 alignnone wp-block-kadence-rowlayout\"><div class=\"kt-row-column-wrap kt-has-2-columns kt-row-layout-equal kt-tab-layout-inherit kt-mobile-layout-row kt-row-valign-middle kb-theme-content-width\">\n<style>.kadence-column2635_ee7392-d4 > .kt-inside-inner-col,.kadence-column2635_ee7392-d4 > .kt-inside-inner-col:before{border-top-left-radius:0px;border-top-right-radius:0px;border-bottom-right-radius:0px;border-bottom-left-radius:0px;}.kadence-column2635_ee7392-d4 > .kt-inside-inner-col{column-gap:var(--global-kb-gap-sm, 1rem);}.kadence-column2635_ee7392-d4 > .kt-inside-inner-col{flex-direction:column;}.kadence-column2635_ee7392-d4 > .kt-inside-inner-col > .aligncenter{width:100%;}.kadence-column2635_ee7392-d4 > .kt-inside-inner-col:before{opacity:0.3;}.kadence-column2635_ee7392-d4{position:relative;}@media all and (max-width: 1024px){.kadence-column2635_ee7392-d4 > .kt-inside-inner-col{flex-direction:column;justify-content:center;}}@media all and (max-width: 767px){.kadence-column2635_ee7392-d4 > .kt-inside-inner-col{flex-direction:column;justify-content:center;}}<\/style>\n<div class=\"wp-block-kadence-column kadence-column2635_ee7392-d4\"><div class=\"kt-inside-inner-col\">\n<p>Quan es tracta de fonaments segurs i resistents en terrenys de dif\u00edcil acc\u00e9s o amb baixa capacitat portant, els <strong>micropilots a M\u00farcia<\/strong> han esdevingut una soluci\u00f3 fonamental per garantir l&#039;estabilitat d&#039;edificacions i estructures. Gr\u00e0cies a la versatilitat i capacitat d&#039;adaptaci\u00f3 a diversos tipus de s\u00f2ls, aquests elements de fonamentaci\u00f3 profunda permeten refor\u00e7ar terrenys i millorar la seguretat de construccions tant en entorns urbans com industrials.<\/p>\n\n\n\n<p>A Cimentaterra, som especialistes en la instal\u00b7laci\u00f3 de <strong>micropilots a M\u00farcia,<\/strong> oferint solucions innovadores i adaptades a les necessitats espec\u00edfiques de cada projecte. A continuaci\u00f3, explorarem els usos m\u00e9s comuns dels micropilots i per qu\u00e8 escollir Cimentaterra com el teu aliat en fonaments segurs i eficients.<\/p>\n<\/div><\/div>\n\n\n<style>.kadence-column2635_cdb4e3-07 > .kt-inside-inner-col,.kadence-column2635_cdb4e3-07 > .kt-inside-inner-col:before{border-top-left-radius:0px;border-top-right-radius:0px;border-bottom-right-radius:0px;border-bottom-left-radius:0px;}.kadence-column2635_cdb4e3-07 > .kt-inside-inner-col{column-gap:var(--global-kb-gap-sm, 1rem);}.kadence-column2635_cdb4e3-07 > .kt-inside-inner-col{flex-direction:column;}.kadence-column2635_cdb4e3-07 > .kt-inside-inner-col > .aligncenter{width:100%;}.kadence-column2635_cdb4e3-07 > .kt-inside-inner-col:before{opacity:0.3;}.kadence-column2635_cdb4e3-07{position:relative;}@media all and (max-width: 1024px){.kadence-column2635_cdb4e3-07 > .kt-inside-inner-col{flex-direction:column;justify-content:center;}}@media all and (max-width: 767px){.kadence-column2635_cdb4e3-07 > .kt-inside-inner-col{flex-direction:column;justify-content:center;}}<\/style>\n<div class=\"wp-block-kadence-column kadence-column2635_cdb4e3-07\"><div class=\"kt-inside-inner-col\"><style>.kb-image2635_6ff24f-8a .kb-image-has-overlay:after{opacity:0.3;}<\/style>\n<figure class=\"wp-block-kadence-image kb-image2635_6ff24f-8a size-large kb-image-is-ratio-size\" data-aos=\"fade-left\"><div class=\"kb-is-ratio-image kb-image-ratio-land32\"><img loading=\"lazy\" decoding=\"async\" width=\"766\" height=\"1024\" src=\"https:\/\/cimentaterra.es\/wp-content\/uploads\/2024\/06\/Imagen-de-WhatsApp-2024-06-06-a-las-10.18.43_b29b247d-766x1024.jpg\" alt=\"\" class=\"kb-img wp-image-2382\" srcset=\"https:\/\/cimentaterra.es\/wp-content\/uploads\/2024\/06\/Imagen-de-WhatsApp-2024-06-06-a-las-10.18.43_b29b247d-766x1024.jpg 766w, https:\/\/cimentaterra.es\/wp-content\/uploads\/2024\/06\/Imagen-de-WhatsApp-2024-06-06-a-las-10.18.43_b29b247d-224x300.jpg 224w, https:\/\/cimentaterra.es\/wp-content\/uploads\/2024\/06\/Imagen-de-WhatsApp-2024-06-06-a-las-10.18.43_b29b247d-768x1027.jpg 768w, https:\/\/cimentaterra.es\/wp-content\/uploads\/2024\/06\/Imagen-de-WhatsApp-2024-06-06-a-las-10.18.43_b29b247d-1149x1536.jpg 1149w, https:\/\/cimentaterra.es\/wp-content\/uploads\/2024\/06\/Imagen-de-WhatsApp-2024-06-06-a-las-10.18.43_b29b247d.jpg 1496w\" sizes=\"auto, (max-width: 766px) 100vw, 766px\" \/><\/div><\/figure>\n<\/div><\/div>\n\n<\/div><\/div>\n\n<style>.kb-row-layout-id2635_f3c2b5-79 > .kt-row-column-wrap{align-content:center;}:where(.kb-row-layout-id2635_f3c2b5-79 > .kt-row-column-wrap) > .wp-block-kadence-column{justify-content:center;}.kb-row-layout-id2635_f3c2b5-79 > .kt-row-column-wrap{column-gap:var(--global-kb-gap-lg, 4rem);row-gap:var(--global-kb-gap-md, 2rem);max-width:var( --global-content-width, 1290px );padding-left:var(--global-content-edge-padding);padding-right:var(--global-content-edge-padding);padding-top:var(--global-kb-spacing-3xl, 6.5rem);padding-bottom:var(--global-kb-spacing-3xl, 6.5rem);grid-template-columns:repeat(2, minmax(0, 1fr));}.kb-row-layout-id2635_f3c2b5-79 > .kt-row-layout-overlay{opacity:0.30;}@media all and (max-width: 1024px){.kb-row-layout-id2635_f3c2b5-79 > .kt-row-column-wrap{grid-template-columns:repeat(2, minmax(0, 1fr));}}@media all and (max-width: 767px){.kb-row-layout-id2635_f3c2b5-79 > .kt-row-column-wrap{grid-template-columns:minmax(0, 1fr);}}<\/style><div class=\"kb-row-layout-wrap kb-row-layout-id2635_f3c2b5-79 alignnone has-theme-palette8-background-color kt-row-has-bg wp-block-kadence-rowlayout\"><div class=\"kt-row-column-wrap kt-has-2-columns kt-row-layout-equal kt-tab-layout-inherit kt-mobile-layout-row kt-row-valign-middle kb-theme-content-width\">\n<style>.kadence-column2635_bb6dc5-3e > .kt-inside-inner-col,.kadence-column2635_bb6dc5-3e > .kt-inside-inner-col:before{border-top-left-radius:0px;border-top-right-radius:0px;border-bottom-right-radius:0px;border-bottom-left-radius:0px;}.kadence-column2635_bb6dc5-3e > .kt-inside-inner-col{column-gap:var(--global-kb-gap-sm, 1rem);}.kadence-column2635_bb6dc5-3e > .kt-inside-inner-col{flex-direction:column;}.kadence-column2635_bb6dc5-3e > .kt-inside-inner-col > .aligncenter{width:100%;}.kadence-column2635_bb6dc5-3e > .kt-inside-inner-col:before{opacity:0.3;}.kadence-column2635_bb6dc5-3e{position:relative;}@media all and (max-width: 1024px){.kadence-column2635_bb6dc5-3e > .kt-inside-inner-col{flex-direction:column;justify-content:center;}}@media all and (max-width: 767px){.kadence-column2635_bb6dc5-3e > .kt-inside-inner-col{flex-direction:column;justify-content:center;}}<\/style>\n<div class=\"wp-block-kadence-column kadence-column2635_bb6dc5-3e\"><div class=\"kt-inside-inner-col\"><style>.kb-image2635_5c10b2-bf .kb-image-has-overlay:after{opacity:0.3;}<\/style>\n<figure class=\"wp-block-kadence-image kb-image2635_5c10b2-bf kb-image-is-ratio-size\" data-aos=\"fade-right\"><div class=\"kb-is-ratio-image kb-image-ratio-land32\"><img loading=\"lazy\" decoding=\"async\" width=\"1496\" height=\"2000\" src=\"https:\/\/cimentaterra.es\/wp-content\/uploads\/2024\/06\/Imagen-de-WhatsApp-2024-05-16-a-las-12.21.03_e6297816-1.jpg\" alt=\"\" class=\"kb-img wp-image-2383\" srcset=\"https:\/\/cimentaterra.es\/wp-content\/uploads\/2024\/06\/Imagen-de-WhatsApp-2024-05-16-a-las-12.21.03_e6297816-1.jpg 1496w, https:\/\/cimentaterra.es\/wp-content\/uploads\/2024\/06\/Imagen-de-WhatsApp-2024-05-16-a-las-12.21.03_e6297816-1-224x300.jpg 224w, https:\/\/cimentaterra.es\/wp-content\/uploads\/2024\/06\/Imagen-de-WhatsApp-2024-05-16-a-las-12.21.03_e6297816-1-766x1024.jpg 766w, https:\/\/cimentaterra.es\/wp-content\/uploads\/2024\/06\/Imagen-de-WhatsApp-2024-05-16-a-las-12.21.03_e6297816-1-768x1027.jpg 768w, https:\/\/cimentaterra.es\/wp-content\/uploads\/2024\/06\/Imagen-de-WhatsApp-2024-05-16-a-las-12.21.03_e6297816-1-1149x1536.jpg 1149w\" sizes=\"auto, (max-width: 1496px) 100vw, 1496px\" \/><\/div><\/figure>\n<\/div><\/div>\n\n\n<style>.kadence-column2635_4696b4-39 > .kt-inside-inner-col,.kadence-column2635_4696b4-39 > .kt-inside-inner-col:before{border-top-left-radius:0px;border-top-right-radius:0px;border-bottom-right-radius:0px;border-bottom-left-radius:0px;}.kadence-column2635_4696b4-39 > .kt-inside-inner-col{column-gap:var(--global-kb-gap-sm, 1rem);}.kadence-column2635_4696b4-39 > .kt-inside-inner-col{flex-direction:column;}.kadence-column2635_4696b4-39 > .kt-inside-inner-col > .aligncenter{width:100%;}.kadence-column2635_4696b4-39 > .kt-inside-inner-col:before{opacity:0.3;}.kadence-column2635_4696b4-39{position:relative;}@media all and (max-width: 1024px){.kadence-column2635_4696b4-39 > .kt-inside-inner-col{flex-direction:column;justify-content:center;}}@media all and (max-width: 767px){.kadence-column2635_4696b4-39 > .kt-inside-inner-col{flex-direction:column;justify-content:center;}}<\/style>\n<div class=\"wp-block-kadence-column kadence-column2635_4696b4-39\"><div class=\"kt-inside-inner-col\">\n<h2 class=\"wp-block-heading\"><strong>Per qu\u00e8 es fan servir els micropilots a M\u00farcia?<\/strong><\/h2>\n\n\n\n<p>Els micropilots s\u00f3n una excel\u00b7lent opci\u00f3 quan cal millorar la capacitat portant d&#039;un terreny o refor\u00e7ar estructures existents. La seva instal\u00b7laci\u00f3 es duu a terme mitjan\u00e7ant perforaci\u00f3 i la posterior injecci\u00f3 de morter d&#039;alta resist\u00e8ncia, cosa que permet consolidar s\u00f2ls i absorbir c\u00e0rregues de manera eficient. Entre els principals usos dels <strong>micropilots a M\u00farcia, <\/strong>trobem:<\/p>\n\n\n\n<ol start=\"1\" class=\"wp-block-list\">\n<li><strong>Refor\u00e7 de fonaments existents:<\/strong> S\u00f3n ideals per a la rehabilitaci\u00f3 d&#039;edificis hist\u00f2rics i estructures amb problemes d&#039;assentament, ja que permeten millorar l&#039;estabilitat sense necessitat de fer demolicions.<\/li>\n\n\n\n<li><strong>Construcci\u00f3 en terrenys de baixa capacitat portant:<\/strong> En zones on el s\u00f2l presenta caracter\u00edstiques geot\u00e8cniques deficients, els micropilots ajuden a transmetre les c\u00e0rregues a estrats m\u00e9s profunds i resistents.<\/li>\n\n\n\n<li><strong>Estabilitzaci\u00f3 de talussos i vessants:<\/strong> A regions amb risc de lliscaments o erosi\u00f3, els micropilots actuen com un element de refor\u00e7 que millora la seguretat del terreny.<\/li>\n\n\n\n<li><strong>Suport per a ponts i estructures elevades:<\/strong> La seva capacitat per absorbir c\u00e0rregues verticals i laterals els fa una opci\u00f3 \u00f2ptima per a fonaments en projectes d&#039;infraestructura.<\/li>\n<\/ol>\n\n\n\n<p>Gr\u00e0cies al seu di\u00e0metre redu\u00eft i facilitat d&#039;instal\u00b7laci\u00f3, els <strong>micropilots a M\u00farcia<\/strong> s\u00f3n una alternativa efica\u00e7 i rendible davant d&#039;altres m\u00e8todes de fonamentaci\u00f3 profunda, oferint solucions segures i duradores en diverses aplicacions.<\/p>\n\n\n\n<p>Si necessites una soluci\u00f3 efica\u00e7 i duradora per a la fonamentaci\u00f3 del teu projecte, a Cimentaterra estem preparats per oferir-te el millor servei en instal\u00b7laci\u00f3 de <strong>micropilots a M\u00farcia.<\/strong> Contacta amb nosaltres i descobreix com et podem ajudar a garantir l&#039;estabilitat de la teva construcci\u00f3 amb t\u00e8cniques de fonamentaci\u00f3 profunda adaptades a cada necessitat.<\/p>\n<\/div><\/div>\n\n<\/div><\/div>\n\n<style>.kb-row-layout-id2635_d95a54-f7 > .kt-row-column-wrap{align-content:start;}:where(.kb-row-layout-id2635_d95a54-f7 > .kt-row-column-wrap) > .wp-block-kadence-column{justify-content:start;}.kb-row-layout-id2635_d95a54-f7 > .kt-row-column-wrap{column-gap:var(--global-kb-gap-lg, 4rem);row-gap:var(--global-kb-gap-md, 2rem);max-width:var( --global-content-width, 1290px );padding-left:var(--global-content-edge-padding);padding-right:var(--global-content-edge-padding);padding-top:var(--global-kb-spacing-3xl, 6.5rem);padding-bottom:var(--global-kb-spacing-3xl, 6.5rem);grid-template-columns:minmax(0, calc(40% - ((var(--global-kb-gap-lg, 4rem) * 1 )\/2)))minmax(0, calc(60% - ((var(--global-kb-gap-lg, 4rem) * 1 )\/2)));}.kb-row-layout-id2635_d95a54-f7 > .kt-row-layout-overlay{opacity:0.30;}@media all and (max-width: 1024px){.kb-row-layout-id2635_d95a54-f7 > .kt-row-column-wrap{grid-template-columns:repeat(2, minmax(0, 1fr));}}@media all and (max-width: 767px){.kb-row-layout-id2635_d95a54-f7 > .kt-row-column-wrap{grid-template-columns:minmax(0, 1fr);}}<\/style><div class=\"kb-row-layout-wrap kb-row-layout-id2635_d95a54-f7 alignnone wp-block-kadence-rowlayout\"><div class=\"kt-row-column-wrap kt-has-2-columns kt-row-layout-equal kt-tab-layout-inherit kt-mobile-layout-row kt-row-valign-top kb-theme-content-width\">\n<style>.kadence-column2635_833ae1-91 > .kt-inside-inner-col,.kadence-column2635_833ae1-91 > .kt-inside-inner-col:before{border-top-left-radius:0px;border-top-right-radius:0px;border-bottom-right-radius:0px;border-bottom-left-radius:0px;}.kadence-column2635_833ae1-91 > .kt-inside-inner-col{column-gap:var(--global-kb-gap-sm, 1rem);}.kadence-column2635_833ae1-91 > .kt-inside-inner-col{flex-direction:column;}.kadence-column2635_833ae1-91 > .kt-inside-inner-col > .aligncenter{width:100%;}.kadence-column2635_833ae1-91 > .kt-inside-inner-col:before{opacity:0.3;}.kadence-column2635_833ae1-91{position:relative;}@media all and (max-width: 1024px){.kadence-column2635_833ae1-91 > .kt-inside-inner-col{flex-direction:column;justify-content:center;}}@media all and (max-width: 767px){.kadence-column2635_833ae1-91 > .kt-inside-inner-col{flex-direction:column;justify-content:center;}}<\/style>\n<div class=\"wp-block-kadence-column kadence-column2635_833ae1-91\"><div class=\"kt-inside-inner-col\"><\/div><\/div>\n\n\n<style>.kadence-column2635_2df87d-09 > .kt-inside-inner-col,.kadence-column2635_2df87d-09 > .kt-inside-inner-col:before{border-top-left-radius:0px;border-top-right-radius:0px;border-bottom-right-radius:0px;border-bottom-left-radius:0px;}.kadence-column2635_2df87d-09 > .kt-inside-inner-col{column-gap:var(--global-kb-gap-sm, 1rem);}.kadence-column2635_2df87d-09 > .kt-inside-inner-col{flex-direction:column;}.kadence-column2635_2df87d-09 > .kt-inside-inner-col > .aligncenter{width:100%;}.kadence-column2635_2df87d-09 > .kt-inside-inner-col:before{opacity:0.3;}.kadence-column2635_2df87d-09{position:relative;}@media all and (max-width: 1024px){.kadence-column2635_2df87d-09 > .kt-inside-inner-col{flex-direction:column;justify-content:center;}}@media all and (max-width: 767px){.kadence-column2635_2df87d-09 > .kt-inside-inner-col{flex-direction:column;justify-content:center;}}<\/style>\n<div class=\"wp-block-kadence-column kadence-column2635_2df87d-09\"><div class=\"kt-inside-inner-col\"><\/div><\/div>\n\n<\/div><\/div>","protected":false},"excerpt":{"rendered":"<p>Micropilotes en Cartagena Micropilotes en Murcia: La Soluci\u00f3n Ideal para Cimentaciones Seguras y Resistentes Cuando se trata de cimentaciones seguras y resistentes en terrenos de dif\u00edcil acceso o con baja capacidad portante, los micropilotes en Murcia se han convertido en una soluci\u00f3n fundamental para garantizar la estabilidad de edificaciones y estructuras. Gracias a su versatilidad&#8230;<\/p>","protected":false},"author":1,"featured_media":0,"parent":1761,"menu_order":11,"comment_status":"closed","ping_status":"closed","template":"","meta":{"_kad_blocks_custom_css":"","_kad_blocks_head_custom_js":"","_kad_blocks_body_custom_js":"","_kad_blocks_footer_custom_js":"","_kadence_starter_templates_imported_post":false,"_kad_post_transparent":"","_kad_post_title":"hide","_kad_post_layout":"fullwidth","_kad_post_sidebar_id":"","_kad_post_content_style":"unboxed","_kad_post_vertical_padding":"","_kad_post_feature":"","_kad_post_feature_position":"","_kad_post_header":false,"_kad_post_footer":false,"footnotes":""},"class_list":["post-2635","page","type-page","status-publish","hentry"],"taxonomy_info":[],"featured_image_src_large":false,"author_info":{"display_name":"eloi","author_link":"https:\/\/cimentaterra.es\/ca\/author\/eloi\/"},"comment_info":0,"_links":{"self":[{"href":"https:\/\/cimentaterra.es\/ca\/wp-json\/wp\/v2\/pages\/2635","targetHints":{"allow":["GET"]}}],"collection":[{"href":"https:\/\/cimentaterra.es\/ca\/wp-json\/wp\/v2\/pages"}],"about":[{"href":"https:\/\/cimentaterra.es\/ca\/wp-json\/wp\/v2\/types\/page"}],"author":[{"embeddable":true,"href":"https:\/\/cimentaterra.es\/ca\/wp-json\/wp\/v2\/users\/1"}],"replies":[{"embeddable":true,"href":"https:\/\/cimentaterra.es\/ca\/wp-json\/wp\/v2\/comments?post=2635"}],"version-history":[{"count":1,"href":"https:\/\/cimentaterra.es\/ca\/wp-json\/wp\/v2\/pages\/2635\/revisions"}],"predecessor-version":[{"id":2636,"href":"https:\/\/cimentaterra.es\/ca\/wp-json\/wp\/v2\/pages\/2635\/revisions\/2636"}],"up":[{"embeddable":true,"href":"https:\/\/cimentaterra.es\/ca\/wp-json\/wp\/v2\/pages\/1761"}],"wp:attachment":[{"href":"https:\/\/cimentaterra.es\/ca\/wp-json\/wp\/v2\/media?parent=2635"}],"curies":[{"name":"wp","href":"https:\/\/api.w.org\/{rel}","templated":true}]}}