{"id":2556,"date":"2024-09-24T11:25:03","date_gmt":"2024-09-24T09:25:03","guid":{"rendered":"https:\/\/cimentaterra.es\/?page_id=2556"},"modified":"2024-09-24T11:25:04","modified_gmt":"2024-09-24T09:25:04","slug":"muro-pantalla-cartagena","status":"publish","type":"page","link":"https:\/\/cimentaterra.es\/en\/muro-pantalla-cartagena\/","title":{"rendered":"Cartagena diaphragm wall"},"content":{"rendered":"<style>.kb-row-layout-id2556_e1adda-a0 > .kt-row-column-wrap{align-content:center;}:where(.kb-row-layout-id2556_e1adda-a0 > .kt-row-column-wrap) > .wp-block-kadence-column{justify-content:center;}.kb-row-layout-id2556_e1adda-a0 > .kt-row-column-wrap{column-gap:var(--global-kb-gap-md, 2rem);row-gap:var(--global-kb-gap-none, 0rem );max-width:var( --global-content-width, 1290px );padding-left:var(--global-content-edge-padding);padding-right:var(--global-content-edge-padding);padding-top:80px;padding-right:24px;padding-bottom:80px;padding-left:24px;min-height:400px;grid-template-columns:minmax(0, 1fr);}.kb-row-layout-id2556_e1adda-a0 > .kt-row-layout-overlay{opacity:0.30;}.kb-row-layout-id2556_e1adda-a0{z-index:1475;position:relative;}.kb-row-layout-id2556_e1adda-a0 .kt-row-layout-bottom-sep{height:100px;}.kb-row-layout-id2556_e1adda-a0 .kt-row-layout-bottom-sep svg{width:100%;}.kb-row-layout-id2556_e1adda-a0 .kt-row-layout-bottom-sep svg{fill:#ffffff!important;}@media all and (max-width: 1024px){.kb-row-layout-id2556_e1adda-a0 > .kt-row-column-wrap{grid-template-columns:minmax(0, 1fr);}}@media all and (max-width: 1024px){.kb-row-layout-id2556_e1adda-a0 .kt-row-layout-bottom-sep{height:px;}}@media all and (max-width: 1024px){.kb-row-layout-id2556_e1adda-a0 .kt-row-layout-bottom-sep svg{width:%;}}@media all and (max-width: 767px){.kb-row-layout-id2556_e1adda-a0 > .kt-row-column-wrap{grid-template-columns:minmax(0, 1fr);}.kb-row-layout-id2556_e1adda-a0 .kt-row-layout-bottom-sep{height:px;}.kb-row-layout-id2556_e1adda-a0 .kt-row-layout-bottom-sep svg{width:%;}}.kb-row-layout-id2556_e1adda-a0 {z-index: 10;}<\/style><div class=\"kb-row-layout-wrap kb-row-layout-id2556_e1adda-a0 alignfull has-theme-palette8-background-color kt-row-has-bg wp-block-kadence-rowlayout\"><div class=\"kt-row-column-wrap kt-has-1-columns kt-row-layout-equal kt-tab-layout-inherit kt-mobile-layout-row kt-row-valign-middle kb-theme-content-width\">\n<style>.kadence-column2556_c98c27-8c > .kt-inside-inner-col,.kadence-column2556_c98c27-8c > .kt-inside-inner-col:before{border-top-left-radius:0px;border-top-right-radius:0px;border-bottom-right-radius:0px;border-bottom-left-radius:0px;}.kadence-column2556_c98c27-8c > .kt-inside-inner-col{column-gap:var(--global-kb-gap-sm, 1rem);}.kadence-column2556_c98c27-8c > .kt-inside-inner-col{flex-direction:column;}.kadence-column2556_c98c27-8c > .kt-inside-inner-col > .aligncenter{width:100%;}.kadence-column2556_c98c27-8c > .kt-inside-inner-col:before{opacity:0.3;}.kadence-column2556_c98c27-8c{position:relative;}@media all and (max-width: 1024px){.kadence-column2556_c98c27-8c > .kt-inside-inner-col{flex-direction:column;justify-content:center;}}@media all and (max-width: 767px){.kadence-column2556_c98c27-8c > .kt-inside-inner-col{flex-direction:column;justify-content:center;}}<\/style>\n<div class=\"wp-block-kadence-column kadence-column2556_c98c27-8c inner-column-1\"><div class=\"kt-inside-inner-col\"><style>.wp-block-kadence-advancedheading.kt-adv-heading2556_957483-c8, .wp-block-kadence-advancedheading.kt-adv-heading2556_957483-c8[data-kb-block=\"kb-adv-heading2556_957483-c8\"]{margin-top:var(--global-kb-spacing-xxs, 0.5rem);text-align:center;font-size:var(--global-kb-font-size-xl, 3rem);font-style:normal;}.wp-block-kadence-advancedheading.kt-adv-heading2556_957483-c8 mark.kt-highlight, .wp-block-kadence-advancedheading.kt-adv-heading2556_957483-c8[data-kb-block=\"kb-adv-heading2556_957483-c8\"] mark.kt-highlight{font-style:normal;color:#f76a0c;-webkit-box-decoration-break:clone;box-decoration-break:clone;padding-top:0px;padding-right:0px;padding-bottom:0px;padding-left:0px;}<\/style>\n<h1 class=\"kt-adv-heading2556_957483-c8 wp-block-kadence-advancedheading\" data-kb-block=\"kb-adv-heading2556_957483-c8\">Cartagena diaphragm wall<\/h1>\n<\/div><\/div>\n\n<\/div><\/div>\n\n<style>.kb-row-layout-id2556_0d4940-44 > .kt-row-column-wrap{align-content:center;}:where(.kb-row-layout-id2556_0d4940-44 > .kt-row-column-wrap) > .wp-block-kadence-column{justify-content:center;}.kb-row-layout-id2556_0d4940-44 > .kt-row-column-wrap{column-gap:var(--global-kb-gap-lg, 4rem);row-gap:var(--global-kb-gap-md, 2rem);max-width:var( --global-content-width, 1290px );padding-left:var(--global-content-edge-padding);padding-right:var(--global-content-edge-padding);padding-top:var(--global-kb-spacing-3xl, 6.5rem);padding-bottom:var(--global-kb-spacing-3xl, 6.5rem);grid-template-columns:repeat(2, minmax(0, 1fr));}.kb-row-layout-id2556_0d4940-44 > .kt-row-layout-overlay{opacity:0.30;}@media all and (max-width: 1024px){.kb-row-layout-id2556_0d4940-44 > .kt-row-column-wrap{grid-template-columns:repeat(2, minmax(0, 1fr));}}@media all and (max-width: 767px){.kb-row-layout-id2556_0d4940-44 > .kt-row-column-wrap{grid-template-columns:minmax(0, 1fr);}}<\/style><div class=\"kb-row-layout-wrap kb-row-layout-id2556_0d4940-44 alignnone wp-block-kadence-rowlayout\"><div class=\"kt-row-column-wrap kt-has-2-columns kt-row-layout-equal kt-tab-layout-inherit kt-mobile-layout-row kt-row-valign-middle kb-theme-content-width\">\n<style>.kadence-column2556_46514b-33 > .kt-inside-inner-col,.kadence-column2556_46514b-33 > .kt-inside-inner-col:before{border-top-left-radius:0px;border-top-right-radius:0px;border-bottom-right-radius:0px;border-bottom-left-radius:0px;}.kadence-column2556_46514b-33 > .kt-inside-inner-col{column-gap:var(--global-kb-gap-sm, 1rem);}.kadence-column2556_46514b-33 > .kt-inside-inner-col{flex-direction:column;}.kadence-column2556_46514b-33 > .kt-inside-inner-col > .aligncenter{width:100%;}.kadence-column2556_46514b-33 > .kt-inside-inner-col:before{opacity:0.3;}.kadence-column2556_46514b-33{position:relative;}@media all and (max-width: 1024px){.kadence-column2556_46514b-33 > .kt-inside-inner-col{flex-direction:column;justify-content:center;}}@media all and (max-width: 767px){.kadence-column2556_46514b-33 > .kt-inside-inner-col{flex-direction:column;justify-content:center;}}<\/style>\n<div class=\"wp-block-kadence-column kadence-column2556_46514b-33\"><div class=\"kt-inside-inner-col\">\n<h2 class=\"wp-block-heading\">Cimentaterra: Experts in diaphragm walls near Cartagena<\/h2>\n\n\n\n<p>At Cimentaterra, we are leaders in the construction sector and specialists in special foundations. With a strong commitment to quality and innovation, we offer customized solutions for all types of projects. <br>We stand out for our service <strong>diaphragm wall <\/strong>nearly <strong>Cartagena<\/strong>, an essential technique to ensure stability and safety in deep constructions. <br>Whether for residential, commercial or industrial projects, we have the experience and tools necessary to ensure the success of each project.<\/p>\n\n\n\n<p>Our highly qualified team is dedicated to providing efficient and high quality services. If you are looking for a <strong>diaphragm wall <\/strong>nearly<strong> Cartagena<\/strong>We offer you a long-lasting solution that adapts to the conditions of the terrain, using the most advanced technologies in the sector.<\/p>\n\n\n\n<h2 class=\"wp-block-heading\">Our diaphragm wall services near Cartagena<\/h2>\n\n\n\n<p>At Cimentaterra, we pride ourselves on our ability to develop special foundations and earth retaining solutions. <strong>diaphragm wall <\/strong>nearly <strong>Cartagena<\/strong> It is one of our most requested services. <br>This technique is particularly effective for the construction of basements, retaining walls and the execution of deep excavations. By using diaphragm walls, we ensure the safety of structures by resisting the forces of the ground and water, offering long-term stability and support.<\/p>\n<\/div><\/div>\n\n\n<style>.kadence-column2556_8a0964-bc > .kt-inside-inner-col,.kadence-column2556_8a0964-bc > .kt-inside-inner-col:before{border-top-left-radius:0px;border-top-right-radius:0px;border-bottom-right-radius:0px;border-bottom-left-radius:0px;}.kadence-column2556_8a0964-bc > .kt-inside-inner-col{column-gap:var(--global-kb-gap-sm, 1rem);}.kadence-column2556_8a0964-bc > .kt-inside-inner-col{flex-direction:column;}.kadence-column2556_8a0964-bc > .kt-inside-inner-col > .aligncenter{width:100%;}.kadence-column2556_8a0964-bc > .kt-inside-inner-col:before{opacity:0.3;}.kadence-column2556_8a0964-bc{position:relative;}@media all and (max-width: 1024px){.kadence-column2556_8a0964-bc > .kt-inside-inner-col{flex-direction:column;justify-content:center;}}@media all and (max-width: 767px){.kadence-column2556_8a0964-bc > .kt-inside-inner-col{flex-direction:column;justify-content:center;}}<\/style>\n<div class=\"wp-block-kadence-column kadence-column2556_8a0964-bc\"><div class=\"kt-inside-inner-col\"><style>.kb-image2556_97934d-48 .kb-image-has-overlay:after{opacity:0.3;}.kb-image2556_97934d-48 img.kb-img, .kb-image2556_97934d-48 .kb-img img{object-position:0% 51%;}<\/style>\n<figure class=\"wp-block-kadence-image kb-image2556_97934d-48 kb-image-is-ratio-size\" data-aos=\"fade-left\"><div class=\"kb-is-ratio-image kb-image-ratio-port23\"><img loading=\"lazy\" decoding=\"async\" width=\"1200\" height=\"1600\" src=\"https:\/\/cimentaterra.es\/wp-content\/uploads\/2024\/06\/plantas-de-inyeccion-3.jpg\" alt=\"\" class=\"kb-img wp-image-2450\" srcset=\"https:\/\/cimentaterra.es\/wp-content\/uploads\/2024\/06\/plantas-de-inyeccion-3.jpg 1200w, https:\/\/cimentaterra.es\/wp-content\/uploads\/2024\/06\/plantas-de-inyeccion-3-225x300.jpg 225w, https:\/\/cimentaterra.es\/wp-content\/uploads\/2024\/06\/plantas-de-inyeccion-3-768x1024.jpg 768w, https:\/\/cimentaterra.es\/wp-content\/uploads\/2024\/06\/plantas-de-inyeccion-3-1152x1536.jpg 1152w\" sizes=\"auto, (max-width: 1200px) 100vw, 1200px\" \/><\/div><\/figure>\n<\/div><\/div>\n\n<\/div><\/div>\n\n<style>.kb-row-layout-id2556_796d47-c3 > .kt-row-column-wrap{align-content:center;}:where(.kb-row-layout-id2556_796d47-c3 > .kt-row-column-wrap) > .wp-block-kadence-column{justify-content:center;}.kb-row-layout-id2556_796d47-c3 > .kt-row-column-wrap{column-gap:var(--global-kb-gap-lg, 4rem);row-gap:var(--global-kb-gap-md, 2rem);max-width:var( --global-content-width, 1290px );padding-left:var(--global-content-edge-padding);padding-right:var(--global-content-edge-padding);padding-top:var(--global-kb-spacing-3xl, 6.5rem);padding-bottom:var(--global-kb-spacing-3xl, 6.5rem);grid-template-columns:repeat(2, minmax(0, 1fr));}.kb-row-layout-id2556_796d47-c3 > .kt-row-layout-overlay{opacity:0.30;}@media all and (max-width: 1024px){.kb-row-layout-id2556_796d47-c3 > .kt-row-column-wrap{grid-template-columns:repeat(2, minmax(0, 1fr));}}@media all and (max-width: 767px){.kb-row-layout-id2556_796d47-c3 > .kt-row-column-wrap{grid-template-columns:minmax(0, 1fr);}}<\/style><div class=\"kb-row-layout-wrap kb-row-layout-id2556_796d47-c3 alignnone has-theme-palette8-background-color kt-row-has-bg wp-block-kadence-rowlayout\"><div class=\"kt-row-column-wrap kt-has-2-columns kt-row-layout-equal kt-tab-layout-inherit kt-mobile-layout-row kt-row-valign-middle kb-theme-content-width\">\n<style>.kadence-column2556_776201-e8 > .kt-inside-inner-col,.kadence-column2556_776201-e8 > .kt-inside-inner-col:before{border-top-left-radius:0px;border-top-right-radius:0px;border-bottom-right-radius:0px;border-bottom-left-radius:0px;}.kadence-column2556_776201-e8 > .kt-inside-inner-col{column-gap:var(--global-kb-gap-sm, 1rem);}.kadence-column2556_776201-e8 > .kt-inside-inner-col{flex-direction:column;}.kadence-column2556_776201-e8 > .kt-inside-inner-col > .aligncenter{width:100%;}.kadence-column2556_776201-e8 > .kt-inside-inner-col:before{opacity:0.3;}.kadence-column2556_776201-e8{position:relative;}@media all and (max-width: 1024px){.kadence-column2556_776201-e8 > .kt-inside-inner-col{flex-direction:column;justify-content:center;}}@media all and (max-width: 767px){.kadence-column2556_776201-e8 > .kt-inside-inner-col{flex-direction:column;justify-content:center;}}<\/style>\n<div class=\"wp-block-kadence-column kadence-column2556_776201-e8\"><div class=\"kt-inside-inner-col\"><style>.kb-image2556_2bbe1a-e2 .kb-image-has-overlay:after{opacity:0.3;}<\/style>\n<figure class=\"wp-block-kadence-image kb-image2556_2bbe1a-e2 kb-image-is-ratio-size\" data-aos=\"fade-right\"><div class=\"kb-is-ratio-image kb-image-ratio-port23\"><img loading=\"lazy\" decoding=\"async\" width=\"1200\" height=\"1600\" src=\"https:\/\/cimentaterra.es\/wp-content\/uploads\/2024\/05\/Fabricacion-con-su-CE-de-plantas-de-inyeccion-1.jpg\" alt=\"\" class=\"kb-img wp-image-2316\" srcset=\"https:\/\/cimentaterra.es\/wp-content\/uploads\/2024\/05\/Fabricacion-con-su-CE-de-plantas-de-inyeccion-1.jpg 1200w, https:\/\/cimentaterra.es\/wp-content\/uploads\/2024\/05\/Fabricacion-con-su-CE-de-plantas-de-inyeccion-1-225x300.jpg 225w, https:\/\/cimentaterra.es\/wp-content\/uploads\/2024\/05\/Fabricacion-con-su-CE-de-plantas-de-inyeccion-1-768x1024.jpg 768w, https:\/\/cimentaterra.es\/wp-content\/uploads\/2024\/05\/Fabricacion-con-su-CE-de-plantas-de-inyeccion-1-1152x1536.jpg 1152w\" sizes=\"auto, (max-width: 1200px) 100vw, 1200px\" \/><\/div><\/figure>\n<\/div><\/div>\n\n\n<style>.kadence-column2556_54541f-8a > .kt-inside-inner-col,.kadence-column2556_54541f-8a > .kt-inside-inner-col:before{border-top-left-radius:0px;border-top-right-radius:0px;border-bottom-right-radius:0px;border-bottom-left-radius:0px;}.kadence-column2556_54541f-8a > .kt-inside-inner-col{column-gap:var(--global-kb-gap-sm, 1rem);}.kadence-column2556_54541f-8a > .kt-inside-inner-col{flex-direction:column;}.kadence-column2556_54541f-8a > .kt-inside-inner-col > .aligncenter{width:100%;}.kadence-column2556_54541f-8a > .kt-inside-inner-col:before{opacity:0.3;}.kadence-column2556_54541f-8a{position:relative;}@media all and (max-width: 1024px){.kadence-column2556_54541f-8a > .kt-inside-inner-col{flex-direction:column;justify-content:center;}}@media all and (max-width: 767px){.kadence-column2556_54541f-8a > .kt-inside-inner-col{flex-direction:column;justify-content:center;}}<\/style>\n<div class=\"wp-block-kadence-column kadence-column2556_54541f-8a\"><div class=\"kt-inside-inner-col\">\n<p><\/p>\n\n\n\n<p>Our approach is based on customization, so we work closely with our clients to design solutions that meet their specific needs.<br>Each project of <strong>diaphragm wall <\/strong>nearly <strong>Cartagena<\/strong> It is unique, and at Cimentaterra we make sure to exceed expectations.<\/p>\n\n\n\n<h2 class=\"wp-block-heading\">Benefits of working with Cimentaterra in Cartagena<\/h2>\n\n\n\n<p>If your project needs a <strong>diaphragm wall <\/strong>nearly<strong> Cartagena<\/strong>At Cimentaterra you will find a reliable partner. In addition to offering a specialized service, we stand out for our sustainability, integrating eco-friendly practices at each stage of the process. Our diaphragm walls not only offer security and stability, but also allow for long-term cost savings.<\/p>\n\n\n\n<p>We work with cutting-edge technologies and a team of experts that guarantee efficiency in each phase of construction. <br>At Cimentaterra, quality and safety are always our priorities, ensuring that each project in Cartagena is built on solid and long-lasting foundations.<\/p>\n\n\n\n<p><\/p>\n\n\n\n<p><\/p>\n<\/div><\/div>\n\n<\/div><\/div>","protected":false},"excerpt":{"rendered":"<p>Muro pantalla Cartagena Cimentaterra: Expertos en muro pantalla cerca de Cartagena En Cimentaterra, somos l\u00edderes en el sector de la construcci\u00f3n y especialistas en cimentaciones especiales. Con un fuerte compromiso con la calidad y la innovaci\u00f3n, ofrecemos soluciones personalizadas para proyectos de todo tipo. Nos destacamos por nuestro servicio de muro pantalla cerca de Cartagena,&#8230;<\/p>","protected":false},"author":1,"featured_media":0,"parent":0,"menu_order":24,"comment_status":"closed","ping_status":"closed","template":"","meta":{"_kad_blocks_custom_css":"","_kad_blocks_head_custom_js":"","_kad_blocks_body_custom_js":"","_kad_blocks_footer_custom_js":"","_kadence_starter_templates_imported_post":false,"_kad_post_transparent":"","_kad_post_title":"hide","_kad_post_layout":"fullwidth","_kad_post_sidebar_id":"","_kad_post_content_style":"unboxed","_kad_post_vertical_padding":"","_kad_post_feature":"","_kad_post_feature_position":"","_kad_post_header":false,"_kad_post_footer":false,"footnotes":""},"class_list":["post-2556","page","type-page","status-publish","hentry"],"taxonomy_info":[],"featured_image_src_large":false,"author_info":{"display_name":"eloi","author_link":"https:\/\/cimentaterra.es\/en\/author\/eloi\/"},"comment_info":0,"_links":{"self":[{"href":"https:\/\/cimentaterra.es\/en\/wp-json\/wp\/v2\/pages\/2556","targetHints":{"allow":["GET"]}}],"collection":[{"href":"https:\/\/cimentaterra.es\/en\/wp-json\/wp\/v2\/pages"}],"about":[{"href":"https:\/\/cimentaterra.es\/en\/wp-json\/wp\/v2\/types\/page"}],"author":[{"embeddable":true,"href":"https:\/\/cimentaterra.es\/en\/wp-json\/wp\/v2\/users\/1"}],"replies":[{"embeddable":true,"href":"https:\/\/cimentaterra.es\/en\/wp-json\/wp\/v2\/comments?post=2556"}],"version-history":[{"count":2,"href":"https:\/\/cimentaterra.es\/en\/wp-json\/wp\/v2\/pages\/2556\/revisions"}],"predecessor-version":[{"id":2558,"href":"https:\/\/cimentaterra.es\/en\/wp-json\/wp\/v2\/pages\/2556\/revisions\/2558"}],"wp:attachment":[{"href":"https:\/\/cimentaterra.es\/en\/wp-json\/wp\/v2\/media?parent=2556"}],"curies":[{"name":"wp","href":"https:\/\/api.w.org\/{rel}","templated":true}]}}