{"id":2561,"date":"2024-09-24T11:35:30","date_gmt":"2024-09-24T09:35:30","guid":{"rendered":"https:\/\/cimentaterra.es\/?page_id=2561"},"modified":"2024-09-24T11:35:31","modified_gmt":"2024-09-24T09:35:31","slug":"muro-pantalla-santomera","status":"publish","type":"page","link":"https:\/\/cimentaterra.es\/en\/muro-pantalla-santomera\/","title":{"rendered":"Santomera diaphragm wall"},"content":{"rendered":"<style>.kb-row-layout-id2561_febb6a-b5 > .kt-row-column-wrap{align-content:center;}:where(.kb-row-layout-id2561_febb6a-b5 > .kt-row-column-wrap) > .wp-block-kadence-column{justify-content:center;}.kb-row-layout-id2561_febb6a-b5 > .kt-row-column-wrap{column-gap:var(--global-kb-gap-md, 2rem);row-gap:var(--global-kb-gap-none, 0rem );max-width:var( --global-content-width, 1290px );padding-left:var(--global-content-edge-padding);padding-right:var(--global-content-edge-padding);padding-top:80px;padding-right:24px;padding-bottom:80px;padding-left:24px;min-height:400px;grid-template-columns:minmax(0, 1fr);}.kb-row-layout-id2561_febb6a-b5 > .kt-row-layout-overlay{opacity:0.30;}.kb-row-layout-id2561_febb6a-b5{z-index:1475;position:relative;}.kb-row-layout-id2561_febb6a-b5 .kt-row-layout-bottom-sep{height:100px;}.kb-row-layout-id2561_febb6a-b5 .kt-row-layout-bottom-sep svg{width:100%;}.kb-row-layout-id2561_febb6a-b5 .kt-row-layout-bottom-sep svg{fill:#ffffff!important;}@media all and (max-width: 1024px){.kb-row-layout-id2561_febb6a-b5 > .kt-row-column-wrap{grid-template-columns:minmax(0, 1fr);}}@media all and (max-width: 1024px){.kb-row-layout-id2561_febb6a-b5 .kt-row-layout-bottom-sep{height:px;}}@media all and (max-width: 1024px){.kb-row-layout-id2561_febb6a-b5 .kt-row-layout-bottom-sep svg{width:%;}}@media all and (max-width: 767px){.kb-row-layout-id2561_febb6a-b5 > .kt-row-column-wrap{grid-template-columns:minmax(0, 1fr);}.kb-row-layout-id2561_febb6a-b5 .kt-row-layout-bottom-sep{height:px;}.kb-row-layout-id2561_febb6a-b5 .kt-row-layout-bottom-sep svg{width:%;}}.kb-row-layout-id2561_febb6a-b5 {z-index: 10;}<\/style><div class=\"kb-row-layout-wrap kb-row-layout-id2561_febb6a-b5 alignfull has-theme-palette8-background-color kt-row-has-bg wp-block-kadence-rowlayout\"><div class=\"kt-row-column-wrap kt-has-1-columns kt-row-layout-equal kt-tab-layout-inherit kt-mobile-layout-row kt-row-valign-middle kb-theme-content-width\">\n<style>.kadence-column2561_d70b02-29 > .kt-inside-inner-col,.kadence-column2561_d70b02-29 > .kt-inside-inner-col:before{border-top-left-radius:0px;border-top-right-radius:0px;border-bottom-right-radius:0px;border-bottom-left-radius:0px;}.kadence-column2561_d70b02-29 > .kt-inside-inner-col{column-gap:var(--global-kb-gap-sm, 1rem);}.kadence-column2561_d70b02-29 > .kt-inside-inner-col{flex-direction:column;}.kadence-column2561_d70b02-29 > .kt-inside-inner-col > .aligncenter{width:100%;}.kadence-column2561_d70b02-29 > .kt-inside-inner-col:before{opacity:0.3;}.kadence-column2561_d70b02-29{position:relative;}@media all and (max-width: 1024px){.kadence-column2561_d70b02-29 > .kt-inside-inner-col{flex-direction:column;justify-content:center;}}@media all and (max-width: 767px){.kadence-column2561_d70b02-29 > .kt-inside-inner-col{flex-direction:column;justify-content:center;}}<\/style>\n<div class=\"wp-block-kadence-column kadence-column2561_d70b02-29 inner-column-1\"><div class=\"kt-inside-inner-col\"><style>.wp-block-kadence-advancedheading.kt-adv-heading2561_6a2fdb-a8, .wp-block-kadence-advancedheading.kt-adv-heading2561_6a2fdb-a8[data-kb-block=\"kb-adv-heading2561_6a2fdb-a8\"]{margin-top:var(--global-kb-spacing-xxs, 0.5rem);text-align:center;font-size:var(--global-kb-font-size-xl, 3rem);font-style:normal;}.wp-block-kadence-advancedheading.kt-adv-heading2561_6a2fdb-a8 mark.kt-highlight, .wp-block-kadence-advancedheading.kt-adv-heading2561_6a2fdb-a8[data-kb-block=\"kb-adv-heading2561_6a2fdb-a8\"] mark.kt-highlight{font-style:normal;color:#f76a0c;-webkit-box-decoration-break:clone;box-decoration-break:clone;padding-top:0px;padding-right:0px;padding-bottom:0px;padding-left:0px;}<\/style>\n<h1 class=\"kt-adv-heading2561_6a2fdb-a8 wp-block-kadence-advancedheading\" data-kb-block=\"kb-adv-heading2561_6a2fdb-a8\">Santomera diaphragm wall<\/h1>\n<\/div><\/div>\n\n<\/div><\/div>\n\n<style>.kb-row-layout-id2561_d5bf30-bf > .kt-row-column-wrap{align-content:center;}:where(.kb-row-layout-id2561_d5bf30-bf > .kt-row-column-wrap) > .wp-block-kadence-column{justify-content:center;}.kb-row-layout-id2561_d5bf30-bf > .kt-row-column-wrap{column-gap:var(--global-kb-gap-lg, 4rem);row-gap:var(--global-kb-gap-md, 2rem);max-width:var( --global-content-width, 1290px );padding-left:var(--global-content-edge-padding);padding-right:var(--global-content-edge-padding);padding-top:var(--global-kb-spacing-3xl, 6.5rem);padding-bottom:var(--global-kb-spacing-3xl, 6.5rem);grid-template-columns:repeat(2, minmax(0, 1fr));}.kb-row-layout-id2561_d5bf30-bf > .kt-row-layout-overlay{opacity:0.30;}@media all and (max-width: 1024px){.kb-row-layout-id2561_d5bf30-bf > .kt-row-column-wrap{grid-template-columns:repeat(2, minmax(0, 1fr));}}@media all and (max-width: 767px){.kb-row-layout-id2561_d5bf30-bf > .kt-row-column-wrap{grid-template-columns:minmax(0, 1fr);}}<\/style><div class=\"kb-row-layout-wrap kb-row-layout-id2561_d5bf30-bf alignnone wp-block-kadence-rowlayout\"><div class=\"kt-row-column-wrap kt-has-2-columns kt-row-layout-equal kt-tab-layout-inherit kt-mobile-layout-row kt-row-valign-middle kb-theme-content-width\">\n<style>.kadence-column2561_b65c42-74 > .kt-inside-inner-col,.kadence-column2561_b65c42-74 > .kt-inside-inner-col:before{border-top-left-radius:0px;border-top-right-radius:0px;border-bottom-right-radius:0px;border-bottom-left-radius:0px;}.kadence-column2561_b65c42-74 > .kt-inside-inner-col{column-gap:var(--global-kb-gap-sm, 1rem);}.kadence-column2561_b65c42-74 > .kt-inside-inner-col{flex-direction:column;}.kadence-column2561_b65c42-74 > .kt-inside-inner-col > .aligncenter{width:100%;}.kadence-column2561_b65c42-74 > .kt-inside-inner-col:before{opacity:0.3;}.kadence-column2561_b65c42-74{position:relative;}@media all and (max-width: 1024px){.kadence-column2561_b65c42-74 > .kt-inside-inner-col{flex-direction:column;justify-content:center;}}@media all and (max-width: 767px){.kadence-column2561_b65c42-74 > .kt-inside-inner-col{flex-direction:column;justify-content:center;}}<\/style>\n<div class=\"wp-block-kadence-column kadence-column2561_b65c42-74\"><div class=\"kt-inside-inner-col\">\n<h2 class=\"wp-block-heading\">Cimentaterra: Specialists in diaphragm walls near Santomera<\/h2>\n\n\n\n<p>At Cimentaterra, we have established ourselves as a benchmark in the construction of deep foundations, with specialization in the technique of <strong>diaphragm wall <\/strong>nearly<strong> Santomera<\/strong>. <br>This method allows us to offer high-quality solutions to ensure the stability of all types of constructions. <br>From residential projects to large industrial structures, our expertise in diaphragm walls ensures that each project is designed to withstand the demands of the terrain.<\/p>\n\n\n\n<p>If you are looking for experts in <strong>diaphragm wall<\/strong> nearly<strong> Santomera<\/strong>At Cimentaterra we offer you a personalized service that adapts to the specific conditions of your work. <br>With years of experience and a solid reputation, we are committed to performing every job to the highest standard of quality.<\/p>\n\n\n\n<h2 class=\"wp-block-heading\">Why choose Cimentaterra for diaphragm walls near Santomera?<\/h2>\n\n\n\n<p>He <strong>diaphragm wall <\/strong>nearly <strong>Santomera<\/strong> It is an essential technique in the construction of basements, earth retaining walls and deep excavations, especially in areas where the terrain presents geotechnical challenges. <br>At Cimentaterra, we use this method to create a safe and durable support for structures. <br>Furthermore, as it is a technique that is carried out \u201con site\u201d, it allows us to adapt to the conditions of the environment and improve efficiency on site.<\/p>\n\n\n\n<p><\/p>\n\n\n\n<p><\/p>\n<\/div><\/div>\n\n\n<style>.kadence-column2561_20c7b0-ab > .kt-inside-inner-col,.kadence-column2561_20c7b0-ab > .kt-inside-inner-col:before{border-top-left-radius:0px;border-top-right-radius:0px;border-bottom-right-radius:0px;border-bottom-left-radius:0px;}.kadence-column2561_20c7b0-ab > .kt-inside-inner-col{column-gap:var(--global-kb-gap-sm, 1rem);}.kadence-column2561_20c7b0-ab > .kt-inside-inner-col{flex-direction:column;}.kadence-column2561_20c7b0-ab > .kt-inside-inner-col > .aligncenter{width:100%;}.kadence-column2561_20c7b0-ab > .kt-inside-inner-col:before{opacity:0.3;}.kadence-column2561_20c7b0-ab{position:relative;}@media all and (max-width: 1024px){.kadence-column2561_20c7b0-ab > .kt-inside-inner-col{flex-direction:column;justify-content:center;}}@media all and (max-width: 767px){.kadence-column2561_20c7b0-ab > .kt-inside-inner-col{flex-direction:column;justify-content:center;}}<\/style>\n<div class=\"wp-block-kadence-column kadence-column2561_20c7b0-ab\"><div class=\"kt-inside-inner-col\"><style>.kb-image2561_a26aa7-ba .kb-image-has-overlay:after{opacity:0.3;}.kb-image2561_a26aa7-ba img.kb-img, .kb-image2561_a26aa7-ba .kb-img img{object-position:0% 51%;}<\/style>\n<figure class=\"wp-block-kadence-image kb-image2561_a26aa7-ba kb-image-is-ratio-size\" data-aos=\"fade-left\"><div class=\"kb-is-ratio-image kb-image-ratio-port23\"><img loading=\"lazy\" decoding=\"async\" width=\"1200\" height=\"1600\" src=\"https:\/\/cimentaterra.es\/wp-content\/uploads\/2024\/06\/plantas-de-inyeccion-3.jpg\" alt=\"\" class=\"kb-img wp-image-2450\" srcset=\"https:\/\/cimentaterra.es\/wp-content\/uploads\/2024\/06\/plantas-de-inyeccion-3.jpg 1200w, https:\/\/cimentaterra.es\/wp-content\/uploads\/2024\/06\/plantas-de-inyeccion-3-225x300.jpg 225w, https:\/\/cimentaterra.es\/wp-content\/uploads\/2024\/06\/plantas-de-inyeccion-3-768x1024.jpg 768w, https:\/\/cimentaterra.es\/wp-content\/uploads\/2024\/06\/plantas-de-inyeccion-3-1152x1536.jpg 1152w\" sizes=\"auto, (max-width: 1200px) 100vw, 1200px\" \/><\/div><\/figure>\n<\/div><\/div>\n\n<\/div><\/div>\n\n<style>.kb-row-layout-id2561_530925-9d > .kt-row-column-wrap{align-content:center;}:where(.kb-row-layout-id2561_530925-9d > .kt-row-column-wrap) > .wp-block-kadence-column{justify-content:center;}.kb-row-layout-id2561_530925-9d > .kt-row-column-wrap{column-gap:var(--global-kb-gap-lg, 4rem);row-gap:var(--global-kb-gap-md, 2rem);max-width:var( --global-content-width, 1290px );padding-left:var(--global-content-edge-padding);padding-right:var(--global-content-edge-padding);padding-top:var(--global-kb-spacing-3xl, 6.5rem);padding-bottom:var(--global-kb-spacing-3xl, 6.5rem);grid-template-columns:repeat(2, minmax(0, 1fr));}.kb-row-layout-id2561_530925-9d > .kt-row-layout-overlay{opacity:0.30;}@media all and (max-width: 1024px){.kb-row-layout-id2561_530925-9d > .kt-row-column-wrap{grid-template-columns:repeat(2, minmax(0, 1fr));}}@media all and (max-width: 767px){.kb-row-layout-id2561_530925-9d > .kt-row-column-wrap{grid-template-columns:minmax(0, 1fr);}}<\/style><div class=\"kb-row-layout-wrap kb-row-layout-id2561_530925-9d alignnone has-theme-palette8-background-color kt-row-has-bg wp-block-kadence-rowlayout\"><div class=\"kt-row-column-wrap kt-has-2-columns kt-row-layout-equal kt-tab-layout-inherit kt-mobile-layout-row kt-row-valign-middle kb-theme-content-width\">\n<style>.kadence-column2561_fe6f84-e8 > .kt-inside-inner-col,.kadence-column2561_fe6f84-e8 > .kt-inside-inner-col:before{border-top-left-radius:0px;border-top-right-radius:0px;border-bottom-right-radius:0px;border-bottom-left-radius:0px;}.kadence-column2561_fe6f84-e8 > .kt-inside-inner-col{column-gap:var(--global-kb-gap-sm, 1rem);}.kadence-column2561_fe6f84-e8 > .kt-inside-inner-col{flex-direction:column;}.kadence-column2561_fe6f84-e8 > .kt-inside-inner-col > .aligncenter{width:100%;}.kadence-column2561_fe6f84-e8 > .kt-inside-inner-col:before{opacity:0.3;}.kadence-column2561_fe6f84-e8{position:relative;}@media all and (max-width: 1024px){.kadence-column2561_fe6f84-e8 > .kt-inside-inner-col{flex-direction:column;justify-content:center;}}@media all and (max-width: 767px){.kadence-column2561_fe6f84-e8 > .kt-inside-inner-col{flex-direction:column;justify-content:center;}}<\/style>\n<div class=\"wp-block-kadence-column kadence-column2561_fe6f84-e8\"><div class=\"kt-inside-inner-col\"><style>.kb-image2561_1c1f73-09 .kb-image-has-overlay:after{opacity:0.3;}<\/style>\n<figure class=\"wp-block-kadence-image kb-image2561_1c1f73-09 kb-image-is-ratio-size\" data-aos=\"fade-right\"><div class=\"kb-is-ratio-image kb-image-ratio-port23\"><img loading=\"lazy\" decoding=\"async\" width=\"1200\" height=\"1600\" src=\"https:\/\/cimentaterra.es\/wp-content\/uploads\/2024\/05\/Fabricacion-con-su-CE-de-plantas-de-inyeccion-1.jpg\" alt=\"\" class=\"kb-img wp-image-2316\" srcset=\"https:\/\/cimentaterra.es\/wp-content\/uploads\/2024\/05\/Fabricacion-con-su-CE-de-plantas-de-inyeccion-1.jpg 1200w, https:\/\/cimentaterra.es\/wp-content\/uploads\/2024\/05\/Fabricacion-con-su-CE-de-plantas-de-inyeccion-1-225x300.jpg 225w, https:\/\/cimentaterra.es\/wp-content\/uploads\/2024\/05\/Fabricacion-con-su-CE-de-plantas-de-inyeccion-1-768x1024.jpg 768w, https:\/\/cimentaterra.es\/wp-content\/uploads\/2024\/05\/Fabricacion-con-su-CE-de-plantas-de-inyeccion-1-1152x1536.jpg 1152w\" sizes=\"auto, (max-width: 1200px) 100vw, 1200px\" \/><\/div><\/figure>\n<\/div><\/div>\n\n\n<style>.kadence-column2561_e5fadc-a0 > .kt-inside-inner-col,.kadence-column2561_e5fadc-a0 > .kt-inside-inner-col:before{border-top-left-radius:0px;border-top-right-radius:0px;border-bottom-right-radius:0px;border-bottom-left-radius:0px;}.kadence-column2561_e5fadc-a0 > .kt-inside-inner-col{column-gap:var(--global-kb-gap-sm, 1rem);}.kadence-column2561_e5fadc-a0 > .kt-inside-inner-col{flex-direction:column;}.kadence-column2561_e5fadc-a0 > .kt-inside-inner-col > .aligncenter{width:100%;}.kadence-column2561_e5fadc-a0 > .kt-inside-inner-col:before{opacity:0.3;}.kadence-column2561_e5fadc-a0{position:relative;}@media all and (max-width: 1024px){.kadence-column2561_e5fadc-a0 > .kt-inside-inner-col{flex-direction:column;justify-content:center;}}@media all and (max-width: 767px){.kadence-column2561_e5fadc-a0 > .kt-inside-inner-col{flex-direction:column;justify-content:center;}}<\/style>\n<div class=\"wp-block-kadence-column kadence-column2561_e5fadc-a0\"><div class=\"kt-inside-inner-col\">\n<p>Work with us for the installation of a <strong>diaphragm wall <\/strong>nearly <strong>Santomera<\/strong> guarantees that you will have a specialized team that uses cutting-edge tools and technologies. Our goal is always to offer solutions that not only comply with regulations, but also optimize the client&#039;s time and budget.<\/p>\n\n\n\n<h2 class=\"wp-block-heading\">Benefits of diaphragm walls near Santomera<\/h2>\n\n\n\n<p>Projects requiring deep foundations benefit greatly from the technique of <strong>diaphragm wall <\/strong>nearly <strong>Santomera<\/strong>. <br>At Cimentaterra, we offer solutions that maximize construction safety, since diaphragm walls act as barriers that withstand the pressures of earth and water. <br>This technique allows for better use of space in basements and excavations, and is especially useful for areas with high building density, such as Santomera.<\/p>\n\n\n\n<p>We work closely with our clients to ensure that each project is a success from start to finish. <br>If you need a <strong>diaphragm wall <\/strong>nearly<strong> Santomera<\/strong>At Cimentaterra we are ready to offer you a solid, safe and efficient solution for any type of construction.<\/p>\n<\/div><\/div>\n\n<\/div><\/div>","protected":false},"excerpt":{"rendered":"<p>Muro pantalla Santomera Cimentaterra: Especialistas en muro pantalla cerca de Santomera En Cimentaterra, nos hemos consolidado como referentes en la construcci\u00f3n de cimentaciones profundas, con especializaci\u00f3n en la t\u00e9cnica de muro pantalla cerca de Santomera. Este m\u00e9todo nos permite ofrecer soluciones de alta calidad para garantizar la estabilidad de todo tipo de construcciones. Desde proyectos&#8230;<\/p>","protected":false},"author":1,"featured_media":0,"parent":0,"menu_order":23,"comment_status":"closed","ping_status":"closed","template":"","meta":{"_kad_blocks_custom_css":"","_kad_blocks_head_custom_js":"","_kad_blocks_body_custom_js":"","_kad_blocks_footer_custom_js":"","_kadence_starter_templates_imported_post":false,"_kad_post_transparent":"","_kad_post_title":"hide","_kad_post_layout":"fullwidth","_kad_post_sidebar_id":"","_kad_post_content_style":"unboxed","_kad_post_vertical_padding":"","_kad_post_feature":"","_kad_post_feature_position":"","_kad_post_header":false,"_kad_post_footer":false,"footnotes":""},"class_list":["post-2561","page","type-page","status-publish","hentry"],"taxonomy_info":[],"featured_image_src_large":false,"author_info":{"display_name":"eloi","author_link":"https:\/\/cimentaterra.es\/en\/author\/eloi\/"},"comment_info":0,"_links":{"self":[{"href":"https:\/\/cimentaterra.es\/en\/wp-json\/wp\/v2\/pages\/2561","targetHints":{"allow":["GET"]}}],"collection":[{"href":"https:\/\/cimentaterra.es\/en\/wp-json\/wp\/v2\/pages"}],"about":[{"href":"https:\/\/cimentaterra.es\/en\/wp-json\/wp\/v2\/types\/page"}],"author":[{"embeddable":true,"href":"https:\/\/cimentaterra.es\/en\/wp-json\/wp\/v2\/users\/1"}],"replies":[{"embeddable":true,"href":"https:\/\/cimentaterra.es\/en\/wp-json\/wp\/v2\/comments?post=2561"}],"version-history":[{"count":1,"href":"https:\/\/cimentaterra.es\/en\/wp-json\/wp\/v2\/pages\/2561\/revisions"}],"predecessor-version":[{"id":2562,"href":"https:\/\/cimentaterra.es\/en\/wp-json\/wp\/v2\/pages\/2561\/revisions\/2562"}],"wp:attachment":[{"href":"https:\/\/cimentaterra.es\/en\/wp-json\/wp\/v2\/media?parent=2561"}],"curies":[{"name":"wp","href":"https:\/\/api.w.org\/{rel}","templated":true}]}}