{"id":2575,"date":"2024-10-16T09:07:28","date_gmt":"2024-10-16T07:07:28","guid":{"rendered":"https:\/\/cimentaterra.es\/?page_id=2575"},"modified":"2024-10-16T09:07:29","modified_gmt":"2024-10-16T07:07:29","slug":"micropilotes-en-barcelona","status":"publish","type":"page","link":"https:\/\/cimentaterra.es\/en\/micropilotes-en-barcelona\/","title":{"rendered":"Micropiles in Barcelona"},"content":{"rendered":"<style>.kb-row-layout-id2575_7d0f45-8a > .kt-row-column-wrap{align-content:center;}:where(.kb-row-layout-id2575_7d0f45-8a > .kt-row-column-wrap) > .wp-block-kadence-column{justify-content:center;}.kb-row-layout-id2575_7d0f45-8a > .kt-row-column-wrap{column-gap:var(--global-kb-gap-md, 2rem);row-gap:var(--global-kb-gap-none, 0rem );max-width:var( --global-content-width, 1290px );padding-left:var(--global-content-edge-padding);padding-right:var(--global-content-edge-padding);padding-top:80px;padding-right:24px;padding-bottom:80px;padding-left:24px;min-height:400px;grid-template-columns:minmax(0, 1fr);}.kb-row-layout-id2575_7d0f45-8a > .kt-row-layout-overlay{opacity:0.30;}.kb-row-layout-id2575_7d0f45-8a{z-index:1475;position:relative;}.kb-row-layout-id2575_7d0f45-8a .kt-row-layout-bottom-sep{height:100px;}.kb-row-layout-id2575_7d0f45-8a .kt-row-layout-bottom-sep svg{width:100%;}.kb-row-layout-id2575_7d0f45-8a .kt-row-layout-bottom-sep svg{fill:#ffffff!important;}@media all and (max-width: 1024px){.kb-row-layout-id2575_7d0f45-8a > .kt-row-column-wrap{grid-template-columns:minmax(0, 1fr);}}@media all and (max-width: 1024px){.kb-row-layout-id2575_7d0f45-8a .kt-row-layout-bottom-sep{height:px;}}@media all and (max-width: 1024px){.kb-row-layout-id2575_7d0f45-8a .kt-row-layout-bottom-sep svg{width:%;}}@media all and (max-width: 767px){.kb-row-layout-id2575_7d0f45-8a > .kt-row-column-wrap{grid-template-columns:minmax(0, 1fr);}.kb-row-layout-id2575_7d0f45-8a .kt-row-layout-bottom-sep{height:px;}.kb-row-layout-id2575_7d0f45-8a .kt-row-layout-bottom-sep svg{width:%;}}.kb-row-layout-id2575_7d0f45-8a {z-index: 10;}<\/style><div class=\"kb-row-layout-wrap kb-row-layout-id2575_7d0f45-8a alignfull has-theme-palette8-background-color kt-row-has-bg wp-block-kadence-rowlayout\"><div class=\"kt-row-column-wrap kt-has-1-columns kt-row-layout-equal kt-tab-layout-inherit kt-mobile-layout-row kt-row-valign-middle kb-theme-content-width\">\n<style>.kadence-column2575_c16ce2-85 > .kt-inside-inner-col,.kadence-column2575_c16ce2-85 > .kt-inside-inner-col:before{border-top-left-radius:0px;border-top-right-radius:0px;border-bottom-right-radius:0px;border-bottom-left-radius:0px;}.kadence-column2575_c16ce2-85 > .kt-inside-inner-col{column-gap:var(--global-kb-gap-sm, 1rem);}.kadence-column2575_c16ce2-85 > .kt-inside-inner-col{flex-direction:column;}.kadence-column2575_c16ce2-85 > .kt-inside-inner-col > .aligncenter{width:100%;}.kadence-column2575_c16ce2-85 > .kt-inside-inner-col:before{opacity:0.3;}.kadence-column2575_c16ce2-85{position:relative;}@media all and (max-width: 1024px){.kadence-column2575_c16ce2-85 > .kt-inside-inner-col{flex-direction:column;justify-content:center;}}@media all and (max-width: 767px){.kadence-column2575_c16ce2-85 > .kt-inside-inner-col{flex-direction:column;justify-content:center;}}<\/style>\n<div class=\"wp-block-kadence-column kadence-column2575_c16ce2-85 inner-column-1\"><div class=\"kt-inside-inner-col\"><style>.wp-block-kadence-advancedheading.kt-adv-heading2575_6ecd73-3b, .wp-block-kadence-advancedheading.kt-adv-heading2575_6ecd73-3b[data-kb-block=\"kb-adv-heading2575_6ecd73-3b\"]{margin-top:var(--global-kb-spacing-xxs, 0.5rem);text-align:center;font-size:var(--global-kb-font-size-xl, 3rem);font-style:normal;}.wp-block-kadence-advancedheading.kt-adv-heading2575_6ecd73-3b mark.kt-highlight, .wp-block-kadence-advancedheading.kt-adv-heading2575_6ecd73-3b[data-kb-block=\"kb-adv-heading2575_6ecd73-3b\"] mark.kt-highlight{font-style:normal;color:#f76a0c;-webkit-box-decoration-break:clone;box-decoration-break:clone;padding-top:0px;padding-right:0px;padding-bottom:0px;padding-left:0px;}<\/style>\n<h1 class=\"kt-adv-heading2575_6ecd73-3b wp-block-kadence-advancedheading\" data-kb-block=\"kb-adv-heading2575_6ecd73-3b\">Micropiles in Barcelona<\/h1>\n<\/div><\/div>\n\n<\/div><\/div>\n\n<style>.kb-row-layout-id2575_7efe03-30 > .kt-row-column-wrap{align-content:center;}:where(.kb-row-layout-id2575_7efe03-30 > .kt-row-column-wrap) > .wp-block-kadence-column{justify-content:center;}.kb-row-layout-id2575_7efe03-30 > .kt-row-column-wrap{column-gap:var(--global-kb-gap-lg, 4rem);row-gap:var(--global-kb-gap-md, 2rem);max-width:var( --global-content-width, 1290px );padding-left:var(--global-content-edge-padding);padding-right:var(--global-content-edge-padding);padding-top:var(--global-kb-spacing-3xl, 6.5rem);padding-bottom:var(--global-kb-spacing-3xl, 6.5rem);grid-template-columns:repeat(2, minmax(0, 1fr));}.kb-row-layout-id2575_7efe03-30 > .kt-row-layout-overlay{opacity:0.30;}@media all and (max-width: 1024px){.kb-row-layout-id2575_7efe03-30 > .kt-row-column-wrap{grid-template-columns:repeat(2, minmax(0, 1fr));}}@media all and (max-width: 767px){.kb-row-layout-id2575_7efe03-30 > .kt-row-column-wrap{grid-template-columns:minmax(0, 1fr);}}<\/style><div class=\"kb-row-layout-wrap kb-row-layout-id2575_7efe03-30 alignnone wp-block-kadence-rowlayout\"><div class=\"kt-row-column-wrap kt-has-2-columns kt-row-layout-equal kt-tab-layout-inherit kt-mobile-layout-row kt-row-valign-middle kb-theme-content-width\">\n<style>.kadence-column2575_2a8a57-24 > .kt-inside-inner-col,.kadence-column2575_2a8a57-24 > .kt-inside-inner-col:before{border-top-left-radius:0px;border-top-right-radius:0px;border-bottom-right-radius:0px;border-bottom-left-radius:0px;}.kadence-column2575_2a8a57-24 > .kt-inside-inner-col{column-gap:var(--global-kb-gap-sm, 1rem);}.kadence-column2575_2a8a57-24 > .kt-inside-inner-col{flex-direction:column;}.kadence-column2575_2a8a57-24 > .kt-inside-inner-col > .aligncenter{width:100%;}.kadence-column2575_2a8a57-24 > .kt-inside-inner-col:before{opacity:0.3;}.kadence-column2575_2a8a57-24{position:relative;}@media all and (max-width: 1024px){.kadence-column2575_2a8a57-24 > .kt-inside-inner-col{flex-direction:column;justify-content:center;}}@media all and (max-width: 767px){.kadence-column2575_2a8a57-24 > .kt-inside-inner-col{flex-direction:column;justify-content:center;}}<\/style>\n<div class=\"wp-block-kadence-column kadence-column2575_2a8a57-24\"><div class=\"kt-inside-inner-col\">\n<h3 class=\"wp-block-heading\"><strong>Micropiles in Barcelona<\/strong><\/h3>\n\n\n\n<p>At Cimentaterra, we pride ourselves on being leaders in the installation of <strong>micropiles in Barcelona<\/strong>, providing high-quality solutions for foundations and underpinning. We specialize in offering versatile and effective alternatives, adapted to the needs of any type of terrain or construction. With a solid track record and a team of experts, we guarantee the stability and safety of any structure that requires additional reinforcement.<\/p>\n\n\n\n<p>Our <strong>micropiles in Barcelona<\/strong> They stand out for their ability to support large loads in small spaces, making them the perfect choice for construction projects in urban areas and difficult terrain. This foundation system is ideal for renovation or expansion projects of existing structures, providing support without compromising the integrity of the surrounding buildings.<\/p>\n\n\n\n<h3 class=\"wp-block-heading\"><strong>Micropile installation services in Barcelona<\/strong><\/h3>\n\n\n\n<p>At Cimentaterra, we offer a comprehensive service that covers all phases of the installation process. <strong>micropiles in Barcelona<\/strong>Our approach begins with a detailed analysis of the terrain, followed by precise planning to ensure that each project runs smoothly. We use the most advanced techniques in the industry for micropile installation, ensuring long-lasting and efficient results.<\/p>\n\n\n\n<p>The micropiles we install have a strong reinforcement that, after being introduced into the drilled ground, is covered with a cement-injected grout. This process optimizes the structural support and guarantees better performance due to lateral friction of the shaft. Our team of professionals is trained to handle any challenge, ensuring a safe and effective installation, regardless of the ground conditions.<\/p>\n<\/div><\/div>\n\n\n<style>.kadence-column2575_43017c-26 > .kt-inside-inner-col,.kadence-column2575_43017c-26 > .kt-inside-inner-col:before{border-top-left-radius:0px;border-top-right-radius:0px;border-bottom-right-radius:0px;border-bottom-left-radius:0px;}.kadence-column2575_43017c-26 > .kt-inside-inner-col{column-gap:var(--global-kb-gap-sm, 1rem);}.kadence-column2575_43017c-26 > .kt-inside-inner-col{flex-direction:column;}.kadence-column2575_43017c-26 > .kt-inside-inner-col > .aligncenter{width:100%;}.kadence-column2575_43017c-26 > .kt-inside-inner-col:before{opacity:0.3;}.kadence-column2575_43017c-26{position:relative;}@media all and (max-width: 1024px){.kadence-column2575_43017c-26 > .kt-inside-inner-col{flex-direction:column;justify-content:center;}}@media all and (max-width: 767px){.kadence-column2575_43017c-26 > .kt-inside-inner-col{flex-direction:column;justify-content:center;}}<\/style>\n<div class=\"wp-block-kadence-column kadence-column2575_43017c-26\"><div class=\"kt-inside-inner-col\"><style>.kb-image2575_ec7172-9e .kb-image-has-overlay:after{opacity:0.3;}.kb-image2575_ec7172-9e img.kb-img, .kb-image2575_ec7172-9e .kb-img img{object-position:0% 51%;}<\/style>\n<figure class=\"wp-block-kadence-image kb-image2575_ec7172-9e kb-image-is-ratio-size\" data-aos=\"fade-left\"><div class=\"kb-is-ratio-image kb-image-ratio-port23\"><img loading=\"lazy\" decoding=\"async\" width=\"1200\" height=\"1600\" src=\"https:\/\/cimentaterra.es\/wp-content\/uploads\/2024\/06\/plantas-de-inyeccion-3.jpg\" alt=\"\" class=\"kb-img wp-image-2450\" srcset=\"https:\/\/cimentaterra.es\/wp-content\/uploads\/2024\/06\/plantas-de-inyeccion-3.jpg 1200w, https:\/\/cimentaterra.es\/wp-content\/uploads\/2024\/06\/plantas-de-inyeccion-3-225x300.jpg 225w, https:\/\/cimentaterra.es\/wp-content\/uploads\/2024\/06\/plantas-de-inyeccion-3-768x1024.jpg 768w, https:\/\/cimentaterra.es\/wp-content\/uploads\/2024\/06\/plantas-de-inyeccion-3-1152x1536.jpg 1152w\" sizes=\"auto, (max-width: 1200px) 100vw, 1200px\" \/><\/div><\/figure>\n<\/div><\/div>\n\n<\/div><\/div>\n\n<style>.kb-row-layout-id2575_d6d47c-8a > .kt-row-column-wrap{align-content:center;}:where(.kb-row-layout-id2575_d6d47c-8a > .kt-row-column-wrap) > .wp-block-kadence-column{justify-content:center;}.kb-row-layout-id2575_d6d47c-8a > .kt-row-column-wrap{column-gap:var(--global-kb-gap-lg, 4rem);row-gap:var(--global-kb-gap-md, 2rem);max-width:var( --global-content-width, 1290px );padding-left:var(--global-content-edge-padding);padding-right:var(--global-content-edge-padding);padding-top:var(--global-kb-spacing-3xl, 6.5rem);padding-bottom:var(--global-kb-spacing-3xl, 6.5rem);grid-template-columns:repeat(2, minmax(0, 1fr));}.kb-row-layout-id2575_d6d47c-8a > .kt-row-layout-overlay{opacity:0.30;}@media all and (max-width: 1024px){.kb-row-layout-id2575_d6d47c-8a > .kt-row-column-wrap{grid-template-columns:repeat(2, minmax(0, 1fr));}}@media all and (max-width: 767px){.kb-row-layout-id2575_d6d47c-8a > .kt-row-column-wrap{grid-template-columns:minmax(0, 1fr);}}<\/style><div class=\"kb-row-layout-wrap kb-row-layout-id2575_d6d47c-8a alignnone has-theme-palette8-background-color kt-row-has-bg wp-block-kadence-rowlayout\"><div class=\"kt-row-column-wrap kt-has-2-columns kt-row-layout-equal kt-tab-layout-inherit kt-mobile-layout-row kt-row-valign-middle kb-theme-content-width\">\n<style>.kadence-column2575_a7bb84-ef > .kt-inside-inner-col,.kadence-column2575_a7bb84-ef > .kt-inside-inner-col:before{border-top-left-radius:0px;border-top-right-radius:0px;border-bottom-right-radius:0px;border-bottom-left-radius:0px;}.kadence-column2575_a7bb84-ef > .kt-inside-inner-col{column-gap:var(--global-kb-gap-sm, 1rem);}.kadence-column2575_a7bb84-ef > .kt-inside-inner-col{flex-direction:column;}.kadence-column2575_a7bb84-ef > .kt-inside-inner-col > .aligncenter{width:100%;}.kadence-column2575_a7bb84-ef > .kt-inside-inner-col:before{opacity:0.3;}.kadence-column2575_a7bb84-ef{position:relative;}@media all and (max-width: 1024px){.kadence-column2575_a7bb84-ef > .kt-inside-inner-col{flex-direction:column;justify-content:center;}}@media all and (max-width: 767px){.kadence-column2575_a7bb84-ef > .kt-inside-inner-col{flex-direction:column;justify-content:center;}}<\/style>\n<div class=\"wp-block-kadence-column kadence-column2575_a7bb84-ef\"><div class=\"kt-inside-inner-col\"><style>.kb-image2575_a96be4-9b .kb-image-has-overlay:after{opacity:0.3;}<\/style>\n<figure class=\"wp-block-kadence-image kb-image2575_a96be4-9b kb-image-is-ratio-size\" data-aos=\"fade-right\"><div class=\"kb-is-ratio-image kb-image-ratio-port23\"><img loading=\"lazy\" decoding=\"async\" width=\"1200\" height=\"1600\" src=\"https:\/\/cimentaterra.es\/wp-content\/uploads\/2024\/05\/Fabricacion-con-su-CE-de-plantas-de-inyeccion-1.jpg\" alt=\"\" class=\"kb-img wp-image-2316\" srcset=\"https:\/\/cimentaterra.es\/wp-content\/uploads\/2024\/05\/Fabricacion-con-su-CE-de-plantas-de-inyeccion-1.jpg 1200w, https:\/\/cimentaterra.es\/wp-content\/uploads\/2024\/05\/Fabricacion-con-su-CE-de-plantas-de-inyeccion-1-225x300.jpg 225w, https:\/\/cimentaterra.es\/wp-content\/uploads\/2024\/05\/Fabricacion-con-su-CE-de-plantas-de-inyeccion-1-768x1024.jpg 768w, https:\/\/cimentaterra.es\/wp-content\/uploads\/2024\/05\/Fabricacion-con-su-CE-de-plantas-de-inyeccion-1-1152x1536.jpg 1152w\" sizes=\"auto, (max-width: 1200px) 100vw, 1200px\" \/><\/div><\/figure>\n<\/div><\/div>\n\n\n<style>.kadence-column2575_8153d6-f2 > .kt-inside-inner-col,.kadence-column2575_8153d6-f2 > .kt-inside-inner-col:before{border-top-left-radius:0px;border-top-right-radius:0px;border-bottom-right-radius:0px;border-bottom-left-radius:0px;}.kadence-column2575_8153d6-f2 > .kt-inside-inner-col{column-gap:var(--global-kb-gap-sm, 1rem);}.kadence-column2575_8153d6-f2 > .kt-inside-inner-col{flex-direction:column;}.kadence-column2575_8153d6-f2 > .kt-inside-inner-col > .aligncenter{width:100%;}.kadence-column2575_8153d6-f2 > .kt-inside-inner-col:before{opacity:0.3;}.kadence-column2575_8153d6-f2{position:relative;}@media all and (max-width: 1024px){.kadence-column2575_8153d6-f2 > .kt-inside-inner-col{flex-direction:column;justify-content:center;}}@media all and (max-width: 767px){.kadence-column2575_8153d6-f2 > .kt-inside-inner-col{flex-direction:column;justify-content:center;}}<\/style>\n<div class=\"wp-block-kadence-column kadence-column2575_8153d6-f2\"><div class=\"kt-inside-inner-col\">\n<h3 class=\"wp-block-heading\"><strong>Advantages of micropiles in Barcelona<\/strong><\/h3>\n\n\n\n<p>Opt for <strong>micropiles in Barcelona<\/strong> It offers a number of key benefits, including its versatility, strength and ability to adapt to complex terrain. These micropiles allow for foundations to be laid in small spaces and on terrain with geotechnical problems, making it possible to carry out works without affecting the environment or nearby buildings.<\/p>\n\n\n\n<p>Furthermore, this type of foundation is ideal for projects that require precision and efficiency, such as the rehabilitation of historic buildings or construction in dense urban areas. At Cimentaterra, we ensure that each client receives a customized solution, tailored to the specific characteristics and needs of their project.<\/p>\n\n\n\n<p>Trust our experience and quality for your foundation projects. We are here to provide you with the best solutions with <strong>micropiles in Barcelona<\/strong>!<\/p>\n<\/div><\/div>\n\n<\/div><\/div>","protected":false},"excerpt":{"rendered":"<p>Micropilotes en Barcelona Micropilotes en Barcelona En Cimentaterra, nos enorgullecemos de ser l\u00edderes en la instalaci\u00f3n de micropilotes en Barcelona, brindando soluciones de alta calidad para cimentaci\u00f3n y recalce. Nos especializamos en ofrecer alternativas vers\u00e1tiles y efectivas, adaptadas a las necesidades de cualquier tipo de terreno o construcci\u00f3n. Con una trayectoria s\u00f3lida y un equipo&#8230;<\/p>","protected":false},"author":1,"featured_media":0,"parent":0,"menu_order":22,"comment_status":"closed","ping_status":"closed","template":"","meta":{"_kad_blocks_custom_css":"","_kad_blocks_head_custom_js":"","_kad_blocks_body_custom_js":"","_kad_blocks_footer_custom_js":"","_kadence_starter_templates_imported_post":false,"_kad_post_transparent":"","_kad_post_title":"hide","_kad_post_layout":"fullwidth","_kad_post_sidebar_id":"","_kad_post_content_style":"unboxed","_kad_post_vertical_padding":"","_kad_post_feature":"","_kad_post_feature_position":"","_kad_post_header":false,"_kad_post_footer":false,"footnotes":""},"class_list":["post-2575","page","type-page","status-publish","hentry"],"taxonomy_info":[],"featured_image_src_large":false,"author_info":{"display_name":"eloi","author_link":"https:\/\/cimentaterra.es\/en\/author\/eloi\/"},"comment_info":0,"_links":{"self":[{"href":"https:\/\/cimentaterra.es\/en\/wp-json\/wp\/v2\/pages\/2575","targetHints":{"allow":["GET"]}}],"collection":[{"href":"https:\/\/cimentaterra.es\/en\/wp-json\/wp\/v2\/pages"}],"about":[{"href":"https:\/\/cimentaterra.es\/en\/wp-json\/wp\/v2\/types\/page"}],"author":[{"embeddable":true,"href":"https:\/\/cimentaterra.es\/en\/wp-json\/wp\/v2\/users\/1"}],"replies":[{"embeddable":true,"href":"https:\/\/cimentaterra.es\/en\/wp-json\/wp\/v2\/comments?post=2575"}],"version-history":[{"count":1,"href":"https:\/\/cimentaterra.es\/en\/wp-json\/wp\/v2\/pages\/2575\/revisions"}],"predecessor-version":[{"id":2576,"href":"https:\/\/cimentaterra.es\/en\/wp-json\/wp\/v2\/pages\/2575\/revisions\/2576"}],"wp:attachment":[{"href":"https:\/\/cimentaterra.es\/en\/wp-json\/wp\/v2\/media?parent=2575"}],"curies":[{"name":"wp","href":"https:\/\/api.w.org\/{rel}","templated":true}]}}