{"id":2617,"date":"2025-01-02T18:21:34","date_gmt":"2025-01-02T17:21:34","guid":{"rendered":"https:\/\/cimentaterra.es\/?page_id=2617"},"modified":"2025-01-02T18:21:35","modified_gmt":"2025-01-02T17:21:35","slug":"sistema-de-inyeccion","status":"publish","type":"page","link":"https:\/\/cimentaterra.es\/en\/sistema-de-inyeccion\/","title":{"rendered":"Injection system"},"content":{"rendered":"<style>.kb-row-layout-id2617_f2a752-ce > .kt-row-column-wrap{align-content:center;}:where(.kb-row-layout-id2617_f2a752-ce > .kt-row-column-wrap) > .wp-block-kadence-column{justify-content:center;}.kb-row-layout-id2617_f2a752-ce > .kt-row-column-wrap{column-gap:var(--global-kb-gap-md, 2rem);row-gap:var(--global-kb-gap-none, 0rem );max-width:var( --global-content-width, 1290px );padding-left:var(--global-content-edge-padding);padding-right:var(--global-content-edge-padding);padding-top:80px;padding-right:24px;padding-bottom:80px;padding-left:24px;min-height:400px;grid-template-columns:minmax(0, 1fr);}.kb-row-layout-id2617_f2a752-ce > .kt-row-layout-overlay{opacity:0.30;}.kb-row-layout-id2617_f2a752-ce{z-index:1475;position:relative;}.kb-row-layout-id2617_f2a752-ce .kt-row-layout-bottom-sep{height:100px;}.kb-row-layout-id2617_f2a752-ce .kt-row-layout-bottom-sep svg{width:100%;}.kb-row-layout-id2617_f2a752-ce .kt-row-layout-bottom-sep svg{fill:#ffffff!important;}@media all and (max-width: 1024px){.kb-row-layout-id2617_f2a752-ce > .kt-row-column-wrap{grid-template-columns:minmax(0, 1fr);}}@media all and (max-width: 1024px){.kb-row-layout-id2617_f2a752-ce .kt-row-layout-bottom-sep{height:px;}}@media all and (max-width: 1024px){.kb-row-layout-id2617_f2a752-ce .kt-row-layout-bottom-sep svg{width:%;}}@media all and (max-width: 767px){.kb-row-layout-id2617_f2a752-ce > .kt-row-column-wrap{grid-template-columns:minmax(0, 1fr);}.kb-row-layout-id2617_f2a752-ce .kt-row-layout-bottom-sep{height:px;}.kb-row-layout-id2617_f2a752-ce .kt-row-layout-bottom-sep svg{width:%;}}.kb-row-layout-id2617_f2a752-ce {z-index: 10;}<\/style><div class=\"kb-row-layout-wrap kb-row-layout-id2617_f2a752-ce alignfull has-theme-palette8-background-color kt-row-has-bg wp-block-kadence-rowlayout\"><div class=\"kt-row-column-wrap kt-has-1-columns kt-row-layout-equal kt-tab-layout-inherit kt-mobile-layout-row kt-row-valign-middle kb-theme-content-width\">\n<style>.kadence-column2617_9b3fe8-85 > .kt-inside-inner-col,.kadence-column2617_9b3fe8-85 > .kt-inside-inner-col:before{border-top-left-radius:0px;border-top-right-radius:0px;border-bottom-right-radius:0px;border-bottom-left-radius:0px;}.kadence-column2617_9b3fe8-85 > .kt-inside-inner-col{column-gap:var(--global-kb-gap-sm, 1rem);}.kadence-column2617_9b3fe8-85 > .kt-inside-inner-col{flex-direction:column;}.kadence-column2617_9b3fe8-85 > .kt-inside-inner-col > .aligncenter{width:100%;}.kadence-column2617_9b3fe8-85 > .kt-inside-inner-col:before{opacity:0.3;}.kadence-column2617_9b3fe8-85{position:relative;}@media all and (max-width: 1024px){.kadence-column2617_9b3fe8-85 > .kt-inside-inner-col{flex-direction:column;justify-content:center;}}@media all and (max-width: 767px){.kadence-column2617_9b3fe8-85 > .kt-inside-inner-col{flex-direction:column;justify-content:center;}}<\/style>\n<div class=\"wp-block-kadence-column kadence-column2617_9b3fe8-85 inner-column-1\"><div class=\"kt-inside-inner-col\"><style>.wp-block-kadence-advancedheading.kt-adv-heading2617_97b0ee-e9, .wp-block-kadence-advancedheading.kt-adv-heading2617_97b0ee-e9[data-kb-block=\"kb-adv-heading2617_97b0ee-e9\"]{margin-top:0px;margin-bottom:0px;text-align:center;font-size:var(--global-kb-font-size-md, 1.25rem);line-height:1.3;font-style:normal;text-transform:uppercase;}.wp-block-kadence-advancedheading.kt-adv-heading2617_97b0ee-e9 mark.kt-highlight, .wp-block-kadence-advancedheading.kt-adv-heading2617_97b0ee-e9[data-kb-block=\"kb-adv-heading2617_97b0ee-e9\"] mark.kt-highlight{font-style:normal;color:#f76a0c;-webkit-box-decoration-break:clone;box-decoration-break:clone;padding-top:0px;padding-right:0px;padding-bottom:0px;padding-left:0px;}@media all and (max-width: 1024px){.wp-block-kadence-advancedheading.kt-adv-heading2617_97b0ee-e9, .wp-block-kadence-advancedheading.kt-adv-heading2617_97b0ee-e9[data-kb-block=\"kb-adv-heading2617_97b0ee-e9\"]{font-size:var(--global-kb-font-size-md, 1.25rem);line-height:1.3;}}@media all and (max-width: 767px){.wp-block-kadence-advancedheading.kt-adv-heading2617_97b0ee-e9, .wp-block-kadence-advancedheading.kt-adv-heading2617_97b0ee-e9[data-kb-block=\"kb-adv-heading2617_97b0ee-e9\"]{font-size:var(--global-kb-font-size-md, 1.25rem);line-height:1.3;}}<\/style>\n<p class=\"kt-adv-heading2617_97b0ee-e9 wp-block-kadence-advancedheading has-theme-palette-1-color has-text-color\" data-kb-block=\"kb-adv-heading2617_97b0ee-e9\">Injection system<\/p>\n\n\n<style>.wp-block-kadence-advancedheading.kt-adv-heading2617_6993ac-fe, .wp-block-kadence-advancedheading.kt-adv-heading2617_6993ac-fe[data-kb-block=\"kb-adv-heading2617_6993ac-fe\"]{margin-top:var(--global-kb-spacing-xxs, 0.5rem);text-align:center;font-size:var(--global-kb-font-size-xl, 3rem);font-style:normal;}.wp-block-kadence-advancedheading.kt-adv-heading2617_6993ac-fe mark.kt-highlight, .wp-block-kadence-advancedheading.kt-adv-heading2617_6993ac-fe[data-kb-block=\"kb-adv-heading2617_6993ac-fe\"] mark.kt-highlight{font-style:normal;color:#f76a0c;-webkit-box-decoration-break:clone;box-decoration-break:clone;padding-top:0px;padding-right:0px;padding-bottom:0px;padding-left:0px;}<\/style>\n<h1 class=\"kt-adv-heading2617_6993ac-fe wp-block-kadence-advancedheading\" data-kb-block=\"kb-adv-heading2617_6993ac-fe\"><strong>Injection system: precise and effective solutions for your project<\/strong><\/h1>\n<\/div><\/div>\n\n<\/div><\/div>\n\n<style>.kb-row-layout-id2617_1a4ed3-e3 > .kt-row-column-wrap{align-content:center;}:where(.kb-row-layout-id2617_1a4ed3-e3 > .kt-row-column-wrap) > .wp-block-kadence-column{justify-content:center;}.kb-row-layout-id2617_1a4ed3-e3 > .kt-row-column-wrap{column-gap:var(--global-kb-gap-lg, 4rem);row-gap:var(--global-kb-gap-md, 2rem);max-width:var( --global-content-width, 1290px );padding-left:var(--global-content-edge-padding);padding-right:var(--global-content-edge-padding);padding-top:var(--global-kb-spacing-3xl, 6.5rem);padding-bottom:var(--global-kb-spacing-3xl, 6.5rem);grid-template-columns:repeat(2, minmax(0, 1fr));}.kb-row-layout-id2617_1a4ed3-e3 > .kt-row-layout-overlay{opacity:0.30;}@media all and (max-width: 1024px){.kb-row-layout-id2617_1a4ed3-e3 > .kt-row-column-wrap{grid-template-columns:repeat(2, minmax(0, 1fr));}}@media all and (max-width: 767px){.kb-row-layout-id2617_1a4ed3-e3 > .kt-row-column-wrap{grid-template-columns:minmax(0, 1fr);}}<\/style><div class=\"kb-row-layout-wrap kb-row-layout-id2617_1a4ed3-e3 alignnone wp-block-kadence-rowlayout\"><div class=\"kt-row-column-wrap kt-has-2-columns kt-row-layout-equal kt-tab-layout-inherit kt-mobile-layout-row kt-row-valign-middle kb-theme-content-width\">\n<style>.kadence-column2617_9f8a07-b8 > .kt-inside-inner-col,.kadence-column2617_9f8a07-b8 > .kt-inside-inner-col:before{border-top-left-radius:0px;border-top-right-radius:0px;border-bottom-right-radius:0px;border-bottom-left-radius:0px;}.kadence-column2617_9f8a07-b8 > .kt-inside-inner-col{column-gap:var(--global-kb-gap-sm, 1rem);}.kadence-column2617_9f8a07-b8 > .kt-inside-inner-col{flex-direction:column;}.kadence-column2617_9f8a07-b8 > .kt-inside-inner-col > .aligncenter{width:100%;}.kadence-column2617_9f8a07-b8 > .kt-inside-inner-col:before{opacity:0.3;}.kadence-column2617_9f8a07-b8{position:relative;}@media all and (max-width: 1024px){.kadence-column2617_9f8a07-b8 > .kt-inside-inner-col{flex-direction:column;justify-content:center;}}@media all and (max-width: 767px){.kadence-column2617_9f8a07-b8 > .kt-inside-inner-col{flex-direction:column;justify-content:center;}}<\/style>\n<div class=\"wp-block-kadence-column kadence-column2617_9f8a07-b8\"><div class=\"kt-inside-inner-col\">\n<p>In the field of construction and engineering, the <strong>injection system<\/strong> has established itself as one of the most effective techniques to ensure the stability and durability of structures. On this page, we will explore what a <strong>injection system<\/strong>, how it works and why choosing Cimentaterra to carry out this work is the best decision.<\/p>\n\n\n\n<h3 class=\"wp-block-heading\">What is an Injection System and How Does it Work?<\/h3>\n\n\n\n<p>He <strong>injection system <\/strong>It is a technique used in the construction and repair of foundations, structures and soils. It consists of introducing materials, such as cement grouts, resins or chemical mixtures, into the ground or structural elements to improve their mechanical properties, make them waterproof or fill gaps.<\/p>\n\n\n\n<h4 class=\"wp-block-heading\">Injection System Applications<\/h4>\n\n\n\n<ul class=\"wp-block-list\">\n<li><strong>Foundation repair<\/strong>: Reinforces weakened foundations.<\/li>\n\n\n\n<li><strong>Soil stabilization<\/strong>: Improves the load-bearing capacity of problematic soils.<\/li>\n\n\n\n<li><strong>Waterproofing<\/strong>: Seals cracks and joints in underground structures.<\/li>\n\n\n\n<li><strong>Cavity filling<\/strong>: Fills voids in the ground to prevent settlements.<\/li>\n<\/ul>\n\n\n\n<p>He <strong>injection system<\/strong> It is characterized by its versatility and efficiency, making it an indispensable solution for a wide variety of projects.<\/p>\n<\/div><\/div>\n\n\n<style>.kadence-column2617_01fed5-91 > .kt-inside-inner-col,.kadence-column2617_01fed5-91 > .kt-inside-inner-col:before{border-top-left-radius:0px;border-top-right-radius:0px;border-bottom-right-radius:0px;border-bottom-left-radius:0px;}.kadence-column2617_01fed5-91 > .kt-inside-inner-col{column-gap:var(--global-kb-gap-sm, 1rem);}.kadence-column2617_01fed5-91 > .kt-inside-inner-col{flex-direction:column;}.kadence-column2617_01fed5-91 > .kt-inside-inner-col > .aligncenter{width:100%;}.kadence-column2617_01fed5-91 > .kt-inside-inner-col:before{opacity:0.3;}.kadence-column2617_01fed5-91{position:relative;}@media all and (max-width: 1024px){.kadence-column2617_01fed5-91 > .kt-inside-inner-col{flex-direction:column;justify-content:center;}}@media all and (max-width: 767px){.kadence-column2617_01fed5-91 > .kt-inside-inner-col{flex-direction:column;justify-content:center;}}<\/style>\n<div class=\"wp-block-kadence-column kadence-column2617_01fed5-91\"><div class=\"kt-inside-inner-col\"><style>.kb-image2617_be6fcc-a7 .kb-image-has-overlay:after{opacity:0.3;}.kb-image2617_be6fcc-a7 img.kb-img, .kb-image2617_be6fcc-a7 .kb-img img{object-position:37% 55.00000000000001%;}<\/style>\n<figure class=\"wp-block-kadence-image kb-image2617_be6fcc-a7 kb-image-is-ratio-size\" data-aos=\"fade-left\"><div class=\"kb-is-ratio-image kb-image-ratio-land43\"><img loading=\"lazy\" decoding=\"async\" width=\"1920\" height=\"1080\" src=\"https:\/\/cimentaterra.es\/wp-content\/uploads\/2025\/01\/1.jpg\" class=\"kb-img wp-image-2618\" srcset=\"https:\/\/cimentaterra.es\/wp-content\/uploads\/2025\/01\/1.jpg 1920w, https:\/\/cimentaterra.es\/wp-content\/uploads\/2025\/01\/1-300x169.jpg 300w, https:\/\/cimentaterra.es\/wp-content\/uploads\/2025\/01\/1-1024x576.jpg 1024w, https:\/\/cimentaterra.es\/wp-content\/uploads\/2025\/01\/1-768x432.jpg 768w, https:\/\/cimentaterra.es\/wp-content\/uploads\/2025\/01\/1-1536x864.jpg 1536w, https:\/\/cimentaterra.es\/wp-content\/uploads\/2025\/01\/1-18x10.jpg 18w\" sizes=\"auto, (max-width: 1920px) 100vw, 1920px\" \/><\/div><\/figure>\n<\/div><\/div>\n\n<\/div><\/div>\n\n<style>.kb-row-layout-id2617_7172e1-7b > .kt-row-column-wrap{align-content:center;}:where(.kb-row-layout-id2617_7172e1-7b > .kt-row-column-wrap) > .wp-block-kadence-column{justify-content:center;}.kb-row-layout-id2617_7172e1-7b > .kt-row-column-wrap{column-gap:var(--global-kb-gap-lg, 4rem);row-gap:var(--global-kb-gap-md, 2rem);max-width:var( --global-content-width, 1290px );padding-left:var(--global-content-edge-padding);padding-right:var(--global-content-edge-padding);padding-top:var(--global-kb-spacing-3xl, 6.5rem);padding-bottom:var(--global-kb-spacing-3xl, 6.5rem);grid-template-columns:repeat(2, minmax(0, 1fr));}.kb-row-layout-id2617_7172e1-7b > .kt-row-layout-overlay{opacity:0.30;}@media all and (max-width: 1024px){.kb-row-layout-id2617_7172e1-7b > .kt-row-column-wrap{grid-template-columns:repeat(2, minmax(0, 1fr));}}@media all and (max-width: 767px){.kb-row-layout-id2617_7172e1-7b > .kt-row-column-wrap{grid-template-columns:minmax(0, 1fr);}}<\/style><div class=\"kb-row-layout-wrap kb-row-layout-id2617_7172e1-7b alignnone has-theme-palette8-background-color kt-row-has-bg wp-block-kadence-rowlayout\"><div class=\"kt-row-column-wrap kt-has-2-columns kt-row-layout-equal kt-tab-layout-inherit kt-mobile-layout-row kt-row-valign-middle kb-theme-content-width\">\n<style>.kadence-column2617_c4dee8-34 > .kt-inside-inner-col,.kadence-column2617_c4dee8-34 > .kt-inside-inner-col:before{border-top-left-radius:0px;border-top-right-radius:0px;border-bottom-right-radius:0px;border-bottom-left-radius:0px;}.kadence-column2617_c4dee8-34 > .kt-inside-inner-col{column-gap:var(--global-kb-gap-sm, 1rem);}.kadence-column2617_c4dee8-34 > .kt-inside-inner-col{flex-direction:column;}.kadence-column2617_c4dee8-34 > .kt-inside-inner-col > .aligncenter{width:100%;}.kadence-column2617_c4dee8-34 > .kt-inside-inner-col:before{opacity:0.3;}.kadence-column2617_c4dee8-34{position:relative;}@media all and (max-width: 1024px){.kadence-column2617_c4dee8-34 > .kt-inside-inner-col{flex-direction:column;justify-content:center;}}@media all and (max-width: 767px){.kadence-column2617_c4dee8-34 > .kt-inside-inner-col{flex-direction:column;justify-content:center;}}<\/style>\n<div class=\"wp-block-kadence-column kadence-column2617_c4dee8-34\"><div class=\"kt-inside-inner-col\"><style>.kb-image2617_a66d2f-6f .kb-image-has-overlay:after{opacity:0.3;}<\/style>\n<figure class=\"wp-block-kadence-image kb-image2617_a66d2f-6f size-large kb-image-is-ratio-size\" data-aos=\"fade-right\"><div class=\"kb-is-ratio-image kb-image-ratio-land43\"><img loading=\"lazy\" decoding=\"async\" width=\"1024\" height=\"473\" src=\"https:\/\/cimentaterra.es\/wp-content\/uploads\/2024\/05\/bulones-6-1024x473.jpg\" alt=\"\" class=\"kb-img wp-image-2356\" srcset=\"https:\/\/cimentaterra.es\/wp-content\/uploads\/2024\/05\/bulones-6-1024x473.jpg 1024w, https:\/\/cimentaterra.es\/wp-content\/uploads\/2024\/05\/bulones-6-300x139.jpg 300w, https:\/\/cimentaterra.es\/wp-content\/uploads\/2024\/05\/bulones-6-768x355.jpg 768w, https:\/\/cimentaterra.es\/wp-content\/uploads\/2024\/05\/bulones-6-1536x710.jpg 1536w, https:\/\/cimentaterra.es\/wp-content\/uploads\/2024\/05\/bulones-6.jpg 2000w\" sizes=\"auto, (max-width: 1024px) 100vw, 1024px\" \/><\/div><\/figure>\n<\/div><\/div>\n\n\n<style>.kadence-column2617_3c5267-e7 > .kt-inside-inner-col,.kadence-column2617_3c5267-e7 > .kt-inside-inner-col:before{border-top-left-radius:0px;border-top-right-radius:0px;border-bottom-right-radius:0px;border-bottom-left-radius:0px;}.kadence-column2617_3c5267-e7 > .kt-inside-inner-col{column-gap:var(--global-kb-gap-sm, 1rem);}.kadence-column2617_3c5267-e7 > .kt-inside-inner-col{flex-direction:column;}.kadence-column2617_3c5267-e7 > .kt-inside-inner-col > .aligncenter{width:100%;}.kadence-column2617_3c5267-e7 > .kt-inside-inner-col:before{opacity:0.3;}.kadence-column2617_3c5267-e7{position:relative;}@media all and (max-width: 1024px){.kadence-column2617_3c5267-e7 > .kt-inside-inner-col{flex-direction:column;justify-content:center;}}@media all and (max-width: 767px){.kadence-column2617_3c5267-e7 > .kt-inside-inner-col{flex-direction:column;justify-content:center;}}<\/style>\n<div class=\"wp-block-kadence-column kadence-column2617_3c5267-e7\"><div class=\"kt-inside-inner-col\">\n<h3 class=\"wp-block-heading\">Benefits of a Well-Executed Injection System<\/h3>\n\n\n\n<p>A <strong>injection system<\/strong> Correctly implemented, it provides multiple benefits that guarantee the safety and quality of the works:<\/p>\n\n\n\n<h4 class=\"wp-block-heading\">TO. <strong>Increased Stability<\/strong><\/h4>\n\n\n\n<p>Injection reinforces the affected ground or structures, significantly improving their ability to bear loads.<\/p>\n\n\n\n<h4 class=\"wp-block-heading\">B. <strong>Leak Reduction<\/strong><\/h4>\n\n\n\n<p>This system seals cracks and fissures, preventing water leaks in foundations or tunnels.<\/p>\n\n\n\n<h4 class=\"wp-block-heading\">C. <strong>Versatility in Different Projects<\/strong><\/h4>\n\n\n\n<p>It is adaptable to all types of terrain and conditions, from soft soils to complex cracks in structures.<\/p>\n\n\n\n<h4 class=\"wp-block-heading\">D. <strong>Durability and Efficiency<\/strong><\/h4>\n\n\n\n<p>The materials used in the <strong>injection system<\/strong> They are durable and long-lasting, ensuring an effective and permanent solution.<\/p>\n<\/div><\/div>\n\n<\/div><\/div>\n\n<style>.kb-row-layout-id2617_3d60c3-ef > .kt-row-column-wrap{align-content:center;}:where(.kb-row-layout-id2617_3d60c3-ef > .kt-row-column-wrap) > .wp-block-kadence-column{justify-content:center;}.kb-row-layout-id2617_3d60c3-ef > .kt-row-column-wrap{column-gap:var(--global-kb-gap-lg, 4rem);row-gap:var(--global-kb-gap-md, 2rem);max-width:var( --global-content-width, 1290px );padding-left:var(--global-content-edge-padding);padding-right:var(--global-content-edge-padding);padding-top:0px;padding-bottom:var(--global-kb-spacing-3xl, 6.5rem);grid-template-columns:repeat(2, minmax(0, 1fr));}.kb-row-layout-id2617_3d60c3-ef > .kt-row-layout-overlay{opacity:0.30;}@media all and (max-width: 1024px){.kb-row-layout-id2617_3d60c3-ef > .kt-row-column-wrap{grid-template-columns:repeat(2, minmax(0, 1fr));}}@media all and (max-width: 767px){.kb-row-layout-id2617_3d60c3-ef > .kt-row-column-wrap{grid-template-columns:minmax(0, 1fr);}}<\/style><div class=\"kb-row-layout-wrap kb-row-layout-id2617_3d60c3-ef alignnone has-theme-palette8-background-color kt-row-has-bg wp-block-kadence-rowlayout\"><div class=\"kt-row-column-wrap kt-has-2-columns kt-row-layout-equal kt-tab-layout-inherit kt-mobile-layout-row kt-row-valign-middle kb-theme-content-width\">\n<style>.kadence-column2617_bf3598-0a > .kt-inside-inner-col,.kadence-column2617_bf3598-0a > .kt-inside-inner-col:before{border-top-left-radius:0px;border-top-right-radius:0px;border-bottom-right-radius:0px;border-bottom-left-radius:0px;}.kadence-column2617_bf3598-0a > .kt-inside-inner-col{column-gap:var(--global-kb-gap-sm, 1rem);}.kadence-column2617_bf3598-0a > .kt-inside-inner-col{flex-direction:column;}.kadence-column2617_bf3598-0a > .kt-inside-inner-col > .aligncenter{width:100%;}.kadence-column2617_bf3598-0a > .kt-inside-inner-col:before{opacity:0.3;}.kadence-column2617_bf3598-0a{position:relative;}@media all and (max-width: 1024px){.kadence-column2617_bf3598-0a > .kt-inside-inner-col{flex-direction:column;justify-content:center;}}@media all and (max-width: 767px){.kadence-column2617_bf3598-0a > .kt-inside-inner-col{flex-direction:column;justify-content:center;}}<\/style>\n<div class=\"wp-block-kadence-column kadence-column2617_bf3598-0a\"><div class=\"kt-inside-inner-col\">\n<h3 class=\"wp-block-heading\">Why Choose Cimentaterra for the Installation of the Injection System<\/h3>\n\n\n\n<p>Cimentaterra is a leader in the implementation of injection systems, thanks to our experience, technology and focus on quality. <\/p>\n\n\n\n<p>He <strong>injection system<\/strong> It is an essential technique to ensure the stability, durability and safety of structures and land. Choosing Cimentaterra to carry out this work means having the experience, technology and commitment necessary to obtain exceptional results.<\/p>\n\n\n\n<p>Don&#039;t leave the stability of your project to chance. Trust Cimentaterra for a professional and effective implementation of your project. <strong>injection system<\/strong>Contact us today and find out how we can help you build a safer future.<\/p>\n<\/div><\/div>\n\n\n<style>.kadence-column2617_73d2c8-2c > .kt-inside-inner-col,.kadence-column2617_73d2c8-2c > .kt-inside-inner-col:before{border-top-left-radius:0px;border-top-right-radius:0px;border-bottom-right-radius:0px;border-bottom-left-radius:0px;}.kadence-column2617_73d2c8-2c > .kt-inside-inner-col{column-gap:var(--global-kb-gap-sm, 1rem);}.kadence-column2617_73d2c8-2c > .kt-inside-inner-col{flex-direction:column;}.kadence-column2617_73d2c8-2c > .kt-inside-inner-col > .aligncenter{width:100%;}.kadence-column2617_73d2c8-2c > .kt-inside-inner-col:before{opacity:0.3;}.kadence-column2617_73d2c8-2c{position:relative;}@media all and (max-width: 1024px){.kadence-column2617_73d2c8-2c > .kt-inside-inner-col{flex-direction:column;justify-content:center;}}@media all and (max-width: 767px){.kadence-column2617_73d2c8-2c > .kt-inside-inner-col{flex-direction:column;justify-content:center;}}<\/style>\n<div class=\"wp-block-kadence-column kadence-column2617_73d2c8-2c\"><div class=\"kt-inside-inner-col\"><style>.kb-image2617_7eb314-b4 .kb-image-has-overlay:after{opacity:0.3;}.kb-image2617_7eb314-b4 img.kb-img, .kb-image2617_7eb314-b4 .kb-img img{object-position:39% 60%;}<\/style>\n<figure class=\"wp-block-kadence-image kb-image2617_7eb314-b4 kb-image-is-ratio-size\" data-aos=\"fade-right\"><div class=\"kb-is-ratio-image kb-image-ratio-land43\"><img loading=\"lazy\" decoding=\"async\" width=\"1920\" height=\"1080\" src=\"https:\/\/cimentaterra.es\/wp-content\/uploads\/2025\/01\/2-1.jpg\" class=\"kb-img wp-image-2619\" srcset=\"https:\/\/cimentaterra.es\/wp-content\/uploads\/2025\/01\/2-1.jpg 1920w, https:\/\/cimentaterra.es\/wp-content\/uploads\/2025\/01\/2-1-300x169.jpg 300w, https:\/\/cimentaterra.es\/wp-content\/uploads\/2025\/01\/2-1-1024x576.jpg 1024w, https:\/\/cimentaterra.es\/wp-content\/uploads\/2025\/01\/2-1-768x432.jpg 768w, https:\/\/cimentaterra.es\/wp-content\/uploads\/2025\/01\/2-1-1536x864.jpg 1536w, https:\/\/cimentaterra.es\/wp-content\/uploads\/2025\/01\/2-1-18x10.jpg 18w\" sizes=\"auto, (max-width: 1920px) 100vw, 1920px\" \/><\/div><\/figure>\n<\/div><\/div>\n\n<\/div><\/div>\n\n<style>.kb-row-layout-id2617_c763a8-53 > .kt-row-column-wrap{align-content:start;}:where(.kb-row-layout-id2617_c763a8-53 > .kt-row-column-wrap) > .wp-block-kadence-column{justify-content:start;}.kb-row-layout-id2617_c763a8-53 > .kt-row-column-wrap{column-gap:var(--global-kb-gap-lg, 4rem);row-gap:var(--global-kb-gap-md, 2rem);max-width:var( --global-content-width, 1290px );padding-left:var(--global-content-edge-padding);padding-right:var(--global-content-edge-padding);padding-top:var(--global-kb-spacing-3xl, 6.5rem);padding-bottom:var(--global-kb-spacing-3xl, 6.5rem);grid-template-columns:minmax(0, calc(40% - ((var(--global-kb-gap-lg, 4rem) * 1 )\/2)))minmax(0, calc(60% - ((var(--global-kb-gap-lg, 4rem) * 1 )\/2)));}.kb-row-layout-id2617_c763a8-53 > .kt-row-layout-overlay{opacity:0.30;}@media all and (max-width: 1024px){.kb-row-layout-id2617_c763a8-53 > .kt-row-column-wrap{grid-template-columns:repeat(2, minmax(0, 1fr));}}@media all and (max-width: 767px){.kb-row-layout-id2617_c763a8-53 > .kt-row-column-wrap{grid-template-columns:minmax(0, 1fr);}}<\/style><div class=\"kb-row-layout-wrap kb-row-layout-id2617_c763a8-53 alignnone wp-block-kadence-rowlayout\"><div class=\"kt-row-column-wrap kt-has-2-columns kt-row-layout-equal kt-tab-layout-inherit kt-mobile-layout-row kt-row-valign-top kb-theme-content-width\">\n<style>.kadence-column2617_c014b8-07 > .kt-inside-inner-col,.kadence-column2617_c014b8-07 > .kt-inside-inner-col:before{border-top-left-radius:0px;border-top-right-radius:0px;border-bottom-right-radius:0px;border-bottom-left-radius:0px;}.kadence-column2617_c014b8-07 > .kt-inside-inner-col{column-gap:var(--global-kb-gap-sm, 1rem);}.kadence-column2617_c014b8-07 > .kt-inside-inner-col{flex-direction:column;}.kadence-column2617_c014b8-07 > .kt-inside-inner-col > .aligncenter{width:100%;}.kadence-column2617_c014b8-07 > .kt-inside-inner-col:before{opacity:0.3;}.kadence-column2617_c014b8-07{position:relative;}@media all and (max-width: 1024px){.kadence-column2617_c014b8-07 > .kt-inside-inner-col{flex-direction:column;justify-content:center;}}@media all and (max-width: 767px){.kadence-column2617_c014b8-07 > .kt-inside-inner-col{flex-direction:column;justify-content:center;}}<\/style>\n<div class=\"wp-block-kadence-column kadence-column2617_c014b8-07\"><div class=\"kt-inside-inner-col\"><\/div><\/div>\n\n\n<style>.kadence-column2617_9bff21-15 > .kt-inside-inner-col,.kadence-column2617_9bff21-15 > .kt-inside-inner-col:before{border-top-left-radius:0px;border-top-right-radius:0px;border-bottom-right-radius:0px;border-bottom-left-radius:0px;}.kadence-column2617_9bff21-15 > .kt-inside-inner-col{column-gap:var(--global-kb-gap-sm, 1rem);}.kadence-column2617_9bff21-15 > .kt-inside-inner-col{flex-direction:column;}.kadence-column2617_9bff21-15 > .kt-inside-inner-col > .aligncenter{width:100%;}.kadence-column2617_9bff21-15 > .kt-inside-inner-col:before{opacity:0.3;}.kadence-column2617_9bff21-15{position:relative;}@media all and (max-width: 1024px){.kadence-column2617_9bff21-15 > .kt-inside-inner-col{flex-direction:column;justify-content:center;}}@media all and (max-width: 767px){.kadence-column2617_9bff21-15 > .kt-inside-inner-col{flex-direction:column;justify-content:center;}}<\/style>\n<div class=\"wp-block-kadence-column kadence-column2617_9bff21-15\"><div class=\"kt-inside-inner-col\"><\/div><\/div>\n\n<\/div><\/div>","protected":false},"excerpt":{"rendered":"<p>Sistema de inyecci\u00f3n Sistema de inyecci\u00f3n: soluciones precisas y eficaces para tu proyecto En el campo de la construcci\u00f3n y la ingenier\u00eda, el sistema de inyecci\u00f3n se ha consolidado como una de las t\u00e9cnicas m\u00e1s eficaces para garantizar la estabilidad y la durabilidad de las estructuras. En esta p\u00e1gina, exploraremos qu\u00e9 es un sistema de&#8230;<\/p>","protected":false},"author":1,"featured_media":0,"parent":0,"menu_order":27,"comment_status":"closed","ping_status":"closed","template":"","meta":{"_kad_blocks_custom_css":"","_kad_blocks_head_custom_js":"","_kad_blocks_body_custom_js":"","_kad_blocks_footer_custom_js":"","_kadence_starter_templates_imported_post":false,"_kad_post_transparent":"","_kad_post_title":"hide","_kad_post_layout":"fullwidth","_kad_post_sidebar_id":"","_kad_post_content_style":"unboxed","_kad_post_vertical_padding":"","_kad_post_feature":"","_kad_post_feature_position":"","_kad_post_header":false,"_kad_post_footer":false,"footnotes":""},"class_list":["post-2617","page","type-page","status-publish","hentry"],"taxonomy_info":[],"featured_image_src_large":false,"author_info":{"display_name":"eloi","author_link":"https:\/\/cimentaterra.es\/en\/author\/eloi\/"},"comment_info":0,"_links":{"self":[{"href":"https:\/\/cimentaterra.es\/en\/wp-json\/wp\/v2\/pages\/2617","targetHints":{"allow":["GET"]}}],"collection":[{"href":"https:\/\/cimentaterra.es\/en\/wp-json\/wp\/v2\/pages"}],"about":[{"href":"https:\/\/cimentaterra.es\/en\/wp-json\/wp\/v2\/types\/page"}],"author":[{"embeddable":true,"href":"https:\/\/cimentaterra.es\/en\/wp-json\/wp\/v2\/users\/1"}],"replies":[{"embeddable":true,"href":"https:\/\/cimentaterra.es\/en\/wp-json\/wp\/v2\/comments?post=2617"}],"version-history":[{"count":1,"href":"https:\/\/cimentaterra.es\/en\/wp-json\/wp\/v2\/pages\/2617\/revisions"}],"predecessor-version":[{"id":2620,"href":"https:\/\/cimentaterra.es\/en\/wp-json\/wp\/v2\/pages\/2617\/revisions\/2620"}],"wp:attachment":[{"href":"https:\/\/cimentaterra.es\/en\/wp-json\/wp\/v2\/media?parent=2617"}],"curies":[{"name":"wp","href":"https:\/\/api.w.org\/{rel}","templated":true}]}}